{"id":74974,"date":"2024-08-12T13:14:25","date_gmt":"2024-08-12T12:14:25","guid":{"rendered":"https:\/\/www.customeeple.com\/product\/viaje-a-lo-desconocido-juego-de-escape-de-enigmas-y-rompecabezas-spa\/"},"modified":"2025-11-29T21:00:10","modified_gmt":"2025-11-29T20:00:10","slug":"viaje-a-lo-desconocido-juego-de-escape-de-enigmas-y-rompecabezas-spa","status":"publish","type":"product","link":"https:\/\/www.customeeple.com\/es\/producto\/viaje-a-lo-desconocido-juego-de-escape-de-enigmas-y-rompecabezas-spa\/","title":{"rendered":"Viaje a lo desconocido (Juego de \u00abEscape\u00bb de enigmas y rompecabezas) (SPA)"},"content":{"rendered":"<p>\u00bb Ad\u00e9ntrate en este viaje lleno de rompecabezas! Todav\u00eda no te puedes creer que hayas conseguido una plaza en el hist\u00f3rico velero Enigma. Cuando te despiertas despu\u00e9s de tu primera noche, te sorprende descubrir que est\u00e1s solo en el barco y que todas las puertas est\u00e1n cerradas. \u00bfPuedes resolver todos los rompecabezas y descubrir el secreto que esconde el velero? \u00ab<\/p>\n","protected":false},"excerpt":{"rendered":"<p>\u00bb Ad\u00e9ntrate en este viaje lleno de rompecabezas! Todav\u00eda no te puedes creer que hayas conseguido una plaza en el hist\u00f3rico velero Enigma. Cuando te despiertas despu\u00e9s de tu primera noche, te sorprende descubrir que est\u00e1s solo en el barco y que todas las puertas est\u00e1n cerradas. \u00bfPuedes resolver todos los rompecabezas y descubrir el [&hellip;]<\/p>\n","protected":false},"featured_media":75053,"template":"","meta":{"_acf_changed":false},"product_brand":[],"product_cat":[1096,2001,1527,1168,1998],"product_tag":[],"class_list":{"0":"post-74974","1":"product","2":"type-product","3":"status-publish","4":"has-post-thumbnail","6":"product_cat-bg","7":"product_cat-cooperative","8":"product_cat-familiar","9":"product_cat-retail-products","10":"product_cat-solo-games","12":"first","13":"instock","14":"sale","15":"taxable","16":"shipping-taxable","17":"purchasable","18":"product-type-simple"},"exclude_global_add_ons":[],"addons":[],"acf":[],"_links":{"self":[{"href":"https:\/\/www.customeeple.com\/es\/wp-json\/wp\/v2\/product\/74974","targetHints":{"allow":["GET"]}}],"collection":[{"href":"https:\/\/www.customeeple.com\/es\/wp-json\/wp\/v2\/product"}],"about":[{"href":"https:\/\/www.customeeple.com\/es\/wp-json\/wp\/v2\/types\/product"}],"wp:featuredmedia":[{"embeddable":true,"href":"https:\/\/www.customeeple.com\/es\/wp-json\/wp\/v2\/media\/75053"}],"wp:attachment":[{"href":"https:\/\/www.customeeple.com\/es\/wp-json\/wp\/v2\/media?parent=74974"}],"wp:term":[{"taxonomy":"product_brand","embeddable":true,"href":"https:\/\/www.customeeple.com\/es\/wp-json\/wp\/v2\/product_brand?post=74974"},{"taxonomy":"product_cat","embeddable":true,"href":"https:\/\/www.customeeple.com\/es\/wp-json\/wp\/v2\/product_cat?post=74974"},{"taxonomy":"product_tag","embeddable":true,"href":"https:\/\/www.customeeple.com\/es\/wp-json\/wp\/v2\/product_tag?post=74974"}],"curies":[{"name":"wp","href":"https:\/\/api.w.org\/{rel}","templated":true}]}}