{"id":74971,"date":"2024-08-12T13:14:02","date_gmt":"2024-08-12T12:14:02","guid":{"rendered":"https:\/\/www.customeeple.com\/product\/black-stories-edicion-misterio-spa\/"},"modified":"2024-09-18T17:14:28","modified_gmt":"2024-09-18T16:14:28","slug":"black-stories-edicion-misterio-spa","status":"publish","type":"product","link":"https:\/\/www.customeeple.com\/es\/producto\/black-stories-edicion-misterio-spa\/","title":{"rendered":"Black Stories Edici\u00f3n Misterio (SPA)"},"content":{"rendered":"<p>\u00abLeyendas oscuras y morbosas. Sobrenaturales y l\u00fagubres. Garantizamos que todas ellas helaran la sangre de los jugadores&#8230; \u00bfDe qu\u00e9 se trata? Son las historias negras volviendo a la carga. No es el momento de parecer pusil\u00e1nimes. Esta vez tratan de extraterrestres y alien\u00edgenas, Dr\u00e1cula, dragones, gnomos y esp\u00edritus errantes. Elfos y unicornios. Magia y brujer\u00eda. Fen\u00f3mos paranormales y extra\u00f1os sucesos del mas all\u00e1. Resuelve los Misterios paso a paso haciendo las preguntas adecuadas al Guardi\u00e1n, solo o en compa\u00f1\u00eda de tus amigos. Los escalofr\u00edos est\u00e1n asegurados con la Edici\u00f3n Misterio. \u00ab<\/p>\n","protected":false},"excerpt":{"rendered":"<p>\u00abLeyendas oscuras y morbosas. Sobrenaturales y l\u00fagubres. Garantizamos que todas ellas helaran la sangre de los jugadores&#8230; \u00bfDe qu\u00e9 se trata? Son las historias negras volviendo a la carga. No es el momento de parecer pusil\u00e1nimes. Esta vez tratan de extraterrestres y alien\u00edgenas, Dr\u00e1cula, dragones, gnomos y esp\u00edritus errantes. Elfos y unicornios. Magia y brujer\u00eda. [&hellip;]<\/p>\n","protected":false},"featured_media":75047,"template":"","meta":{"_acf_changed":false},"product_brand":[],"product_cat":[1096,1528,1168],"product_tag":[],"class_list":{"0":"post-74971","1":"product","2":"type-product","3":"status-publish","4":"has-post-thumbnail","6":"product_cat-bg","7":"product_cat-card-game","8":"product_cat-retail-products","10":"first","11":"outofstock","12":"sale","13":"taxable","14":"shipping-taxable","15":"purchasable","16":"product-type-simple"},"exclude_global_add_ons":[],"addons":[],"acf":[],"_links":{"self":[{"href":"https:\/\/www.customeeple.com\/es\/wp-json\/wp\/v2\/product\/74971","targetHints":{"allow":["GET"]}}],"collection":[{"href":"https:\/\/www.customeeple.com\/es\/wp-json\/wp\/v2\/product"}],"about":[{"href":"https:\/\/www.customeeple.com\/es\/wp-json\/wp\/v2\/types\/product"}],"wp:featuredmedia":[{"embeddable":true,"href":"https:\/\/www.customeeple.com\/es\/wp-json\/wp\/v2\/media\/75047"}],"wp:attachment":[{"href":"https:\/\/www.customeeple.com\/es\/wp-json\/wp\/v2\/media?parent=74971"}],"wp:term":[{"taxonomy":"product_brand","embeddable":true,"href":"https:\/\/www.customeeple.com\/es\/wp-json\/wp\/v2\/product_brand?post=74971"},{"taxonomy":"product_cat","embeddable":true,"href":"https:\/\/www.customeeple.com\/es\/wp-json\/wp\/v2\/product_cat?post=74971"},{"taxonomy":"product_tag","embeddable":true,"href":"https:\/\/www.customeeple.com\/es\/wp-json\/wp\/v2\/product_tag?post=74971"}],"curies":[{"name":"wp","href":"https:\/\/api.w.org\/{rel}","templated":true}]}}