{"id":74957,"date":"2024-08-09T19:50:57","date_gmt":"2024-08-09T18:50:57","guid":{"rendered":"https:\/\/www.customeeple.com\/product\/los-fuzzies-spa\/"},"modified":"2024-08-23T19:30:29","modified_gmt":"2024-08-23T18:30:29","slug":"los-fuzzies-spa","status":"publish","type":"product","link":"https:\/\/www.customeeple.com\/es\/producto\/los-fuzzies-spa\/","title":{"rendered":"Los Fuzzies (SPA)"},"content":{"rendered":"<p><strong>Un juego de habilidad que desaf\u00eda la gravedad<\/strong><em><\/p>\n<p><\/em>Los Fuzzies es un juego que consiste en crear torres imposibles que desaf\u00edan la gravedad a partir de bolitas peludas&#8230;<\/p>\n<p>El concepto es sencillo:<\/p>\n<p>Retira una Pelusa y col\u00f3cala *en cualquier lugar* que est\u00e9 m\u00e1s arriba de la torre, sin que se te caiga&#8230; y sin tirar otras Pelusas. \u00a1Y sobre todo no derribes la torre! Si derribas la torre, pierdes.<\/p>\n<p><img decoding=\"async\" class=\"fr-fic fr-dib\" src=\"https:\/\/b2b.asmodee.es\/content\/files\/images\/Inicio\/Los%20Fuzzies_explicaci%C3%B3n.png\" data-src=\"\/content\/files\/images\/Inicio\/Los%20Fuzzies_explicaci%C3%B3n.png\" \/><\/p>\n","protected":false},"excerpt":{"rendered":"<p>Un juego de habilidad que desaf\u00eda la gravedad Los Fuzzies es un juego que consiste en crear torres imposibles que desaf\u00edan la gravedad a partir de bolitas peludas&#8230; El concepto es sencillo: Retira una Pelusa y col\u00f3cala *en cualquier lugar* que est\u00e9 m\u00e1s arriba de la torre, sin que se te caiga&#8230; y sin tirar [&hellip;]<\/p>\n","protected":false},"featured_media":75042,"template":"","meta":{"_acf_changed":false},"product_brand":[],"product_cat":[2146,1096,1527,1168],"product_tag":[],"class_list":{"0":"post-74957","1":"product","2":"type-product","3":"status-publish","4":"has-post-thumbnail","6":"product_cat-asmodee","7":"product_cat-bg","8":"product_cat-familiar","9":"product_cat-retail-products","11":"first","12":"onbackorder","13":"sale","14":"taxable","15":"shipping-taxable","16":"purchasable","17":"product-type-simple"},"exclude_global_add_ons":[],"addons":[],"acf":[],"_links":{"self":[{"href":"https:\/\/www.customeeple.com\/es\/wp-json\/wp\/v2\/product\/74957","targetHints":{"allow":["GET"]}}],"collection":[{"href":"https:\/\/www.customeeple.com\/es\/wp-json\/wp\/v2\/product"}],"about":[{"href":"https:\/\/www.customeeple.com\/es\/wp-json\/wp\/v2\/types\/product"}],"wp:featuredmedia":[{"embeddable":true,"href":"https:\/\/www.customeeple.com\/es\/wp-json\/wp\/v2\/media\/75042"}],"wp:attachment":[{"href":"https:\/\/www.customeeple.com\/es\/wp-json\/wp\/v2\/media?parent=74957"}],"wp:term":[{"taxonomy":"product_brand","embeddable":true,"href":"https:\/\/www.customeeple.com\/es\/wp-json\/wp\/v2\/product_brand?post=74957"},{"taxonomy":"product_cat","embeddable":true,"href":"https:\/\/www.customeeple.com\/es\/wp-json\/wp\/v2\/product_cat?post=74957"},{"taxonomy":"product_tag","embeddable":true,"href":"https:\/\/www.customeeple.com\/es\/wp-json\/wp\/v2\/product_tag?post=74957"}],"curies":[{"name":"wp","href":"https:\/\/api.w.org\/{rel}","templated":true}]}}