{"id":7485,"date":"2019-09-09T08:34:44","date_gmt":"2014-02-01T07:34:44","guid":{"rendered":"http:\/\/www.customeeple.com\/product\/silueta-de-camuflaje-individual-tohaa-1-unidad\/"},"modified":"2020-01-09T10:59:01","modified_gmt":"2020-01-09T09:59:01","slug":"silueta-de-camuflaje-individual-tohaa-1-unidad","status":"publish","type":"product","link":"https:\/\/www.customeeple.com\/es\/producto\/silueta-de-camuflaje-individual-tohaa-1-unidad\/","title":{"rendered":"Silueta de camuflaje individual Tohaa (1 ud)"},"content":{"rendered":"<p>Nuestra silueta de camuflaje oficial para <strong> <a href=\"http:\/\/www.infinitythegame.com\/infinity\/en\">Infinity <\/a><\/strong>est\u00e1 pensada para ser empleada con las miniaturas de <a href=\"http:\/\/www.infinitythegame.com\/infinity\/en\"><strong>Infinity the game<\/strong><\/a>que pueden ocultarse dejando solo una lectura de radar. Todas nuestras fichas est\u00e1n dise\u00f1adas en colaboraci\u00f3n con <strong><a href=\"http:\/\/www.corvusbelli.com\/\">Corvus Belli<\/a><\/strong> para ser totalmente compatibles con <strong><a href=\"http:\/\/infinitythegame.com\/\" target=\"_blank\" rel=\"noopener noreferrer\">Infinity the game<\/a>.<\/strong> Una silueta dise\u00f1ada para representar una miniatura oculta de la facci\u00f3n <a href=\"http:\/\/www.infinitythegame.com\/infinity\/en\/category\/tohaa\/\"><strong>Tohaa<\/strong><\/a><a href=\"http:\/\/www.infinitythegame.com\/infinity\/en\/category\/yujing\/\" target=\"_blank\" rel=\"noopener noreferrer\"><strong>,\u00a0<\/strong><\/a> Esta dise\u00f1ada para parecerse a la silueta de una miniatura <strong><a href=\"http:\/\/www.infinitythegame.com\/infinity\/en\/2013\/miniatures\/gao-rael-unit-2\/\">Clipsos infiltrador<\/a><\/strong>\u00a0o\u00a0<strong><a href=\"http:\/\/www.infinitythegame.com\/infinity\/en\/2012\/miniatures\/gao-rael-unit\/\">Clipsos francotirador<\/a>\u00a0<\/strong><strong><span style=\"text-decoration: underline;\">\u00a0<\/span><\/strong>Es adem\u00e1s de su misma altura para que no tengas que cambiar el marcador y ver si la silueta tiene o no cobertura.<\/p>\n<p>Este producto viene con una base de metacrilato para usar con la siluetas (las piezas vienen sin montar).<\/p>\n<div class=\"moreinfo\"><strong>Material:<\/strong> Metacrilato naranja fluorescente.<br \/>\n<strong>Espesor:<\/strong> 3 mm<br \/>\n<strong>Tama\u00f1o:<\/strong>\u00a02,5 x 2,8 cm aprox.<\/div>\n<div class=\"moreinfo\"><strong>Cantidad:<\/strong> 1 silueta\u00a0<a href=\"http:\/\/www.infinitythegame.com\/infinity\/en\"><strong><br \/>\n<\/strong><\/a><strong>Uso:<\/strong> Para marcar miniaturas ocultas en <strong><a href=\"http:\/\/www.infinitythegame.com\/infinity\/en\">Infinity the game<\/a>.<\/strong><\/div>\n<div class=\"infopreorder\"><strong style=\"line-height: 1.5em;\">Nota:<\/strong><span style=\"line-height: 1.5em;\">\u00a0La base decorativa no est\u00e1 incluida. Los colores de las piezas de metacrilato pueden variar ligeramente de los mostrados en la foto<\/span><\/div>\n","protected":false},"excerpt":{"rendered":"<p>Siluetas de camuflaje para la facci\u00f3n<strong>\u00a0<a href=\"http:\/\/www.infinitythegame.com\/infinity\/en\/category\/tohaa\/\"><strong>Tohaa<\/strong><\/a> <\/strong>de <strong><strong><a href=\"http:\/\/www.infinitythegame.com\/infinity\/en\">Infinity the game<\/a><\/strong><\/strong><\/p>\n","protected":false},"featured_media":47052,"template":"","meta":{"_acf_changed":false},"product_brand":[],"product_cat":[291,347,78,345],"product_tag":[151,306],"class_list":{"0":"post-7485","1":"product","2":"type-product","3":"status-publish","4":"has-post-thumbnail","6":"product_cat-infinity-es-2","7":"product_cat-marcadores-es","8":"product_cat-meeple-2","9":"product_cat-siluetas","10":"product_tag-infinity-es","11":"product_tag-infinity-the-game-es-2","13":"first","14":"instock","15":"taxable","16":"shipping-taxable","17":"purchasable","18":"product-type-variable"},"exclude_global_add_ons":[],"addons":[],"acf":[],"_links":{"self":[{"href":"https:\/\/www.customeeple.com\/es\/wp-json\/wp\/v2\/product\/7485","targetHints":{"allow":["GET"]}}],"collection":[{"href":"https:\/\/www.customeeple.com\/es\/wp-json\/wp\/v2\/product"}],"about":[{"href":"https:\/\/www.customeeple.com\/es\/wp-json\/wp\/v2\/types\/product"}],"wp:featuredmedia":[{"embeddable":true,"href":"https:\/\/www.customeeple.com\/es\/wp-json\/wp\/v2\/media\/47052"}],"wp:attachment":[{"href":"https:\/\/www.customeeple.com\/es\/wp-json\/wp\/v2\/media?parent=7485"}],"wp:term":[{"taxonomy":"product_brand","embeddable":true,"href":"https:\/\/www.customeeple.com\/es\/wp-json\/wp\/v2\/product_brand?post=7485"},{"taxonomy":"product_cat","embeddable":true,"href":"https:\/\/www.customeeple.com\/es\/wp-json\/wp\/v2\/product_cat?post=7485"},{"taxonomy":"product_tag","embeddable":true,"href":"https:\/\/www.customeeple.com\/es\/wp-json\/wp\/v2\/product_tag?post=7485"}],"curies":[{"name":"wp","href":"https:\/\/api.w.org\/{rel}","templated":true}]}}