{"id":7480,"date":"2014-03-21T09:15:59","date_gmt":"2014-03-21T08:25:59","guid":{"rendered":"http:\/\/www.customeeple.com\/product\/rotulo-decorativo-grande-para-infinity-1-unidad\/"},"modified":"2023-01-13T09:50:05","modified_gmt":"2023-01-13T08:50:05","slug":"rotulo-decorativo-grande-para-infinity-1-unidad","status":"publish","type":"product","link":"https:\/\/www.customeeple.com\/es\/producto\/rotulo-decorativo-grande-para-infinity-1-unidad\/","title":{"rendered":"R\u00f3tulo decorativo grande para Infinity (1 ud)"},"content":{"rendered":"<p>Utiliza nuestros r\u00f3tulos de <strong><a href=\"http:\/\/www.infinitythegame.com\/infinity\/en\">Infinity<\/a><\/strong> como elemento decorativos para tus partidas de <strong><a href=\"http:\/\/www.infinitythegame.com\/infinity\/en\">Infinity<\/a><\/strong>. Las piezas se han dise\u00f1ado en colaboraci\u00f3n con <strong><a href=\"http:\/\/www.corvusbelli.com\/\">Corvus Belli<\/a> <\/strong>para ser totalmente compatible con <a href=\"http:\/\/infinitythegame.com\/\" target=\"_blank\"><strong>Infinity the game <\/strong><\/a>.<\/p>\n<p>Este r\u00f3tulo decorativo puede ser usado como complemento de escenograf\u00eda. Todos los r\u00f3tulos est\u00e1n grabados con los logos de empresas locales ficticias , ayudando a recrear el aspecto futurista de la ambientaci\u00f3n de <strong><a href=\"http:\/\/www.infinitythegame.com\/infinity\/en\">Infinity<\/a><\/strong>. Puedes elegir entre nuestros dos estilos de r\u00f3tulos: <strong><a href=\"http:\/\/www.infinitythegame.com\/infinity\/es\/category\/nomads\/\">Nomadas<\/a><\/strong>,\u00a0<a href=\"http:\/\/www.infinitythegame.com\/infinity\/en\/category\/pano\/\"><strong>Panoceania<\/strong> <\/a> <a href=\"http:\/\/www.infinitythegame.com\/infinity\/en\/category\/haqq\/\"><strong>Haqquislam<\/strong> <\/a> o <a href=\"http:\/\/www.infinitythegame.com\/infinity\/en\/category\/yujing\/\"><strong>Yu Jing<\/strong><\/a><\/p>\n<p>Los r\u00f3tulos son compatibles con todos los edificios de el resto de partners de <strong><a href=\"http:\/\/infinitythegame.com\/\" target=\"_blank\">Infinity the game<\/a> <\/strong>tales como:<strong> Warsenal, Microart studio, Plastcraft games, Bandu<\/strong><strong>a.<\/strong><\/p>\n<p><span style=\"font-size: 13px;\">Ten en cuenta que este producto se vende sin montar y sin pintar. Las fotos son s\u00f3lo sugerencias de montaje.<\/span><\/p>\n<div>\n<div class=\"moreinfo\">\n<p><strong>Material: <\/strong>DM (fibra de densidad media) + metacrilato fluorescente.<\/p>\n<p dir=\"ltr\"><strong>Grosor:<\/strong> 3 mm<\/p>\n<p dir=\"ltr\"><strong>Tama\u00f1o: <\/strong>3,5 x 8,2 cm<\/p>\n<p dir=\"ltr\"><strong>Cantidad:<\/strong> 1 r\u00f3tulo<\/p>\n<p><strong>Uso: <\/strong>Complemento de escenograf\u00eda<\/p>\n<\/div>\n<p><strong>Note:<\/strong> Edificios de escenograf\u00eda no incluidos<\/p>\n<\/div>\n","protected":false},"excerpt":{"rendered":"<p>Anuncio de ne\u00f3n para usar como escenograf\u00eda de <strong><a href=\"http:\/\/www.infinitythegame.com\/infinity\/en\">Infinity<\/a><\/strong><\/p>\n","protected":false},"featured_media":8369,"template":"","meta":{"_acf_changed":false},"product_brand":[],"product_cat":[191,346,291,1372],"product_tag":[151,306],"class_list":{"0":"post-7480","1":"product","2":"type-product","3":"status-publish","4":"has-post-thumbnail","6":"product_cat-accesorios","7":"product_cat-escenografia","8":"product_cat-infinity-es-2","9":"product_cat-sci-fi-es","10":"product_tag-infinity-es","11":"product_tag-infinity-the-game-es-2","12":"pa_ifactions-haqes","13":"pa_ifactions-nomes","14":"pa_ifactions-panes","15":"pa_ifactions-yuges","17":"first","18":"instock","19":"taxable","20":"shipping-taxable","21":"purchasable","22":"product-type-variable"},"exclude_global_add_ons":[],"addons":[],"acf":[],"_links":{"self":[{"href":"https:\/\/www.customeeple.com\/es\/wp-json\/wp\/v2\/product\/7480","targetHints":{"allow":["GET"]}}],"collection":[{"href":"https:\/\/www.customeeple.com\/es\/wp-json\/wp\/v2\/product"}],"about":[{"href":"https:\/\/www.customeeple.com\/es\/wp-json\/wp\/v2\/types\/product"}],"wp:featuredmedia":[{"embeddable":true,"href":"https:\/\/www.customeeple.com\/es\/wp-json\/wp\/v2\/media\/8369"}],"wp:attachment":[{"href":"https:\/\/www.customeeple.com\/es\/wp-json\/wp\/v2\/media?parent=7480"}],"wp:term":[{"taxonomy":"product_brand","embeddable":true,"href":"https:\/\/www.customeeple.com\/es\/wp-json\/wp\/v2\/product_brand?post=7480"},{"taxonomy":"product_cat","embeddable":true,"href":"https:\/\/www.customeeple.com\/es\/wp-json\/wp\/v2\/product_cat?post=7480"},{"taxonomy":"product_tag","embeddable":true,"href":"https:\/\/www.customeeple.com\/es\/wp-json\/wp\/v2\/product_tag?post=7480"}],"curies":[{"name":"wp","href":"https:\/\/api.w.org\/{rel}","templated":true}]}}