{"id":74726,"date":"2024-07-27T19:44:01","date_gmt":"2024-07-27T18:44:01","guid":{"rendered":"https:\/\/www.customeeple.com\/product\/la-america-de-dracula-spa\/"},"modified":"2025-06-28T19:38:51","modified_gmt":"2025-06-28T18:38:51","slug":"la-america-de-dracula-spa","status":"publish","type":"product","link":"https:\/\/www.customeeple.com\/es\/producto\/la-america-de-dracula-spa\/","title":{"rendered":"La Am\u00e9rica de Dr\u00e1cula (SPA)"},"content":{"rendered":"<p>Bienvenido a S<em>ombras del Oeste<\/em>, un juego de mesa divertido, en donde se desarrollan escaramuzas narrativas a ritmo vertiginoso; su objetivo b\u00e1sico es que puedas recrear con tus amigos los tiroteos del Salvaje Oeste que son el momento culminante de innumerables pel\u00edculas de Hollywood.<\/p>\n<p>Sin embargo, los contenidos de este libro se combinan tambi\u00e9n para explorar un mundo g\u00f3tico, donde lo sobrenatural realmente existe.<\/p>\n<p><em>S<\/em><em>ombras del Oeste<\/em>\u00a0consta de tres cap\u00edtulos: Reglamento, Campa\u00f1as y La Am\u00e9rica de Dr\u00e1cula. Estas tres facetas del juego son completamente modulares; siempre puedes decidir con tus amigos hasta qu\u00e9 punto tu versi\u00f3n del Oeste ser\u00e1 un lugar \u201cins\u00f3lito\u201d. \u00a1Solo ten\u00e9is que a\u00f1adir o quitar las reglas apropiadas!<\/p>\n<h3 class=\"wp-block-heading\">Reglamento<\/h3>\n<p>Hemos dise\u00f1ado S<em>ombras del Oeste<\/em>\u00a0para que sea r\u00e1pido e impredecible, as\u00ed como intuitivo. Ver\u00e1s que hemos dividido las reglas en tres secciones:<\/p>\n<ul>\n<li>La primera secci\u00f3n explica las reglas b\u00e1sicas; gracias a ellas, dos o m\u00e1s oponentes pueden jugar una partida r\u00e1pida y sencilla, con una duraci\u00f3n aproximada de una hora.<\/li>\n<li>La segunda a\u00f1ade reglas avanzadas para situaciones especiales, como el uso de dinamita, espectadores inocentes, terreno dif\u00edcil o introducir acontecimientos inesperados en las partidas.<\/li>\n<li>La \u00faltima secci\u00f3n incluye todo lo dem\u00e1s que puedas necesitar para jugar, desde c\u00f3mo preparar el \u00e1rea de juego hasta el procedimiento para desplegar las miniaturas, as\u00ed como los propios escenarios. \u00a1Incluye ciertas complicaciones, llamadas agendas, para asegurarnos que no hay dos partidas iguales!<\/li>\n<\/ul>\n<h3 class=\"wp-block-heading\">Campa\u00f1as<\/h3>\n<p>Sin embargo, para sacarle el mejor partido posible a\u00a0<em>S<\/em><em>ombras del Oeste<\/em>, hay que recurrir a su sistema de campa\u00f1as, que te permite recorrer la historia de tu cuadrilla de personajes a lo largo de su infame carrera, desde sus humildes comienzos hasta la cumbre de su riqueza y poder\u2026 \u00a1o por el contrario, un ignominioso viaje sin retorno a la Colina de las Botas (es decir, el cementerio)!<\/p>\n<p>Al terminar cada escenario, tu cuadrilla habr\u00e1 sufrido heridas o podr\u00e1 mejorar sus habilidades y capacidades con experiencia, ganando dinero con el que comprar m\u00e1s armas y equipo, reclutar sangre nueva o pistoleros a sueldo \u00fanicos. Tambi\u00e9n suceder\u00e1n eventos \u00fanicos entre escenarios, que ayudan a generar el ambiente que buscas con tus amigos en la mesa de juego.<\/p>\n<h3 class=\"wp-block-heading\">La Am\u00e9rica de Dr\u00e1cula<\/h3>\n<p>Aquellas almas valientes que est\u00e9n dispuestas a arriesgar su vida, salud y cordura, encontrar\u00e1n tambi\u00e9n en este libro la forma de a\u00f1adir un toque sobrenatural a sus enfrentamientos. En este cap\u00edtulo encontrar\u00e1s una l\u00ednea temporal alternativa, g\u00f3tica y oscura, donde Dr\u00e1cula gobierna sobre unos Estados Unidos devastados, horrendas criaturas merodean entre las sombras y diversas facciones luchan entre s\u00ed por la supremac\u00eda, aportando reglas opcionales para jugar sucesos y encuentros sobrenaturales, criaturas fabulosas y equipo adicional para acabar con ellas. Tambi\u00e9n encontrar\u00e1s informaci\u00f3n sobre los poderes arcanos y las seis facciones que luchan entre s\u00ed en estos Estados Unidos destrozados por la Guerra de Secesi\u00f3n.<\/p>\n","protected":false},"excerpt":{"rendered":"<p>Bienvenido a Sombras del Oeste, un juego de mesa divertido, en donde se desarrollan escaramuzas narrativas a ritmo vertiginoso; su objetivo b\u00e1sico es que puedas recrear con tus amigos los tiroteos del Salvaje Oeste que son el momento culminante de innumerables pel\u00edculas de Hollywood. Sin embargo, los contenidos de este libro se combinan tambi\u00e9n para [&hellip;]<\/p>\n","protected":false},"featured_media":74920,"template":"","meta":{"_acf_changed":false},"product_brand":[],"product_cat":[1096,1168],"product_tag":[],"class_list":{"0":"post-74726","1":"product","2":"type-product","3":"status-publish","4":"has-post-thumbnail","6":"product_cat-bg","7":"product_cat-retail-products","9":"first","10":"onbackorder","11":"sale","12":"taxable","13":"shipping-taxable","14":"purchasable","15":"product-type-simple"},"exclude_global_add_ons":[],"addons":[],"acf":[],"_links":{"self":[{"href":"https:\/\/www.customeeple.com\/es\/wp-json\/wp\/v2\/product\/74726","targetHints":{"allow":["GET"]}}],"collection":[{"href":"https:\/\/www.customeeple.com\/es\/wp-json\/wp\/v2\/product"}],"about":[{"href":"https:\/\/www.customeeple.com\/es\/wp-json\/wp\/v2\/types\/product"}],"wp:featuredmedia":[{"embeddable":true,"href":"https:\/\/www.customeeple.com\/es\/wp-json\/wp\/v2\/media\/74920"}],"wp:attachment":[{"href":"https:\/\/www.customeeple.com\/es\/wp-json\/wp\/v2\/media?parent=74726"}],"wp:term":[{"taxonomy":"product_brand","embeddable":true,"href":"https:\/\/www.customeeple.com\/es\/wp-json\/wp\/v2\/product_brand?post=74726"},{"taxonomy":"product_cat","embeddable":true,"href":"https:\/\/www.customeeple.com\/es\/wp-json\/wp\/v2\/product_cat?post=74726"},{"taxonomy":"product_tag","embeddable":true,"href":"https:\/\/www.customeeple.com\/es\/wp-json\/wp\/v2\/product_tag?post=74726"}],"curies":[{"name":"wp","href":"https:\/\/api.w.org\/{rel}","templated":true}]}}