{"id":74529,"date":"2024-07-12T13:17:43","date_gmt":"2024-07-12T12:17:43","guid":{"rendered":"https:\/\/www.customeeple.com\/?post_type=product&#038;p=74529"},"modified":"2024-07-12T14:30:08","modified_gmt":"2024-07-12T13:30:08","slug":"m3e-sludge-marker-2-uds-copy","status":"publish","type":"product","link":"https:\/\/www.customeeple.com\/es\/producto\/m3e-sludge-marker-2-uds-copy\/","title":{"rendered":"M3E Lair  Marker (3 Uds)"},"content":{"rendered":"<p>Te presentamos un set de 3 marcadores de Lair para Malifaux fabricados en acr\u00edlico. Cada marcador tiene un di\u00e1metro de 50 mm y est\u00e1 dise\u00f1ado para complementar las habilidades del Grootslang.<\/p>\n<p>Estos marcadores est\u00e1n meticulosamente pintados a mano y son exactamente como se muestran.<\/p>\n<p>Elaborados en colaboraci\u00f3n con Wyrd Games, estas piezas est\u00e1n dise\u00f1adas para encajar a la perfecci\u00f3n con la tercera edici\u00f3n de Malifaux.<\/p>\n<div class=\"moreinfo\">\n<p><strong>Material:<\/strong> Metacrilato negro pintado de verde.<\/p>\n<p dir=\"ltr\"><strong>Espesor:<\/strong> 3 mm<\/p>\n<p dir=\"ltr\"><strong>Tama\u00f1o:<\/strong> 50 mm<\/p>\n<p dir=\"ltr\"><strong>Cantidad:<\/strong> Set de 3 marcadores de Lair.<\/p>\n<p><strong>Uso:<\/strong> Coloca estos marcadores para se\u00f1alar los Lair creado por un Grootslang en tus juegos de Malifaux.<\/p>\n<\/div>\n<div class=\"infopreorder\"><strong>Nota:<\/strong> Ten en cuenta que los colores de las piezas de metacrilato pueden variar ligeramente de lo que se muestra en las fotos.<\/div>\n","protected":false},"excerpt":{"rendered":"<p>Marcador para Malifaux.<\/p>\n","protected":false},"featured_media":74542,"template":"","meta":{"_acf_changed":false},"product_brand":[],"product_cat":[1370,1400,1425,1671,925,78,2360],"product_tag":[1652],"class_list":{"0":"post-74529","1":"product","2":"type-product","3":"status-publish","4":"has-post-thumbnail","6":"product_cat-customeeple-es","7":"product_cat-fantasia","8":"product_cat-malifaux-es-2","9":"product_cat-malifaux-es-3","10":"product_cat-markerstokens-es-2","11":"product_cat-meeple-2","12":"product_cat-productos-oficiales","13":"product_tag-malifaux-es-2","15":"first","16":"instock","17":"taxable","18":"shipping-taxable","19":"purchasable","20":"product-type-simple"},"exclude_global_add_ons":[],"addons":[],"acf":[],"_links":{"self":[{"href":"https:\/\/www.customeeple.com\/es\/wp-json\/wp\/v2\/product\/74529","targetHints":{"allow":["GET"]}}],"collection":[{"href":"https:\/\/www.customeeple.com\/es\/wp-json\/wp\/v2\/product"}],"about":[{"href":"https:\/\/www.customeeple.com\/es\/wp-json\/wp\/v2\/types\/product"}],"wp:featuredmedia":[{"embeddable":true,"href":"https:\/\/www.customeeple.com\/es\/wp-json\/wp\/v2\/media\/74542"}],"wp:attachment":[{"href":"https:\/\/www.customeeple.com\/es\/wp-json\/wp\/v2\/media?parent=74529"}],"wp:term":[{"taxonomy":"product_brand","embeddable":true,"href":"https:\/\/www.customeeple.com\/es\/wp-json\/wp\/v2\/product_brand?post=74529"},{"taxonomy":"product_cat","embeddable":true,"href":"https:\/\/www.customeeple.com\/es\/wp-json\/wp\/v2\/product_cat?post=74529"},{"taxonomy":"product_tag","embeddable":true,"href":"https:\/\/www.customeeple.com\/es\/wp-json\/wp\/v2\/product_tag?post=74529"}],"curies":[{"name":"wp","href":"https:\/\/api.w.org\/{rel}","templated":true}]}}