{"id":74277,"date":"2024-06-26T17:41:33","date_gmt":"2024-06-26T16:41:33","guid":{"rendered":"https:\/\/www.customeeple.com\/?post_type=product&#038;p=74277"},"modified":"2025-01-31T10:51:17","modified_gmt":"2025-01-31T09:51:17","slug":"warhammer-40k-compatible-playmat-44x60-inch-copy","status":"publish","type":"product","link":"https:\/\/www.customeeple.com\/es\/producto\/warhammer-40k-compatible-playmat-44x60-inch-copy\/","title":{"rendered":"Warhammer AoS: Marea Skaven compatible playmat (44&#215;60 inch)"},"content":{"rendered":"<div id=\"tab-description\">\n<div id=\"tab-description\">\n<p>\u00a1Te presentamos nuestro tapete de juego Warhammer Age Of Sigmar, dise\u00f1ado para mejorar tu experiencia de juego! Este tapete se ha creado con meticulosa atenci\u00f3n al detalle y se adapta perfectamente al mundo de Warhammer Age Of Sigmar\u00a0 MAREA SKAVEN e incluye marcas para indicar la zona de despliegue y el centro del tablero<\/p>\n<p>Este NUEVO tapete de juego est\u00e1 dise\u00f1ado para ser totalmente compatible con las nuevas misiones de la nueva edici\u00f3n de Age of Sigmar: Skaventide (4ta edici\u00f3n)<\/p>\n<p>Nuestro tapete de juego se destaca por su excepcional construcci\u00f3n. Est\u00e1 fabricado con material de pancarta exterior de alta calidad, lo que lo hace flexible, port\u00e1til y duradero. Sum\u00e9rgete en el mundo de Star Wars mientras el tapete de juego agrega una dimensi\u00f3n visualmente impresionante a tu mesa.<\/p>\n<p>En nuestro compromiso de reducir la huella de carbono, nos esforzamos por producir nuestros tapetes de juego lo m\u00e1s cerca posible del pa\u00eds de destino y eliminando intermediarios. Por esta raz\u00f3n, los tapetes se env\u00edan por separado del resto de los productos. Al optar por la producci\u00f3n local, buscamos minimizar el impacto ambiental y promover la sostenibilidad. \u00a1Gracias por apoyar nuestras iniciativas ecol\u00f3gicas!<\/p>\n<p>Todos nuestros tapetes incluyen nuestro logo y la web como marca de agua en el borde.<\/p>\n<p>Ya sea que seas un entusiasta devoto o un reci\u00e9n llegado, nuestro Playmat es un accesorio imprescindible para disfrutar de excelentes sesiones de juego. Experimenta el juego tal y como se debe jugar y disfruta del esplendor de Warhammer AoS<\/p>\n<p><strong>Material:<\/strong> Lona Vinilica<\/p>\n<p><strong>Tama\u00f1o:<\/strong> 111,76 cm x 152,4 cm (44 x 60inch)<\/p>\n<p><strong>Cantidad:<\/strong>\u00a01<\/p>\n<p><strong>Usos: <\/strong>tapete para Warhammer AoS.<\/p>\n<p><span class=\"game-year ng-binding ng-scope\">Warhammer AoS(2023) es un juego de<\/span>\u00a0GW. <strong>Customeeple <\/strong>no esta vinculado con esta compa\u00f1ia de ningun modo<\/p>\n<\/div>\n<\/div>\n","protected":false},"excerpt":{"rendered":"<p>Tapete con lineas guias que acelera es setup<\/p>\n","protected":false},"featured_media":74287,"template":"","meta":{"_acf_changed":false},"product_brand":[],"product_cat":[2337,1370,1400,1177,79,1623,2133,1654],"product_tag":[2127],"class_list":{"0":"post-74277","1":"product","2":"type-product","3":"status-publish","4":"has-post-thumbnail","6":"product_cat-age-of-sigmar-es","7":"product_cat-customeeple-es","8":"product_cat-fantasia","9":"product_cat-games-workshop-es","10":"product_cat-tapete","11":"product_cat-wargames-es-2","12":"product_cat-waos","13":"product_cat-warhammer-age-of-sigmar-es-2","14":"product_tag-shatterpoint-es","15":"product_shipping_class-bigtube","17":"first","18":"instock","19":"taxable","20":"shipping-taxable","21":"purchasable","22":"product-type-variable"},"exclude_global_add_ons":[],"addons":[],"acf":[],"_links":{"self":[{"href":"https:\/\/www.customeeple.com\/es\/wp-json\/wp\/v2\/product\/74277","targetHints":{"allow":["GET"]}}],"collection":[{"href":"https:\/\/www.customeeple.com\/es\/wp-json\/wp\/v2\/product"}],"about":[{"href":"https:\/\/www.customeeple.com\/es\/wp-json\/wp\/v2\/types\/product"}],"wp:featuredmedia":[{"embeddable":true,"href":"https:\/\/www.customeeple.com\/es\/wp-json\/wp\/v2\/media\/74287"}],"wp:attachment":[{"href":"https:\/\/www.customeeple.com\/es\/wp-json\/wp\/v2\/media?parent=74277"}],"wp:term":[{"taxonomy":"product_brand","embeddable":true,"href":"https:\/\/www.customeeple.com\/es\/wp-json\/wp\/v2\/product_brand?post=74277"},{"taxonomy":"product_cat","embeddable":true,"href":"https:\/\/www.customeeple.com\/es\/wp-json\/wp\/v2\/product_cat?post=74277"},{"taxonomy":"product_tag","embeddable":true,"href":"https:\/\/www.customeeple.com\/es\/wp-json\/wp\/v2\/product_tag?post=74277"}],"curies":[{"name":"wp","href":"https:\/\/api.w.org\/{rel}","templated":true}]}}