{"id":74134,"date":"2024-06-19T12:26:22","date_gmt":"2024-06-19T11:26:22","guid":{"rendered":"https:\/\/www.customeeple.com\/?post_type=product&#038;p=74134"},"modified":"2024-06-19T12:38:49","modified_gmt":"2024-06-19T11:38:49","slug":"pintura-game-color-vallejo-copy-copy","status":"publish","type":"product","link":"https:\/\/www.customeeple.com\/es\/producto\/pintura-game-color-vallejo-copy-copy\/","title":{"rendered":"Pintura Game Color Wash Vallejo"},"content":{"rendered":"<p>Game Color Wash es la gama de colores para efectos y t\u00e9cnicas de lavado sobre figuras. Tambi\u00e9n se pueden utilizar sobre otros soportes y se presenta con una nueva formulaci\u00f3n que mejora las propiedades de capilaridad del producto.<\/p>\n<p>Un lavado es un color acr\u00edlico transparente y muy l\u00edquido, y se emplea habitualmente para las t\u00e9cnicas de sombreado sobre figuras y veh\u00edculos, adem\u00e1s permite realizar efectos de veladuras y filtros sobre otros colores de la gama.<\/p>\n<p>Modo de empleo: Los colores han sido formulados para su aplicaci\u00f3n a pincel, pero pueden usarse tambi\u00e9n con aer\u00f3grafo.<\/p>\n","protected":false},"excerpt":{"rendered":"<p>Pinturas Vallejo<\/p>\n","protected":false},"featured_media":74257,"template":"","meta":{"_acf_changed":false},"product_brand":[],"product_cat":[1177,1401,1267,1180],"product_tag":[1264,1843,1630,1841],"class_list":{"0":"post-74134","1":"product","2":"type-product","3":"status-publish","4":"has-post-thumbnail","6":"product_cat-games-workshop-es","7":"product_cat-pintura-y-modelismo","8":"product_cat-paints-es","9":"product_cat-retail-products-es","10":"product_tag-boardgame-es","11":"product_tag-game-color-es","12":"product_tag-paints-es","13":"product_tag-vallejo-es","15":"first","16":"instock","17":"sale","18":"taxable","19":"shipping-taxable","20":"purchasable","21":"product-type-variable"},"exclude_global_add_ons":[],"addons":[],"acf":[],"_links":{"self":[{"href":"https:\/\/www.customeeple.com\/es\/wp-json\/wp\/v2\/product\/74134","targetHints":{"allow":["GET"]}}],"collection":[{"href":"https:\/\/www.customeeple.com\/es\/wp-json\/wp\/v2\/product"}],"about":[{"href":"https:\/\/www.customeeple.com\/es\/wp-json\/wp\/v2\/types\/product"}],"wp:featuredmedia":[{"embeddable":true,"href":"https:\/\/www.customeeple.com\/es\/wp-json\/wp\/v2\/media\/74257"}],"wp:attachment":[{"href":"https:\/\/www.customeeple.com\/es\/wp-json\/wp\/v2\/media?parent=74134"}],"wp:term":[{"taxonomy":"product_brand","embeddable":true,"href":"https:\/\/www.customeeple.com\/es\/wp-json\/wp\/v2\/product_brand?post=74134"},{"taxonomy":"product_cat","embeddable":true,"href":"https:\/\/www.customeeple.com\/es\/wp-json\/wp\/v2\/product_cat?post=74134"},{"taxonomy":"product_tag","embeddable":true,"href":"https:\/\/www.customeeple.com\/es\/wp-json\/wp\/v2\/product_tag?post=74134"}],"curies":[{"name":"wp","href":"https:\/\/api.w.org\/{rel}","templated":true}]}}