{"id":73987,"date":"2024-06-06T12:53:57","date_gmt":"2024-06-06T11:53:57","guid":{"rendered":"https:\/\/www.customeeple.com\/?post_type=product&#038;p=73987"},"modified":"2024-07-04T10:18:38","modified_gmt":"2024-07-04T09:18:38","slug":"lorcana-compatible-dial-copy","status":"publish","type":"product","link":"https:\/\/www.customeeple.com\/es\/producto\/lorcana-compatible-dial-copy\/","title":{"rendered":"Marcadores compatibles Disney Lorcana"},"content":{"rendered":"<p>Un conjunto de marcadores dise\u00f1ados para ser compatibles con \u00abDisney Lorcana\u00bb.<\/p>\n<p>Te presentamos nuestra \u00faltima l\u00ednea de productos Lorcana, dise\u00f1ados para mejorar tu experiencia de juego de Disney Lorcana que te ayudara a introducirte en un mundo de fantasy. Mejora tu juego de Lorcana con estos tokens acr\u00edlicos pintados y listos para usar.<\/p>\n<p>Puedes utilizarlos para marcar diferentes elementos del juego, como la ganancia de poder o el da\u00f1o a una unidad. Bas\u00e1ndonos en los marcadores incluidos en el juego, el pack completo deber\u00eda ser suficiente para un jugador e incluye:<\/p>\n<ul>\n<li>8x Tokens de Voluntad (-1\/-2) &#8211; Azul transparente<\/li>\n<li>4x Tokens de Voluntad (-3\/-4) &#8211; Azul transparente<\/li>\n<li>4x Tokens de Fuerza (-1\/-2) &#8211; Rojo transparente<\/li>\n<li>2x Tokens de Fuerza (-3\/-4) &#8211; Rojo transparente<\/li>\n<li>4x Tokens de Fuerza (+1\/+2) &#8211; Verde transparente<\/li>\n<li>2x Tokens de Fuerza (+3\/+4) &#8211; Verde transparente<\/li>\n<li>2x Tokens de Modificador de Lore &#8211; Espejo dorado<\/li>\n<li>2x Tokens de No-Misi\u00f3n &#8211; Violeta transl\u00facido<\/li>\n<\/ul>\n<p>Los tokens de Fuerza y Voluntad de doble cara, con n\u00fameros alternos en cada lado, aumentan la velocidad del juego y reducen el desorden de tokens en las cartas.<\/p>\n<div class=\"moreinfo\">\n<p><strong>Material:<\/strong> Metacrilato variado<\/p>\n<p><strong>Grosor:<\/strong> 3 mm<\/p>\n<p><strong>Tama\u00f1o:<\/strong>\u00a0 alrededor de 20mm<\/p>\n<p><strong>Cantidad:<\/strong> 28 markers<\/p>\n<p><b>Disney Lorcana <\/b>es un juego publicado por <b>Ravensburger<\/b><a href=\"https:\/\/www.cmon.com\/\">.<\/a> <strong>Customeeple<\/strong> no est\u00e1 afiliado a esta empresa, y no respaldan este producto.<\/p>\n<\/div>\n","protected":false},"excerpt":{"rendered":"<p>marcadores compatibles con \u00abDisney Lorcana\u00bb<\/p>\n","protected":false},"featured_media":73989,"template":"","meta":{"_acf_changed":false},"product_brand":[],"product_cat":[1370],"product_tag":[2245,2241],"class_list":{"0":"post-73987","1":"product","2":"type-product","3":"status-publish","4":"has-post-thumbnail","6":"product_cat-customeeple-es","7":"product_tag-lorcana-es","8":"product_tag-tcg-es","10":"first","11":"instock","12":"taxable","13":"shipping-taxable","14":"purchasable","15":"product-type-simple"},"exclude_global_add_ons":[],"addons":[],"acf":[],"_links":{"self":[{"href":"https:\/\/www.customeeple.com\/es\/wp-json\/wp\/v2\/product\/73987","targetHints":{"allow":["GET"]}}],"collection":[{"href":"https:\/\/www.customeeple.com\/es\/wp-json\/wp\/v2\/product"}],"about":[{"href":"https:\/\/www.customeeple.com\/es\/wp-json\/wp\/v2\/types\/product"}],"wp:featuredmedia":[{"embeddable":true,"href":"https:\/\/www.customeeple.com\/es\/wp-json\/wp\/v2\/media\/73989"}],"wp:attachment":[{"href":"https:\/\/www.customeeple.com\/es\/wp-json\/wp\/v2\/media?parent=73987"}],"wp:term":[{"taxonomy":"product_brand","embeddable":true,"href":"https:\/\/www.customeeple.com\/es\/wp-json\/wp\/v2\/product_brand?post=73987"},{"taxonomy":"product_cat","embeddable":true,"href":"https:\/\/www.customeeple.com\/es\/wp-json\/wp\/v2\/product_cat?post=73987"},{"taxonomy":"product_tag","embeddable":true,"href":"https:\/\/www.customeeple.com\/es\/wp-json\/wp\/v2\/product_tag?post=73987"}],"curies":[{"name":"wp","href":"https:\/\/api.w.org\/{rel}","templated":true}]}}