{"id":73813,"date":"2024-05-24T10:32:20","date_gmt":"2024-05-24T09:32:20","guid":{"rendered":"https:\/\/www.customeeple.com\/?post_type=product&#038;p=73813"},"modified":"2024-05-24T11:30:32","modified_gmt":"2024-05-24T10:30:32","slug":"bandeja-compatible-cyberpunk-gangs-of-night-city-copy-2","status":"publish","type":"product","link":"https:\/\/www.customeeple.com\/es\/producto\/bandeja-compatible-cyberpunk-gangs-of-night-city-copy-2\/","title":{"rendered":"Bandeja compatible Cyberpunk Gangs of Night City (Copy)"},"content":{"rendered":"<p>Presentamos nuestras fichas de metacrilato para las bandas, dise\u00f1adas para reemplazar los marcadores de cart\u00f3n de las acciones y los marcadores especiales de cada banda, mejorando la comodidad del juego.<\/p>\n<p>Cada pack de fichas de acr\u00edlico est\u00e1 dise\u00f1ado para encajar perfectamente en los tableros de las bandas del juego e incluye los marcadores adicionales que necesita cada banda.<\/p>\n<p>Ofrecemos diferentes sets adaptados a las distintas opciones de compra disponibles para el juego, como la versi\u00f3n retail o las diferentes versiones de Kickstarter:<\/p>\n<ul>\n<li><strong>Juego Base:<\/strong> La versi\u00f3n retail incluye 4 sets completos de acciones y el marcador espec\u00edfico de los Animales. (25 marcadores)<\/li>\n<li><strong>Expansi\u00f3n Families &amp; Outcast:<\/strong> Incluye un set de acciones para complementar el juego base, adem\u00e1s de los marcadores de incursi\u00f3n y algunos marcadores adicionales de acciones salvajes y de combate. (11 marcadores)<\/li>\n<li><strong>Pledge Edgerunner:<\/strong> Consiste en 5 sets de acciones de acr\u00edlico para las bandas del juego b\u00e1sico, adem\u00e1s de la \u00ab6th Street Gang.\u00bb Tambi\u00e9n incluye los marcadores de los Animales y la banda 6th Street. (34 marcadores)<\/li>\n<li><strong>Pledge Legend:<\/strong> Incluye 5 sets completos con marcadores adicionales para Animales, Wraiths, 6th Street y el marcador de Alijo de doble cara. (40 marcadores)<\/li>\n<\/ul>\n<p>Nuestras fichas se integran perfectamente con los tableros y piezas de Cyberpunk 2077: Gangs of Night City &#8211; The Board Game, ya que tienen el mismo tama\u00f1o que las de cart\u00f3n.<\/p>\n<p>Nuestras bandejas se integran perfectamente con las alfombrillas de jugador y las piezas de <strong>Cyberpunk 2077: Gangs of Night City &#8211; The Board Game.<\/strong><\/p>\n<p><strong>Material: <\/strong>DM y metacrilato<\/p>\n<div class=\"moreinfo\">\n<p dir=\"ltr\"><strong>Espesor:<\/strong> 3 mm<\/p>\n<p dir=\"ltr\"><strong>Cantidad:<\/strong> varia<\/p>\n<p><strong>Cyberpunk 2077: Gangs of Night City &#8211; The Board Game <\/strong>es un juego publicado por <a href=\"https:\/\/www.cmon.com\/\"><strong>CMON games<\/strong>.<\/a>\u00a0<strong>Customeeple<\/strong>\u00a0no mantiene ninguna relaci\u00f3n con esta compa\u00f1\u00eda y este producto no esta apoyado por ellos de ninguna forma.<\/p>\n<\/div>\n","protected":false},"excerpt":{"rendered":"<p>Un pack completo de marcadores para <strong>Cyberpunk 2077: Gangs of Night City &#8211; The Board Game<\/strong><\/p>\n","protected":false},"featured_media":73064,"template":"","meta":{"_acf_changed":false},"product_brand":[],"product_cat":[191,1370,78],"product_tag":[1264,2247,2248,1442],"class_list":{"0":"post-73813","1":"product","2":"type-product","3":"status-publish","4":"has-post-thumbnail","6":"product_cat-accesorios","7":"product_cat-customeeple-es","8":"product_cat-meeple-2","9":"product_tag-boardgame-es","10":"product_tag-cmon-es","11":"product_tag-cyberpunk-es","12":"product_tag-overlay-es","14":"first","15":"instock","16":"taxable","17":"shipping-taxable","18":"purchasable","19":"product-type-variable"},"exclude_global_add_ons":[],"addons":[],"acf":[],"_links":{"self":[{"href":"https:\/\/www.customeeple.com\/es\/wp-json\/wp\/v2\/product\/73813","targetHints":{"allow":["GET"]}}],"collection":[{"href":"https:\/\/www.customeeple.com\/es\/wp-json\/wp\/v2\/product"}],"about":[{"href":"https:\/\/www.customeeple.com\/es\/wp-json\/wp\/v2\/types\/product"}],"wp:featuredmedia":[{"embeddable":true,"href":"https:\/\/www.customeeple.com\/es\/wp-json\/wp\/v2\/media\/73064"}],"wp:attachment":[{"href":"https:\/\/www.customeeple.com\/es\/wp-json\/wp\/v2\/media?parent=73813"}],"wp:term":[{"taxonomy":"product_brand","embeddable":true,"href":"https:\/\/www.customeeple.com\/es\/wp-json\/wp\/v2\/product_brand?post=73813"},{"taxonomy":"product_cat","embeddable":true,"href":"https:\/\/www.customeeple.com\/es\/wp-json\/wp\/v2\/product_cat?post=73813"},{"taxonomy":"product_tag","embeddable":true,"href":"https:\/\/www.customeeple.com\/es\/wp-json\/wp\/v2\/product_tag?post=73813"}],"curies":[{"name":"wp","href":"https:\/\/api.w.org\/{rel}","templated":true}]}}