{"id":7374,"date":"2014-02-01T09:10:56","date_gmt":"2014-02-01T08:10:56","guid":{"rendered":"http:\/\/www.customeeple.com\/product\/line-of-sight-marker-2\/"},"modified":"2018-10-09T11:41:18","modified_gmt":"2018-10-09T09:41:18","slug":"line-of-sight-marker","status":"publish","type":"product","link":"https:\/\/www.customeeple.com\/es\/producto\/line-of-sight-marker\/","title":{"rendered":"Marcador de linea de visi\u00f3n para Infinity (5 Uds)"},"content":{"rendered":"<p>Puedes utilizar nuestro marcador de l\u00ednea de visi\u00f3n para definir la orientaci\u00f3n de una miniatura de\u00a0<strong><a href=\"http:\/\/www.infinitythegame.com\/infinity\/en\">Infinity<\/a><\/strong>. Los marcadores se han dise\u00f1ado en colaboraci\u00f3n con <strong><a href=\"http:\/\/www.corvusbelli.com\" target=\"_blank\" rel=\"noopener\">Corvus Belli<\/a>\u00a0<\/strong>para ser totalmente compatibles con <a href=\"http:\/\/infinitythegame.com\/\" target=\"_blank\" rel=\"noopener\"><strong>Infinity the game<\/strong><\/a>.<\/p>\n<p>El pack consiste en 5 marcadores para que puedas utilizarlos en las miniaturas cuyas orientaciones sean mas dudosas. Los marcadores se pueden usar en lugar de pintar\u00a0 la base, o como una ayuda para definir una nueva orientaci\u00f3n diferente de la pintada en la base.<\/p>\n<p>Tambi\u00e9n puede ser usado como una plantilla para representar la l\u00ednea de visi\u00f3n en la base, evitando tener que medir y haci\u00e9ndolo mucho mas r\u00e1pido.<\/p>\n<p>Puedes utilizar tambi\u00e9n estos marcadores para diferenciar tus diferentes grupos de combate dentro de un ej\u00e9rcito, usando colores diferentes. Si no estas seguro de cual es el color id\u00f3neo para tus piezas puedes consultar nuestra p\u00e1gina de <em><a href=\"http:\/\/www.customeeple.com\/materials\/\"><strong>materiales<\/strong> <\/a><\/em><\/p>\n<div class=\"moreinfo\">\n<p><strong>Color: <\/strong>Entre diferentes variedades diferentes de fluorescente (magenta\/azul\/naranja\/amarillo\/verde)<\/p>\n<p><strong>Material<\/strong>: Metacrilato fluorescente<\/p>\n<p><strong>Espesor:<\/strong>\u00a03 mm<\/p>\n<p><strong>Tama\u00f1o:<\/strong>\u00a0perfecto para bases de 25mm como las de <strong><a href=\"http:\/\/www.infinitythegame.com\/infinity\/en\">Infinity<\/a><\/strong><\/p>\n<p><strong>Cantidad:<\/strong>\u00a05 unidades<\/p>\n<div>\n<p><strong>Uso: <\/strong>Marcar la l\u00ednea de visi\u00f3n de las miniaturas<\/p>\n<\/div>\n<\/div>\n<p><strong>Nota:<\/strong>\u00a0Las miniaturas no est\u00e1n incluidas.<\/p>\n","protected":false},"excerpt":{"rendered":"<p>Marca la LoS de tus miniaturas de <strong><a href=\"http:\/\/www.infinitythegame.com\/infinity\/en\">Infinity<\/a><\/strong><\/p>\n","protected":false},"featured_media":7387,"template":"","meta":{"_acf_changed":false},"product_brand":[],"product_cat":[1370,291,347,78,1394],"product_tag":[151,306],"class_list":{"0":"post-7374","1":"product","2":"type-product","3":"status-publish","4":"has-post-thumbnail","6":"product_cat-customeeple-es","7":"product_cat-infinity-es-2","8":"product_cat-marcadores-es","9":"product_cat-meeple-2","10":"product_cat-infinity-es","11":"product_tag-infinity-es","12":"product_tag-infinity-the-game-es-2","13":"pa_methacrylate-colors-azul-fluor-mfbl-es","14":"pa_methacrylate-colors-naranja-fluor-mfor-es","15":"pa_methacrylate-colors-smoke-grey-mtsm","16":"pa_methacrylate-colors-verde-fluor-mfgr","17":"pa_methacrylate-colors-amarill-fluor-mfye","18":"pa_methacrylate-colors-magenta-fluor-mfma-es","19":"pa_methacrylate-colors-naranja-fluor-mfor","20":"pa_methacrylate-colors-transparente-mttr","21":"pa_methacrylate-colors-humo-trans-mtsm","23":"first","24":"instock","25":"taxable","26":"shipping-taxable","27":"purchasable","28":"product-type-variable"},"exclude_global_add_ons":[],"addons":[],"acf":[],"_links":{"self":[{"href":"https:\/\/www.customeeple.com\/es\/wp-json\/wp\/v2\/product\/7374","targetHints":{"allow":["GET"]}}],"collection":[{"href":"https:\/\/www.customeeple.com\/es\/wp-json\/wp\/v2\/product"}],"about":[{"href":"https:\/\/www.customeeple.com\/es\/wp-json\/wp\/v2\/types\/product"}],"wp:featuredmedia":[{"embeddable":true,"href":"https:\/\/www.customeeple.com\/es\/wp-json\/wp\/v2\/media\/7387"}],"wp:attachment":[{"href":"https:\/\/www.customeeple.com\/es\/wp-json\/wp\/v2\/media?parent=7374"}],"wp:term":[{"taxonomy":"product_brand","embeddable":true,"href":"https:\/\/www.customeeple.com\/es\/wp-json\/wp\/v2\/product_brand?post=7374"},{"taxonomy":"product_cat","embeddable":true,"href":"https:\/\/www.customeeple.com\/es\/wp-json\/wp\/v2\/product_cat?post=7374"},{"taxonomy":"product_tag","embeddable":true,"href":"https:\/\/www.customeeple.com\/es\/wp-json\/wp\/v2\/product_tag?post=7374"}],"curies":[{"name":"wp","href":"https:\/\/api.w.org\/{rel}","templated":true}]}}