{"id":7361,"date":"2014-03-21T11:16:49","date_gmt":"2014-02-25T08:28:49","guid":{"rendered":"http:\/\/www.customeeple.com\/product\/infinity-decorative-banners-2\/"},"modified":"2023-01-13T10:53:06","modified_gmt":"2023-01-13T09:53:06","slug":"infinity-decorative-banners","status":"publish","type":"product","link":"https:\/\/www.customeeple.com\/es\/producto\/infinity-decorative-banners\/","title":{"rendered":"R\u00f3tulos decorativos para Infinity (3 Uds)"},"content":{"rendered":"<p>Utiliza nuestros r\u00f3tulos\u00a0 de <strong><a href=\"http:\/\/www.infinitythegame.com\/infinity\/en\">Infinity<\/a><\/strong> como elementos decorativos para tus partidas de <strong><a href=\"http:\/\/www.infinitythegame.com\/infinity\/en\">Infinity<\/a><\/strong>. Las piezas se han dise\u00f1ado en colaboraci\u00f3n con <strong><a href=\"http:\/\/www.corvusbelli.com\/\">Corvus Belli<\/a>\u00a0<\/strong>para ser totalmente compatibles con <a href=\"http:\/\/infinitythegame.com\/\" target=\"_blank\"><strong>Infinity the game<\/strong><\/a>.<\/p>\n<p>El pack contiene 3 r\u00f3tulos que pueden ser utilizados como complemento de escenograf\u00eda. Todos los r\u00f3tulos est\u00e1n grabados con los logos de empresas locales ficticias , ayudando a recrear el aspecto futurista de la ambientaci\u00f3n de <strong><a href=\"http:\/\/www.infinitythegame.com\/infinity\/en\">Infinity<\/a><\/strong>. Puedes elegir entre nuestros dos estilos de r\u00f3tulos: <a href=\"http:\/\/www.infinitythegame.com\/infinity\/es\/category\/nomads\/\"><strong>Nomadas<\/strong><\/a>,\u00a0<a href=\"http:\/\/www.infinitythegame.com\/infinity\/en\/category\/pano\/\"><strong>Panoceania<\/strong> <\/a> <a href=\"http:\/\/www.infinitythegame.com\/infinity\/en\/category\/haqq\/\"><strong>Haqquislam<\/strong> <\/a> o <a href=\"http:\/\/www.infinitythegame.com\/infinity\/en\/category\/yujing\/\"><strong>Yu Jing<\/strong><\/a><\/p>\n<p>Los r\u00f3tulos son compatibles con todos los edificios de el resto de partners de <strong><a href=\"http:\/\/infinitythegame.com\/\" target=\"_blank\">Infinity the game<\/a>\u00a0<\/strong>tales como:<strong> Warsenal, Microart studio, Plastcraft games, Bandu<\/strong><strong>a.<\/strong><\/p>\n<p><span style=\"font-size: 13px;\">Ten en cuenta que este producto se vende sin montar y sin pintar. Las fotos son s\u00f3lo sugerencias de montaje.<\/span><\/p>\n<div>\n<div class=\"moreinfo\">\n<p><strong>Material:\u00a0<\/strong>DM (fibra de densidad media) + metacrilato fluorescente.<\/p>\n<p dir=\"ltr\"><strong>Grosor:<\/strong>\u00a03 mm<\/p>\n<p dir=\"ltr\"><strong>Tama\u00f1o:<br \/> <\/strong>R\u00f3tulo A: 2,5 x 5,4 cm<br \/> R\u00f3tulo B: 2,6 x 4,6 cm<br \/> R\u00f3tulo C 2,6 x 4,6 cm<\/p>\n<p dir=\"ltr\"><strong>Cantidad:<\/strong> 3 r\u00f3tulos<\/p>\n<p><strong>Uso:\u00a0<\/strong>Complemento de escenograf\u00eda<\/p>\n<\/div>\n<p><strong>Note:<\/strong> Edificios de escenograf\u00eda no incluidos<\/p>\n<\/div>\n","protected":false},"excerpt":{"rendered":"<p>Anuncios de ne\u00f3n para usar como escenograf\u00eda de <strong><a href=\"http:\/\/www.infinitythegame.com\/infinity\/en\">Infinity<\/a><\/strong><\/p>\n","protected":false},"featured_media":8367,"template":"","meta":{"_acf_changed":false},"product_brand":[],"product_cat":[191,291,1394],"product_tag":[646,306],"class_list":{"0":"post-7361","1":"product","2":"type-product","3":"status-publish","4":"has-post-thumbnail","6":"product_cat-accesorios","7":"product_cat-infinity-es-2","8":"product_cat-infinity-es","9":"product_tag-infinity-es-2","10":"product_tag-infinity-the-game-es-2","11":"pa_ifactions-haqes","12":"pa_ifactions-nomes","13":"pa_ifactions-panes","14":"pa_ifactions-yuges","16":"first","17":"instock","18":"taxable","19":"shipping-taxable","20":"purchasable","21":"product-type-variable"},"exclude_global_add_ons":[],"addons":[],"acf":[],"_links":{"self":[{"href":"https:\/\/www.customeeple.com\/es\/wp-json\/wp\/v2\/product\/7361","targetHints":{"allow":["GET"]}}],"collection":[{"href":"https:\/\/www.customeeple.com\/es\/wp-json\/wp\/v2\/product"}],"about":[{"href":"https:\/\/www.customeeple.com\/es\/wp-json\/wp\/v2\/types\/product"}],"wp:featuredmedia":[{"embeddable":true,"href":"https:\/\/www.customeeple.com\/es\/wp-json\/wp\/v2\/media\/8367"}],"wp:attachment":[{"href":"https:\/\/www.customeeple.com\/es\/wp-json\/wp\/v2\/media?parent=7361"}],"wp:term":[{"taxonomy":"product_brand","embeddable":true,"href":"https:\/\/www.customeeple.com\/es\/wp-json\/wp\/v2\/product_brand?post=7361"},{"taxonomy":"product_cat","embeddable":true,"href":"https:\/\/www.customeeple.com\/es\/wp-json\/wp\/v2\/product_cat?post=7361"},{"taxonomy":"product_tag","embeddable":true,"href":"https:\/\/www.customeeple.com\/es\/wp-json\/wp\/v2\/product_tag?post=7361"}],"curies":[{"name":"wp","href":"https:\/\/api.w.org\/{rel}","templated":true}]}}