{"id":73393,"date":"2024-04-26T12:39:33","date_gmt":"2024-04-26T11:39:33","guid":{"rendered":"https:\/\/www.customeeple.com\/?post_type=product&#038;p=73393"},"modified":"2025-01-28T13:47:24","modified_gmt":"2025-01-28T12:47:24","slug":"bandeja-de-marcadores-compatible-with-star-wars-shatterpoint-copy","status":"publish","type":"product","link":"https:\/\/www.customeeple.com\/es\/producto\/bandeja-de-marcadores-compatible-with-star-wars-shatterpoint-copy\/","title":{"rendered":"Bandeja Organizadora compatible con A Song Of Ice and Fire."},"content":{"rendered":"<div id=\"tab-description\">\n<div id=\"tab-description\">\n<p>Te presentamos nuestra pr\u00e1ctica bandeja dise\u00f1ada espec\u00edficamente para A Song Of Ice and Fire (ASoIaF). Esta bandeja est\u00e1 cortada con l\u00e1ser con precisi\u00f3n en capas de 3 mm de grosor, combinando durabilidad con una apariencia elegante. La bandeja viene preensamblada para tu comodidad, permiti\u00e9ndote acelerar el tiempo de preparaci\u00f3n y centrarte en el juego. Se ajusta perfectamente a los marcadores de cart\u00f3n incluidos en el juego, as\u00ed como a nuestros marcadores acr\u00edlicos. Adem\u00e1s, deber\u00eda poder acomodar nuestros 2 reglas acr\u00edlicas o la regla de cart\u00f3n incluida en el juego.<\/p>\n<p>Tambi\u00e9n creamos una bandeja de acr\u00edlico para las reglas giratorias, puedes comprar cada una por separado o un paquete con ambas.<\/p>\n<p>Para mayor comodidad, tienes la opci\u00f3n de incluir una tapa acr\u00edlica transparente con un logotipo personalizable de tu elecci\u00f3n. Solo necesitas pegar los imanes en su lugar con cianoacrilato, como Loctite.<\/p>\n<p><strong>Material:<\/strong> Acrilico<\/p>\n<p><strong>Tama\u00f1o:<\/strong> 20,5x 17,8 x 0,6 cm<\/p>\n<p><strong>Cantidad:<\/strong>\u00a01<\/p>\n<p><strong>Usos: <\/strong>almacenaje para marcadores de \u00a0<strong>A Song of Ice and Fire<\/strong><\/p>\n<p>A Song of Ice and Fire es un juego publicado por CMON Games. Customeeple no est\u00e1 afiliado con esta compa\u00f1\u00eda y este producto no est\u00e1 respaldado por ellos.<\/p>\n<\/div>\n<\/div>\n","protected":false},"excerpt":{"rendered":"<p>bandeja para ordenar el juego<\/p>\n","protected":false},"featured_media":73407,"template":"","meta":{"_acf_changed":false},"product_brand":[],"product_cat":[2166,2167,1370,2134,1623],"product_tag":[2127,1326],"class_list":{"0":"post-73393","1":"product","2":"type-product","3":"status-publish","4":"has-post-thumbnail","6":"product_cat-a-song-of-ice-and-fire-es","7":"product_cat-a-song-of-ice-and-fire-es-2","8":"product_cat-customeeple-es","9":"product_cat-sws","10":"product_cat-wargames-es-2","11":"product_tag-shatterpoint-es","12":"product_tag-starwars-es","13":"product_shipping_class-bigtube","15":"first","16":"instock","17":"taxable","18":"shipping-taxable","19":"purchasable","20":"product-type-variable","21":"has-default-attributes"},"exclude_global_add_ons":false,"addons":[{"name":"Tapa Extra con Logo Personalizado","type":"file_upload","position":0,"required":false,"title_format":"label","default":"","description_enable":false,"description":"","placeholder_enable":false,"placeholder":"","display":"select","restrictions_type":"any_text","adjust_price":true,"price":"13.95","price_type":"flat_fee","restrictions":false,"min":"0","max":"0","options":[]},{"name":"Tapa extra con uno de nuestros logos ( escribe la letra de la imagen)","type":"custom_text","position":1,"required":false,"title_format":"label","default":"","description_enable":false,"description":"","placeholder_enable":false,"placeholder":"","display":"select","restrictions_type":"any_text","adjust_price":true,"price":"12.95","price_type":"flat_fee","restrictions":true,"min":"1","max":"1","options":[]}],"acf":[],"_links":{"self":[{"href":"https:\/\/www.customeeple.com\/es\/wp-json\/wp\/v2\/product\/73393","targetHints":{"allow":["GET"]}}],"collection":[{"href":"https:\/\/www.customeeple.com\/es\/wp-json\/wp\/v2\/product"}],"about":[{"href":"https:\/\/www.customeeple.com\/es\/wp-json\/wp\/v2\/types\/product"}],"wp:featuredmedia":[{"embeddable":true,"href":"https:\/\/www.customeeple.com\/es\/wp-json\/wp\/v2\/media\/73407"}],"wp:attachment":[{"href":"https:\/\/www.customeeple.com\/es\/wp-json\/wp\/v2\/media?parent=73393"}],"wp:term":[{"taxonomy":"product_brand","embeddable":true,"href":"https:\/\/www.customeeple.com\/es\/wp-json\/wp\/v2\/product_brand?post=73393"},{"taxonomy":"product_cat","embeddable":true,"href":"https:\/\/www.customeeple.com\/es\/wp-json\/wp\/v2\/product_cat?post=73393"},{"taxonomy":"product_tag","embeddable":true,"href":"https:\/\/www.customeeple.com\/es\/wp-json\/wp\/v2\/product_tag?post=73393"}],"curies":[{"name":"wp","href":"https:\/\/api.w.org\/{rel}","templated":true}]}}