{"id":73151,"date":"2024-04-16T10:49:14","date_gmt":"2024-04-16T09:49:14","guid":{"rendered":"https:\/\/www.customeeple.com\/?post_type=product&#038;p=73151"},"modified":"2024-04-16T11:00:08","modified_gmt":"2024-04-16T10:00:08","slug":"bandeja-compatible-cyberpunk-gangs-of-night-city-copy","status":"publish","type":"product","link":"https:\/\/www.customeeple.com\/es\/producto\/bandeja-compatible-cyberpunk-gangs-of-night-city-copy\/","title":{"rendered":"Bandeja compatible Cyberpunk Gangs of Night City (Copy)"},"content":{"rendered":"<p>Conjunto de marcadores dise\u00f1ados para reemplazar los marcadores de recursos de cart\u00f3n oficiales del juego Cyberpunk 2077: Gangs of Night City &#8211; The Board Game. El conjunto incluye 20 Eddies, 20 escondites y 20 fichas corporativas secretas en acr\u00edlico transparente, disponibles en amarillo y azul fluorescente, as\u00ed como humo.<\/p>\n<p>Nuestras producto se integran perfectamente con los tapetes y las piezas de los jugadores de Cyberpunk 2077: Gangs of Night City &#8211; The Board Game.<\/p>\n<p><strong>Material: <\/strong>metacrilato<\/p>\n<p><strong>Tama\u00f1o: <\/strong>el mismo que los marcadores oficiales.<\/p>\n<div class=\"moreinfo\">\n<p dir=\"ltr\"><strong>Espesor:<\/strong> 3 mm<\/p>\n<p dir=\"ltr\"><strong>Cantidad:<\/strong> varia<\/p>\n<p><strong>Cyberpunk 2077: Gangs of Night City &#8211; The Board Game <\/strong>es un juego publicado por <a href=\"https:\/\/www.cmon.com\/\"><strong>CMON games<\/strong>.<\/a>\u00a0<strong>Customeeple<\/strong>\u00a0no mantiene ninguna relaci\u00f3n con esta compa\u00f1\u00eda y este producto no esta apoyado por ellos de ninguna forma.<\/p>\n<\/div>\n","protected":false},"excerpt":{"rendered":"<p>Un pack completo de marcadores para <strong>Cyberpunk 2077: Gangs of Night City &#8211; The Board Game<\/strong><\/p>\n","protected":false},"featured_media":73106,"template":"","meta":{"_acf_changed":false},"product_brand":[],"product_cat":[191,1370,78],"product_tag":[1264,2247,2248,1442],"class_list":{"0":"post-73151","1":"product","2":"type-product","3":"status-publish","4":"has-post-thumbnail","6":"product_cat-accesorios","7":"product_cat-customeeple-es","8":"product_cat-meeple-2","9":"product_tag-boardgame-es","10":"product_tag-cmon-es","11":"product_tag-cyberpunk-es","12":"product_tag-overlay-es","14":"first","15":"instock","16":"taxable","17":"shipping-taxable","18":"purchasable","19":"product-type-simple"},"exclude_global_add_ons":[],"addons":[],"acf":[],"_links":{"self":[{"href":"https:\/\/www.customeeple.com\/es\/wp-json\/wp\/v2\/product\/73151","targetHints":{"allow":["GET"]}}],"collection":[{"href":"https:\/\/www.customeeple.com\/es\/wp-json\/wp\/v2\/product"}],"about":[{"href":"https:\/\/www.customeeple.com\/es\/wp-json\/wp\/v2\/types\/product"}],"wp:featuredmedia":[{"embeddable":true,"href":"https:\/\/www.customeeple.com\/es\/wp-json\/wp\/v2\/media\/73106"}],"wp:attachment":[{"href":"https:\/\/www.customeeple.com\/es\/wp-json\/wp\/v2\/media?parent=73151"}],"wp:term":[{"taxonomy":"product_brand","embeddable":true,"href":"https:\/\/www.customeeple.com\/es\/wp-json\/wp\/v2\/product_brand?post=73151"},{"taxonomy":"product_cat","embeddable":true,"href":"https:\/\/www.customeeple.com\/es\/wp-json\/wp\/v2\/product_cat?post=73151"},{"taxonomy":"product_tag","embeddable":true,"href":"https:\/\/www.customeeple.com\/es\/wp-json\/wp\/v2\/product_tag?post=73151"}],"curies":[{"name":"wp","href":"https:\/\/api.w.org\/{rel}","templated":true}]}}