{"id":73025,"date":"2024-04-12T15:08:50","date_gmt":"2024-04-12T14:08:50","guid":{"rendered":"https:\/\/www.customeeple.com\/?post_type=product&#038;p=73025"},"modified":"2024-05-24T12:35:46","modified_gmt":"2024-05-24T11:35:46","slug":"bandejas-contenedoras-compatibles-con-cthulhu-death-may-die-5-uds-copy","status":"publish","type":"product","link":"https:\/\/www.customeeple.com\/es\/producto\/bandejas-contenedoras-compatibles-con-cthulhu-death-may-die-5-uds-copy\/","title":{"rendered":"Bandeja compatible Cyberpunk Gangs of Night City"},"content":{"rendered":"<p>Presentamos nuestras superposiciones transparentes de metacrilato, dise\u00f1adas para mantener organizadas y seguras tus piezas de juego, mientras mejoran la comodidad durante la partida. \u00a1Di adi\u00f3s a los temblores de mesa que ponen en peligro tus marcadores!<\/p>\n<p>Cada pack est\u00e1 compuesto por varias cubiertas de acr\u00edlico y una bandeja de madera MDF que encapsula la tarjeta. Puedes elegir la opci\u00f3n gen\u00e9rica o las cubiertas m\u00e1s espec\u00edficas para cada banda. La opci\u00f3n gen\u00e9rica tiene un agujero grande que puede contener diferentes fichas o una tarjeta para las diversas bandas. Lo \u00fanico que no encajar\u00e1 son las 3 fichas de escondite de la banda, que var\u00edan mucho entre las diferentes bandas. Las colocamos m\u00e1s abajo que la mayor\u00eda de las fichas de la banda para asegurar que haya espacio para guardar tu alijo. Las cubiertas espec\u00edficas est\u00e1n dise\u00f1adas para encajar perfectamente en los tableros de las bandas del juego, con agujeros espec\u00edficos para las habilidades. Por ejemplo, el tablero de Valentino presenta un agujero dise\u00f1ado para sujetar de manera segura las cartas de oportunidad enfundadas, o la cubierta de Maelstrom que tiene un agujero para la pista de Ira.<\/p>\n<p>Ofrecemos diferentes conjuntos adaptados a las distintas opciones de compra disponibles para el juego, como la versi\u00f3n de venta al p\u00fablico o las diferentes versiones de Kickstarter:<\/p>\n<ul>\n<li><strong>Gen\u00e9rico:<\/strong> 5 plantillas acr\u00edlicas gen\u00e9ricas que funcionar\u00e1n con todas las Pandillas<\/li>\n<li><strong>Juego Base:<\/strong> Incluye 4 superposiciones de acr\u00edlico para las bandas del juego b\u00e1sico.<\/li>\n<li><strong>Juego Base + Expansi\u00f3n Familias y Marginados<\/strong>: Incluye 6 superposiciones de acr\u00edlico para las bandas del juego b\u00e1sico, junto con la expansi\u00f3n \u00abFamilias y Marginados\u00bb.<\/li>\n<li><strong>Edgerunner<\/strong>: Consta de 5 superposiciones de acr\u00edlico para las bandas del juego b\u00e1sico, m\u00e1s la \u00ab6th Street Gang\u00bb.<\/li>\n<li><strong>Leyenda<\/strong>: Ofrece 10 superposiciones de acr\u00edlico que cubren las bandas del juego b\u00e1sico, \u00ab6th Street Gang\u00bb \u00abFamilies and Outcast,\u00bb y \u00abGang Wars.\u00bb<\/li>\n<\/ul>\n<p>Adem\u00e1s, puedes comprar marcadores para complementar este pack y sustituir los tokens de cart\u00f3n del tablero.<\/p>\n<p>Necesitar\u00e1s pegar 2 peque\u00f1as piezas en las bandejas de madera para que las superposiciones encajen correctamente. Para pegar dichas piezas, lo ideal es usar cola blanca (cola de carpintero), aunque tambi\u00e9n puedes utilizar Cyanocrilato (loctite o similar).<\/p>\n<p>Nuestras bandejas se integran perfectamente con las alfombrillas de jugador y las piezas de <strong>Cyberpunk 2077: Gangs of Night City &#8211; The Board Game.<\/strong><\/p>\n<p><strong>Material: <\/strong>DM y metacrilato<\/p>\n<div class=\"moreinfo\">\n<p dir=\"ltr\"><strong>Espesor:<\/strong> 3 mm<\/p>\n<p dir=\"ltr\"><strong>Cantidad:<\/strong> varia<\/p>\n<p><strong>Cyberpunk 2077: Gangs of Night City &#8211; The Board Game <\/strong>es un juego publicado por <a href=\"https:\/\/www.cmon.com\/\"><strong>CMON games<\/strong>.<\/a>\u00a0<strong>Customeeple<\/strong>\u00a0no mantiene ninguna relaci\u00f3n con esta compa\u00f1\u00eda y este producto no esta apoyado por ellos de ninguna forma.<\/p>\n<\/div>\n","protected":false},"excerpt":{"rendered":"<p>Un pack completo de bandejas para <strong>Cyberpunk 2077: Gangs of Night City &#8211; The Board Game<\/strong><\/p>\n","protected":false},"featured_media":73051,"template":"","meta":{"_acf_changed":false},"product_brand":[],"product_cat":[191,1370,1397],"product_tag":[1264,2247,2248,1442],"class_list":{"0":"post-73025","1":"product","2":"type-product","3":"status-publish","4":"has-post-thumbnail","6":"product_cat-accesorios","7":"product_cat-customeeple-es","8":"product_cat-overlay-es","9":"product_tag-boardgame-es","10":"product_tag-cmon-es","11":"product_tag-cyberpunk-es","12":"product_tag-overlay-es","14":"first","15":"instock","16":"taxable","17":"shipping-taxable","18":"purchasable","19":"product-type-variable"},"exclude_global_add_ons":[],"addons":[],"acf":[],"_links":{"self":[{"href":"https:\/\/www.customeeple.com\/es\/wp-json\/wp\/v2\/product\/73025","targetHints":{"allow":["GET"]}}],"collection":[{"href":"https:\/\/www.customeeple.com\/es\/wp-json\/wp\/v2\/product"}],"about":[{"href":"https:\/\/www.customeeple.com\/es\/wp-json\/wp\/v2\/types\/product"}],"wp:featuredmedia":[{"embeddable":true,"href":"https:\/\/www.customeeple.com\/es\/wp-json\/wp\/v2\/media\/73051"}],"wp:attachment":[{"href":"https:\/\/www.customeeple.com\/es\/wp-json\/wp\/v2\/media?parent=73025"}],"wp:term":[{"taxonomy":"product_brand","embeddable":true,"href":"https:\/\/www.customeeple.com\/es\/wp-json\/wp\/v2\/product_brand?post=73025"},{"taxonomy":"product_cat","embeddable":true,"href":"https:\/\/www.customeeple.com\/es\/wp-json\/wp\/v2\/product_cat?post=73025"},{"taxonomy":"product_tag","embeddable":true,"href":"https:\/\/www.customeeple.com\/es\/wp-json\/wp\/v2\/product_tag?post=73025"}],"curies":[{"name":"wp","href":"https:\/\/api.w.org\/{rel}","templated":true}]}}