{"id":72833,"date":"2024-04-01T13:41:19","date_gmt":"2024-04-01T12:41:19","guid":{"rendered":"https:\/\/www.customeeple.com\/?post_type=product&#038;p=72833"},"modified":"2024-04-09T15:10:49","modified_gmt":"2024-04-09T14:10:49","slug":"asoiaf-marcadores-copy-2","status":"publish","type":"product","link":"https:\/\/www.customeeple.com\/es\/producto\/asoiaf-marcadores-copy-2\/","title":{"rendered":"Star Wars Unlimited Marcadores"},"content":{"rendered":"<p><span style=\"font-size: 1.618em;\">Conjunto de marcadores dise\u00f1ados para ser compatibles con \u00abStar Wars Unlimited\u00bb<br \/>\n<\/span><\/p>\n<div>\n<p>Tambi\u00e9n puedes usarlos para marcar diferentes elementos del juego, como la ganancia de experiencia o el da\u00f1o a una unidad. Seg\u00fan los marcadores incluidos en el juego, el paquete completo deber\u00eda ser suficiente para un jugador y contiene:<\/p>\n<ul>\n<li>1x contador de iniciativa (espejo dorado)<\/li>\n<li>1x ficha modificadora [-2\/-2]<\/li>\n<li>1x ficha modificadora [-1\/-1]<\/li>\n<li>2x ficha modificadora [+1\/+1]<\/li>\n<li>2x ficha modificadora [+2\/+2]<\/li>\n<li>1x ficha modificadora [+3\/+3]<\/li>\n<li>1x ficha modificadora [+4\/+4]<\/li>\n<li>2x Modificador de HP [+0\/+1]<\/li>\n<li>2x Modificador PWR [-1\/0]<\/li>\n<li>2x Modificador PWR [+1\/+0]<\/li>\n<li>2x Modificador de PWR [+2\/+0]<\/li>\n<li>9x Contador de da\u00f1os 8 [1\/3] Doble Cara<\/li>\n<li>2x contadores de da\u00f1o [5\/10] Doble Cara<\/li>\n<li>2x ficha de experiencia [+1\/+1]<\/li>\n<li>2x ficha de experiencia [+2\/+2]<\/li>\n<li>1x ficha de experiencia [+3\/+3]<\/li>\n<li>1x ficha de experiencia [+4\/+4]<\/li>\n<li>2x ficha de recordatorio<\/li>\n<li>4x fichas de escudo<\/li>\n<li>2x contadores de acci\u00f3n \u00e9pica<\/li>\n<\/ul>\n<p>Tambi\u00e9n puedes adquirir los marcadores en una caja para facilitar su transporte.<\/p>\n<p>Puedes elegir el logo en la ficha de iniciativa y en la caja.<\/p>\n<\/div>\n<div class=\"moreinfo\">\n<p><strong>Material:<\/strong> Metacrilato de diferentes colores pintado a mano adecuadamente.<\/p>\n<p><strong>Grosor:<\/strong> 3 mm<\/p>\n<p><strong>Tama\u00f1o:<\/strong> varia<\/p>\n<p><strong>Cantidad:<\/strong> 43 marcadores<\/p>\n<p><strong>Uso:<\/strong> Fichas de juego<\/p>\n<\/div>\n<div class=\"infopreorder\">\n<p><b>Star Wars Unlimited<\/b> es un juego publicado por <b>FFG<\/b><a href=\"https:\/\/www.cmon.com\/\">.<\/a> <strong>Customeeple<\/strong> no est\u00e1 afiliado a esta empresa, y no respaldan este producto.<\/p>\n<\/div>\n","protected":false},"excerpt":{"rendered":"<p>Conjunto de fichas compatible con \u00ab<b>Star Wars Unlimited\u00bb<\/b><\/p>\n","protected":false},"featured_media":73211,"template":"","meta":{"_acf_changed":false},"product_brand":[],"product_cat":[1370,2139,816,2237],"product_tag":[1351,2240,2241],"class_list":{"0":"post-72833","1":"product","2":"type-product","3":"status-publish","4":"has-post-thumbnail","6":"product_cat-customeeple-es","7":"product_cat-star-wars","8":"product_cat-space-fight-es","9":"product_cat-star-wars-unlimited-es","10":"product_tag-star-wars-es","11":"product_tag-star-wars-unlimited-es","12":"product_tag-tcg-es","14":"first","15":"instock","16":"taxable","17":"shipping-taxable","18":"purchasable","19":"product-type-variable"},"exclude_global_add_ons":false,"addons":[{"name":"elige si quieres un logo diferente para la iniciativa y la caja (si est\u00e1 en blanco se usar\u00e1 el de las fotos)","type":"custom_text","position":0,"required":false,"title_format":"label","default":"","description_enable":false,"description":"","placeholder_enable":false,"placeholder":"","display":"select","restrictions_type":"only_letters","adjust_price":false,"price":"","price_type":"flat_fee","restrictions":true,"min":"1","max":"0","options":[]}],"acf":[],"_links":{"self":[{"href":"https:\/\/www.customeeple.com\/es\/wp-json\/wp\/v2\/product\/72833","targetHints":{"allow":["GET"]}}],"collection":[{"href":"https:\/\/www.customeeple.com\/es\/wp-json\/wp\/v2\/product"}],"about":[{"href":"https:\/\/www.customeeple.com\/es\/wp-json\/wp\/v2\/types\/product"}],"wp:featuredmedia":[{"embeddable":true,"href":"https:\/\/www.customeeple.com\/es\/wp-json\/wp\/v2\/media\/73211"}],"wp:attachment":[{"href":"https:\/\/www.customeeple.com\/es\/wp-json\/wp\/v2\/media?parent=72833"}],"wp:term":[{"taxonomy":"product_brand","embeddable":true,"href":"https:\/\/www.customeeple.com\/es\/wp-json\/wp\/v2\/product_brand?post=72833"},{"taxonomy":"product_cat","embeddable":true,"href":"https:\/\/www.customeeple.com\/es\/wp-json\/wp\/v2\/product_cat?post=72833"},{"taxonomy":"product_tag","embeddable":true,"href":"https:\/\/www.customeeple.com\/es\/wp-json\/wp\/v2\/product_tag?post=72833"}],"curies":[{"name":"wp","href":"https:\/\/api.w.org\/{rel}","templated":true}]}}