{"id":72651,"date":"2024-03-07T10:14:43","date_gmt":"2024-03-07T09:14:43","guid":{"rendered":"https:\/\/www.customeeple.com\/?post_type=product&#038;p=72651"},"modified":"2024-04-09T08:34:23","modified_gmt":"2024-04-09T07:34:23","slug":"dados-gaslands-16mm-basic-5-uds-copy","status":"publish","type":"product","link":"https:\/\/www.customeeple.com\/es\/producto\/dados-gaslands-16mm-basic-5-uds-copy\/","title":{"rendered":"Gaslands Daod de Marchas (5 Uds)"},"content":{"rendered":"<div class=\"add-top p_collection\">\n<p>Consigue un set de dados para Gaslands, ideal para marcar la fase de la marcha o indicar la marcha\u00a0 actual de cada coche.<\/p>\n<p>Puedes elegir el color de tus dados entre nuestras diferentes opciones transparentes. Estos dados est\u00e1n grabados y pintados a mano, pero tambi\u00e9n tienes la opci\u00f3n de comprarlos sin pintar.<\/p>\n<p>Nuestra linea de productos para\u00a0<strong><a href=\"https:\/\/gaslands.com\/about\/\">Gaslands\u00a0<\/a><\/strong>est\u00e1 dise\u00f1ada siguiendo las directrices del manual y del acuerdo \u00ab<a href=\"https:\/\/gaslands.com\/friends-of-gaslands\/\"><strong>Friends of Gaslands\u00bb <\/strong><\/a>para ser totalmente compatible con <strong><a href=\"https:\/\/gaslands.com\/about\/\">Gaslands <\/a><\/strong>el juego de combate de vehiculos post apocal\u00edptico.<\/p>\n<\/div>\n<div class=\"moreinfo\">\n<p><strong>Material:<\/strong>\u00a0Dados pl\u00e1sticos, grabados y pintados<\/p>\n<p><strong>Tama\u00f1o:<\/strong> 16mm<\/p>\n<p dir=\"ltr\"><strong>Cantidad: <\/strong>\u00a01 o 5 dados.<\/p>\n<\/div>\n<div class=\"infopreorder\">\u00a0\u00a0<strong>Nota:<\/strong>\u00a0Este producto se vende bajo las normas del acuerdo\u00a0\u00ab<a href=\"https:\/\/gaslands.com\/friends-of-gaslands\/\"><strong>Friends of Gaslands\u00bb <\/strong><\/a><\/div>\n","protected":false},"excerpt":{"rendered":"<p>Dados para\u00a0<a href=\"https:\/\/gaslands.com\/about\/\"><strong>Gaslands<\/strong><\/a><\/p>\n","protected":false},"featured_media":72657,"template":"","meta":{"_acf_changed":false},"product_brand":[],"product_cat":[1370,1392,1393,1406,1372],"product_tag":[279,2197],"class_list":{"0":"post-72651","1":"product","2":"type-product","3":"status-publish","4":"has-post-thumbnail","6":"product_cat-customeeple-es","7":"product_cat-dados","8":"product_cat-gaslands-es","9":"product_cat-gaslands-es-2","10":"product_cat-sci-fi-es","11":"product_tag-dado","12":"product_tag-gaslands-es","14":"first","15":"instock","16":"taxable","17":"shipping-taxable","18":"purchasable","19":"product-type-variable"},"exclude_global_add_ons":[],"addons":[],"acf":[],"_links":{"self":[{"href":"https:\/\/www.customeeple.com\/es\/wp-json\/wp\/v2\/product\/72651","targetHints":{"allow":["GET"]}}],"collection":[{"href":"https:\/\/www.customeeple.com\/es\/wp-json\/wp\/v2\/product"}],"about":[{"href":"https:\/\/www.customeeple.com\/es\/wp-json\/wp\/v2\/types\/product"}],"wp:featuredmedia":[{"embeddable":true,"href":"https:\/\/www.customeeple.com\/es\/wp-json\/wp\/v2\/media\/72657"}],"wp:attachment":[{"href":"https:\/\/www.customeeple.com\/es\/wp-json\/wp\/v2\/media?parent=72651"}],"wp:term":[{"taxonomy":"product_brand","embeddable":true,"href":"https:\/\/www.customeeple.com\/es\/wp-json\/wp\/v2\/product_brand?post=72651"},{"taxonomy":"product_cat","embeddable":true,"href":"https:\/\/www.customeeple.com\/es\/wp-json\/wp\/v2\/product_cat?post=72651"},{"taxonomy":"product_tag","embeddable":true,"href":"https:\/\/www.customeeple.com\/es\/wp-json\/wp\/v2\/product_tag?post=72651"}],"curies":[{"name":"wp","href":"https:\/\/api.w.org\/{rel}","templated":true}]}}