{"id":72551,"date":"2024-03-01T15:46:28","date_gmt":"2024-03-01T14:46:28","guid":{"rendered":"https:\/\/www.customeeple.com\/?post_type=product&#038;p=72551"},"modified":"2024-03-19T12:35:20","modified_gmt":"2024-03-19T11:35:20","slug":"asoiaf-marcadores-copy-copy","status":"publish","type":"product","link":"https:\/\/www.customeeple.com\/es\/producto\/asoiaf-marcadores-copy-copy\/","title":{"rendered":"Reglas de Giro para Canci\u00f3n de Hielo y Fuego"},"content":{"rendered":"<div>\n<h3>Conjunto de 4 Reglas de Giro para el juego de miniaturas Canci\u00f3n de Hielo y Fuego<\/h3>\n<p>Cada conjunto incluye:<\/p>\n<ul>\n<li>1 x Regla de giro para la unidad Solo.<\/li>\n<li>1 x Regla de giro para la unidad Infanter\u00eda.<\/li>\n<li>1 x Regla de giro para la unidad Artiller\u00eda.<\/li>\n<li>1 x Regla de giro para la unidad Caballer\u00eda.<\/li>\n<\/ul>\n<p>Cada regla est\u00e1 fabricada con material acr\u00edlico de alta calidad, proporcionando durabilidad y claridad para facilitar la medici\u00f3n durante el juego. Adem\u00e1s, tienes la flexibilidad para personalizar varios aspectos de las reglas seg\u00fan tus preferencias. Puedes elegir la combinaci\u00f3n de colores, el acr\u00edlico (primero) y el color de la pintura para el gravado\u00a0(segundo), e incluso personalizar las reglas con el logo de tu facci\u00f3n favorita del juego. Consulta los colores en <a href=\"https:\/\/www.customeeple.com\/materials\/\" target=\"_new\" rel=\"noopener\">https:\/\/www.customeeple.com\/materials\/<\/a><\/p>\n<p><strong>MEDIDAS:<\/strong> La regla de la unidad Solo corresponde a una base de 70x30mm, la regla de la unidad Artiller\u00eda a una base de 70x140mm, la regla de la unidad Infanter\u00eda a una base de 140x120mm y la regla de la unidad Caballer\u00eda a una base de 140x125mm.<\/p>\n<p>Fabricadas con acr\u00edlico de alta calidad con un grosor aproximado de 3 mm.<\/p>\n<\/div>\n<p><strong>Material:<\/strong> Metacrilato de diferentes colores pintado a mano adecuadamente.<\/p>\n<div class=\"moreinfo\">\n<p><strong>Grosor:<\/strong> 3 mm<\/p>\n<p><strong>Cantidad:<\/strong> 4 reglas<\/p>\n<p><strong>Uso:<\/strong> Reglas de juego<\/p>\n<\/div>\n<div class=\"infopreorder\">\n<p><strong>A Song of Ice and Fire<\/strong> es un juego publicado por <a href=\"https:\/\/www.cmon.com\/\"><strong>CMON Games<\/strong>.<\/a> <strong>Customeeple<\/strong> no est\u00e1 afiliado a esta empresa y no respalda este producto.<\/p>\n<\/div>\n","protected":false},"excerpt":{"rendered":"<p>Conjunto de fichas para \u00abA Song of Ice and Fire\u00bb \u00abCancion de Hielo y Fuego\u00bb<\/p>\n","protected":false},"featured_media":73019,"template":"","meta":{"_acf_changed":false},"product_brand":[],"product_cat":[2166,2167,1370],"product_tag":[2195,2196],"class_list":{"0":"post-72551","1":"product","2":"type-product","3":"status-publish","4":"has-post-thumbnail","6":"product_cat-a-song-of-ice-and-fire-es","7":"product_cat-a-song-of-ice-and-fire-es-2","8":"product_cat-customeeple-es","9":"product_tag-asoiaf-es","10":"product_tag-cancion-de-hielo-y-fuego-es","11":"pa_colorcombo-amarillo-fluor-negro","12":"pa_colorcombo-amarillo-fluor-rojo","13":"pa_colorcombo-blanco-negro","14":"pa_colorcombo-hielo-negro","15":"pa_colorcombo-hum-trans-blanco","16":"pa_colorcombo-humo-trans-oro","17":"pa_colorcombo-naranja-trans-blanco","18":"pa_colorcombo-naranja-trans-granate","19":"pa_colorcombo-negro-blanco","20":"pa_colorcombo-negro-oro","21":"pa_colorcombo-negro-plata","22":"pa_colorcombo-negro-rojo","23":"pa_colorcombo-rojo-trans-blanco","24":"pa_colorcombo-rojo-trans-oro","25":"pa_colorcombo-verde-trans-blanco","26":"pa_colorcombo-verde-trans-oro","28":"first","29":"instock","30":"taxable","31":"shipping-taxable","32":"purchasable","33":"product-type-variable"},"exclude_global_add_ons":[],"addons":[],"acf":[],"_links":{"self":[{"href":"https:\/\/www.customeeple.com\/es\/wp-json\/wp\/v2\/product\/72551","targetHints":{"allow":["GET"]}}],"collection":[{"href":"https:\/\/www.customeeple.com\/es\/wp-json\/wp\/v2\/product"}],"about":[{"href":"https:\/\/www.customeeple.com\/es\/wp-json\/wp\/v2\/types\/product"}],"wp:featuredmedia":[{"embeddable":true,"href":"https:\/\/www.customeeple.com\/es\/wp-json\/wp\/v2\/media\/73019"}],"wp:attachment":[{"href":"https:\/\/www.customeeple.com\/es\/wp-json\/wp\/v2\/media?parent=72551"}],"wp:term":[{"taxonomy":"product_brand","embeddable":true,"href":"https:\/\/www.customeeple.com\/es\/wp-json\/wp\/v2\/product_brand?post=72551"},{"taxonomy":"product_cat","embeddable":true,"href":"https:\/\/www.customeeple.com\/es\/wp-json\/wp\/v2\/product_cat?post=72551"},{"taxonomy":"product_tag","embeddable":true,"href":"https:\/\/www.customeeple.com\/es\/wp-json\/wp\/v2\/product_tag?post=72551"}],"curies":[{"name":"wp","href":"https:\/\/api.w.org\/{rel}","templated":true}]}}