{"id":72445,"date":"2024-03-01T12:50:55","date_gmt":"2024-03-01T11:50:55","guid":{"rendered":"https:\/\/www.customeeple.com\/?post_type=product&#038;p=72445"},"modified":"2024-03-01T14:18:23","modified_gmt":"2024-03-01T13:18:23","slug":"asoiaf-marcadores-de-faccion-copy","status":"publish","type":"product","link":"https:\/\/www.customeeple.com\/es\/producto\/asoiaf-marcadores-de-faccion-copy\/","title":{"rendered":"ASoIaF Marcadores"},"content":{"rendered":"<p>Por supuesto, aqu\u00ed tienes la versi\u00f3n traducida al castellano manteniendo el formato HTML:<\/p>\n<p>html<br \/>\nCopy code<\/p>\n<div>\n<h3>Conjunto de marcadores dise\u00f1ados para ser compatibles con \u00abA Song of Ice and Fire\u00bb<\/h3>\n<p>Tambi\u00e9n puedes usarlos para marcar diferentes elementos en el juego, como el uso de habilidades, o como marcadores gen\u00e9ricos para indicar cualquier caracter\u00edstica dentro del juego. Basado en los marcadores incluidos en el juego, el paquete completo deber\u00eda ser suficiente para un jugador e incluye:<\/p>\n<ul>\n<li>5 x Marcadores de cuerno: para marcar el uso de habilidades.<\/li>\n<li>5 x Marcadores de bandera rota: para marcar una unidad en retirada.<\/li>\n<li>5 x Marcadores de espada rota: para marcar una unidad debilitada.<\/li>\n<li>5 x Marcadores de escudo roto: para marcar unidades con defensa reducida.<\/li>\n<li>5 x Marcadores de coraz\u00f3n: para marcar unidades heridas.<\/li>\n<li>5 x Marcadores de 1 punto: para puntos de objetivo.<\/li>\n<li>3 x Marcadores de 3 puntos: para puntos de objetivo adicionales.<\/li>\n<\/ul>\n<p>Tambi\u00e9n puedes comprar todos los marcadores por separado en paquetes de 5 unidades.<\/p>\n<\/div>\n<div class=\"moreinfo\">\n<p><strong>Material:<\/strong> Metacrilato de diferentes colores pintado a mano adecuadamente.<\/p>\n<p><strong>Grosor:<\/strong> 3 mm<\/p>\n<p><strong>Tama\u00f1o:<\/strong> Radio de 20 mm<\/p>\n<p><strong>Cantidad:<\/strong> 33 marcadores<\/p>\n<p><strong>Uso:<\/strong> Fichas de juego<\/p>\n<\/div>\n<div class=\"infopreorder\">\n<p><strong>A Song of Ice and Fire<\/strong> es un juego publicado por <a href=\"https:\/\/www.cmon.com\/\"><strong>CMON Games<\/strong>.<\/a> <strong>Customeeple<\/strong> no est\u00e1 afiliado a esta empresa, y no respaldan este producto.<\/p>\n<\/div>\n","protected":false},"excerpt":{"rendered":"<p>Conjunto de fichas para \u00abA Song of Ice and Fire\u00bb \u00abCancion de Hielo y Fuego\u00bb<\/p>\n","protected":false},"featured_media":72496,"template":"","meta":{"_acf_changed":false},"product_brand":[],"product_cat":[2166,2167,1370],"product_tag":[2195,2196],"class_list":{"0":"post-72445","1":"product","2":"type-product","3":"status-publish","4":"has-post-thumbnail","6":"product_cat-a-song-of-ice-and-fire-es","7":"product_cat-a-song-of-ice-and-fire-es-2","8":"product_cat-customeeple-es","9":"product_tag-asoiaf-es","10":"product_tag-cancion-de-hielo-y-fuego-es","12":"first","13":"instock","14":"taxable","15":"shipping-taxable","16":"purchasable","17":"product-type-variable"},"exclude_global_add_ons":[],"addons":[],"acf":[],"_links":{"self":[{"href":"https:\/\/www.customeeple.com\/es\/wp-json\/wp\/v2\/product\/72445","targetHints":{"allow":["GET"]}}],"collection":[{"href":"https:\/\/www.customeeple.com\/es\/wp-json\/wp\/v2\/product"}],"about":[{"href":"https:\/\/www.customeeple.com\/es\/wp-json\/wp\/v2\/types\/product"}],"wp:featuredmedia":[{"embeddable":true,"href":"https:\/\/www.customeeple.com\/es\/wp-json\/wp\/v2\/media\/72496"}],"wp:attachment":[{"href":"https:\/\/www.customeeple.com\/es\/wp-json\/wp\/v2\/media?parent=72445"}],"wp:term":[{"taxonomy":"product_brand","embeddable":true,"href":"https:\/\/www.customeeple.com\/es\/wp-json\/wp\/v2\/product_brand?post=72445"},{"taxonomy":"product_cat","embeddable":true,"href":"https:\/\/www.customeeple.com\/es\/wp-json\/wp\/v2\/product_cat?post=72445"},{"taxonomy":"product_tag","embeddable":true,"href":"https:\/\/www.customeeple.com\/es\/wp-json\/wp\/v2\/product_tag?post=72445"}],"curies":[{"name":"wp","href":"https:\/\/api.w.org\/{rel}","templated":true}]}}