{"id":72417,"date":"2024-03-01T14:16:31","date_gmt":"2024-03-01T13:16:31","guid":{"rendered":"https:\/\/www.customeeple.com\/product\/asoiaf-marcadores-de-faccion\/"},"modified":"2024-02-28T14:16:31","modified_gmt":"2024-02-28T13:16:31","slug":"asoiaf-marcadores-de-faccion","status":"publish","type":"product","link":"https:\/\/www.customeeple.com\/es\/producto\/asoiaf-marcadores-de-faccion\/","title":{"rendered":"ASoIaF Marcadores de Facci\u00f3n"},"content":{"rendered":"<p>Un conjunto de marcadores dise\u00f1ados para ser compatibles con \u00abA Song of Ice and Fire\u00bb. Tambi\u00e9n puedes usarlos como marcadores de activaci\u00f3n o como un marcador gen\u00e9rico para indicar cualquier caracter\u00edstica dentro del juego.<\/p>\n<div class=\"moreinfo\">\n<p dir=\"ltr\"><strong>Material:<\/strong> Metacrilato de diferentes colores pintado a mano apropiadamente<\/p>\n<p dir=\"ltr\"><strong>Grosor:<\/strong> 3 mm<\/p>\n<p dir=\"ltr\"><strong>Tama\u00f1o:<\/strong> Radio de 20 mm<\/p>\n<p dir=\"ltr\"><strong>Cantidad:<\/strong> 6 Marcadores<\/p>\n<p><strong>Uso:<\/strong> Fichas de activaci\u00f3n\n<\/div>\n<div class=\"infopreorder\">\n<strong>A Song of Ice and Fire<\/strong> es un juego publicado por <a href=\"https:\/\/www.cmon.com\/\"><strong>CMON Games<\/strong>.<\/a> <strong>Customeeple<\/strong> no est\u00e1 afiliado a esta empresa y este producto no est\u00e1 respaldado por ellos.\n<\/div>\n","protected":false},"excerpt":{"rendered":"<p>Conjunto de fichas de facciones para \u00abA Song of Ice and Fire\u00bb \u00abCancion de Hielo y Fuego\u00bb<\/p>\n","protected":false},"featured_media":72382,"template":"","meta":{"_acf_changed":false},"product_brand":[],"product_cat":[2166,2167,1370],"product_tag":[2195,2196],"class_list":{"0":"post-72417","1":"product","2":"type-product","3":"status-publish","4":"has-post-thumbnail","6":"product_cat-a-song-of-ice-and-fire-es","7":"product_cat-a-song-of-ice-and-fire-es-2","8":"product_cat-customeeple-es","9":"product_tag-asoiaf-es","10":"product_tag-cancion-de-hielo-y-fuego-es","12":"first","13":"instock","14":"taxable","15":"shipping-taxable","16":"purchasable","17":"product-type-variable"},"exclude_global_add_ons":[],"addons":[],"acf":[],"_links":{"self":[{"href":"https:\/\/www.customeeple.com\/es\/wp-json\/wp\/v2\/product\/72417","targetHints":{"allow":["GET"]}}],"collection":[{"href":"https:\/\/www.customeeple.com\/es\/wp-json\/wp\/v2\/product"}],"about":[{"href":"https:\/\/www.customeeple.com\/es\/wp-json\/wp\/v2\/types\/product"}],"wp:featuredmedia":[{"embeddable":true,"href":"https:\/\/www.customeeple.com\/es\/wp-json\/wp\/v2\/media\/72382"}],"wp:attachment":[{"href":"https:\/\/www.customeeple.com\/es\/wp-json\/wp\/v2\/media?parent=72417"}],"wp:term":[{"taxonomy":"product_brand","embeddable":true,"href":"https:\/\/www.customeeple.com\/es\/wp-json\/wp\/v2\/product_brand?post=72417"},{"taxonomy":"product_cat","embeddable":true,"href":"https:\/\/www.customeeple.com\/es\/wp-json\/wp\/v2\/product_cat?post=72417"},{"taxonomy":"product_tag","embeddable":true,"href":"https:\/\/www.customeeple.com\/es\/wp-json\/wp\/v2\/product_tag?post=72417"}],"curies":[{"name":"wp","href":"https:\/\/api.w.org\/{rel}","templated":true}]}}