{"id":70555,"date":"2023-11-03T15:32:18","date_gmt":"2023-11-03T14:32:19","guid":{"rendered":"https:\/\/www.customeeple.com\/?post_type=product&#038;p=70555"},"modified":"2025-01-29T14:32:39","modified_gmt":"2025-01-29T13:32:39","slug":"3-objetivos-de-segundo-conflicto-para-sw-shatterpoint","status":"publish","type":"product","link":"https:\/\/www.customeeple.com\/es\/producto\/3-objetivos-de-segundo-conflicto-para-sw-shatterpoint\/","title":{"rendered":"3 objetivos de segundo conflicto para SW Shatterpoint"},"content":{"rendered":"<div id=\"tab-description\">\n<div id=\"tab-description\">\n<p>Estamos presentando nuestros nuevos marcadores para Star Wars Shatterpoint, dise\u00f1ados para mejorar tu experiencia de juego. Estos tokens son el reemplazo perfecto para el conjunto de marcadores Sabotage Showdown incluido en el paquete de misi\u00f3n del mismo nombre. Cada ficha est\u00e1 fabricada con precisi\u00f3n, con un di\u00e1metro de 30 mm y un grosor de 3 mm, asegurando el mismo tama\u00f1o que los oficiales y una excelente durabilidad y calidad.<\/p>\n<p>Lo que diferencia a estos marcadores es su dise\u00f1o de doble cara, lo que te permite marcar f\u00e1cilmente el que punt\u00faa doble al darle la vuelta al marcador.<\/p>\n<p>Este paquete incluye:<\/p>\n<ul>\n<li>3x Marcadores de Lucha de Doble Cara (Acr\u00edlico Negro) pintados a mano en blanco y amarillo.<\/li>\n<\/ul>\n<p>Los marcadores se enviar\u00e1n con una protecci\u00f3n en la parte posterior que deber\u00e1 retirarse al recibirlos.<\/p>\n<p>Tenga en cuenta que no estamos afiliados, autorizados ni respaldados por Mass Atomic Games. Nos esforzamos por ofrecer productos de alta calidad que mejoren su experiencia de juego. Mejora tu juego y muestra tu estilo \u00fanico con nuestra opci\u00f3n de gorra personalizable. \u00a1Es hora de llevar tu viaje en el universo de Star Wars al siguiente nivel!<\/p>\n<p>\u00a1Mejora tu juego y muestra tu estilo \u00fanico con nuestra opci\u00f3n de tapa personalizable. Ha llegado el momento de llevar tu aventura en el universo de Star Wars al siguiente nivel!<\/p>\n<p><strong>Material:<\/strong> acrilico de 3mm<\/p>\n<p><strong>Tama\u00f1o:<\/strong> 30mm<\/p>\n<p><strong>Cantidad:<\/strong> 81 marcadores<\/p>\n<p><span class=\"game-year ng-binding ng-scope\"><a href=\"https:\/\/boardgamegeek.com\/boardgame\/374562\/star-wars-shatterpoint\">Star Wars Shatterpoint<\/a> (2023)\u00a0es un juego de\u00a0Atomic Mass Games. Customeeple no est\u00e1 afiliado a esta empresa y no respalda este producto.<\/span><\/p>\n<\/div>\n<\/div>\n","protected":false},"excerpt":{"rendered":"<p>conjunto de marcadores<\/p>\n","protected":false},"featured_media":70559,"template":"","meta":{"_acf_changed":false},"product_brand":[],"product_cat":[1370,1372,2128,816,1623],"product_tag":[2127,1326],"class_list":{"0":"post-70555","1":"product","2":"type-product","3":"status-publish","4":"has-post-thumbnail","6":"product_cat-customeeple-es","7":"product_cat-sci-fi-es","8":"product_cat-shatterpoint-es","9":"product_cat-space-fight-es","10":"product_cat-wargames-es-2","11":"product_tag-shatterpoint-es","12":"product_tag-starwars-es","13":"product_shipping_class-bigtube","15":"first","16":"instock","17":"taxable","18":"shipping-taxable","19":"purchasable","20":"product-type-simple"},"exclude_global_add_ons":[],"addons":[],"acf":[],"_links":{"self":[{"href":"https:\/\/www.customeeple.com\/es\/wp-json\/wp\/v2\/product\/70555","targetHints":{"allow":["GET"]}}],"collection":[{"href":"https:\/\/www.customeeple.com\/es\/wp-json\/wp\/v2\/product"}],"about":[{"href":"https:\/\/www.customeeple.com\/es\/wp-json\/wp\/v2\/types\/product"}],"wp:featuredmedia":[{"embeddable":true,"href":"https:\/\/www.customeeple.com\/es\/wp-json\/wp\/v2\/media\/70559"}],"wp:attachment":[{"href":"https:\/\/www.customeeple.com\/es\/wp-json\/wp\/v2\/media?parent=70555"}],"wp:term":[{"taxonomy":"product_brand","embeddable":true,"href":"https:\/\/www.customeeple.com\/es\/wp-json\/wp\/v2\/product_brand?post=70555"},{"taxonomy":"product_cat","embeddable":true,"href":"https:\/\/www.customeeple.com\/es\/wp-json\/wp\/v2\/product_cat?post=70555"},{"taxonomy":"product_tag","embeddable":true,"href":"https:\/\/www.customeeple.com\/es\/wp-json\/wp\/v2\/product_tag?post=70555"}],"curies":[{"name":"wp","href":"https:\/\/api.w.org\/{rel}","templated":true}]}}