{"id":70511,"date":"2023-10-31T10:07:40","date_gmt":"2023-10-31T09:07:40","guid":{"rendered":"https:\/\/www.customeeple.com\/?post_type=product&#038;p=70511"},"modified":"2026-01-26T13:54:25","modified_gmt":"2026-01-26T12:54:25","slug":"age-of-steam-deluxe-overlay","status":"publish","type":"product","link":"https:\/\/www.customeeple.com\/es\/producto\/age-of-steam-deluxe-overlay\/","title":{"rendered":"Age of Steam Deluxe Overlay"},"content":{"rendered":"<p>Presentamos nuestro Age of Steam Deluxe Overlay, la soluci\u00f3n perfecta para mantener organizadas y seguras tus piezas de juego mientras mejoras tu experiencia de juego.<\/p>\n<p>No m\u00e1s preocupaciones por los golpes accidentales en la mesa que puedan arruinar tu partida: nuestro overlay de acr\u00edlico transparente garantiza que tus piezas de juego, especialmente esos cubos tan importantes, permanezcan en su lugar.<\/p>\n<p>Dise\u00f1ado para integrarse perfectamente con las alfombrillas de jugador y los cubos de Age of Steam Deluxe, este overlay simplifica el juego, permiti\u00e9ndote concentrarte en desarrollar estrategias y disfrutar de cada momento de tus sesiones de juego. \u00a1Eleva tu experiencia de juego con nuestro Age of Steam Deluxe Overlay hoy mismo!<\/p>\n<div class=\"moreinfo\">\n<p dir=\"ltr\"><strong>Espesor:<\/strong> 2 mm<\/p>\n<p dir=\"ltr\"><strong>Cantidad:<\/strong> 1<\/p>\n<p><strong>Uso:<\/strong> Bandeja organizadora<\/p>\n<p>Age of Steam (2002) es un juego de\u00a0<span class=\"ng-scope\"><a class=\"ng-binding\" title=\"John Bohrer\" href=\"https:\/\/boardgamegeek.com\/boardgamedesigner\/366\/john-bohrer\">John Bohrer<\/a>, and\u00a0<\/span><span class=\"ng-scope\"><a class=\"ng-binding\" title=\"Martin Wallace\" href=\"https:\/\/boardgamegeek.com\/boardgamedesigner\/6\/martin-wallace\">Martin Wallace<\/a><\/span>\u00a0 publicado por\u00a0<a class=\"ng-binding\" title=\"Warfrog Games\" href=\"https:\/\/boardgamegeek.com\/boardgamepublisher\/7\/warfrog-games\">Warfrog Games<\/a><strong>.<\/strong>\u00a0<strong>Customeeple<\/strong>\u00a0no mantiene ninguna relaci\u00f3n con esta compa\u00f1\u00eda y este producto no esta apoyado por ellos de ninguna forma.<\/p>\n<\/div>\n","protected":false},"excerpt":{"rendered":"<p>Bandeja organizadora<\/p>\n","protected":false},"featured_media":70513,"template":"","meta":{"_acf_changed":false},"product_brand":[],"product_cat":[1370,1397],"product_tag":[2302,1442],"class_list":{"0":"post-70511","1":"product","2":"type-product","3":"status-publish","4":"has-post-thumbnail","6":"product_cat-customeeple-es","7":"product_cat-overlay-es","8":"product_tag-frostpunk-es","9":"product_tag-overlay-es","11":"first","12":"instock","13":"taxable","14":"shipping-taxable","15":"purchasable","16":"product-type-simple"},"exclude_global_add_ons":[],"addons":[],"acf":[],"_links":{"self":[{"href":"https:\/\/www.customeeple.com\/es\/wp-json\/wp\/v2\/product\/70511","targetHints":{"allow":["GET"]}}],"collection":[{"href":"https:\/\/www.customeeple.com\/es\/wp-json\/wp\/v2\/product"}],"about":[{"href":"https:\/\/www.customeeple.com\/es\/wp-json\/wp\/v2\/types\/product"}],"wp:featuredmedia":[{"embeddable":true,"href":"https:\/\/www.customeeple.com\/es\/wp-json\/wp\/v2\/media\/70513"}],"wp:attachment":[{"href":"https:\/\/www.customeeple.com\/es\/wp-json\/wp\/v2\/media?parent=70511"}],"wp:term":[{"taxonomy":"product_brand","embeddable":true,"href":"https:\/\/www.customeeple.com\/es\/wp-json\/wp\/v2\/product_brand?post=70511"},{"taxonomy":"product_cat","embeddable":true,"href":"https:\/\/www.customeeple.com\/es\/wp-json\/wp\/v2\/product_cat?post=70511"},{"taxonomy":"product_tag","embeddable":true,"href":"https:\/\/www.customeeple.com\/es\/wp-json\/wp\/v2\/product_tag?post=70511"}],"curies":[{"name":"wp","href":"https:\/\/api.w.org\/{rel}","templated":true}]}}