{"id":70214,"date":"2023-10-24T11:49:14","date_gmt":"2023-10-24T10:49:14","guid":{"rendered":"https:\/\/www.customeeple.com\/?post_type=product&#038;p=70214"},"modified":"2023-10-24T12:08:13","modified_gmt":"2023-10-24T11:08:13","slug":"dial-compatible-con-shatterpoint","status":"publish","type":"product","link":"https:\/\/www.customeeple.com\/es\/producto\/dial-compatible-con-shatterpoint\/","title":{"rendered":"Dial compatible con Shatterpoint"},"content":{"rendered":"<p>Nuestra l\u00ednea de productos relacionados con Star Wars te permitir\u00e1 mejorar tus juegos y experimentar esta Space Opera de una manera nueva.<\/p>\n<p>Usa este dial para llevar un registro de tu salud o cualquier otro atributo que necesites. El dial va desde una calavera hasta 15, por lo que se adapta perfectamente a cada personaje en Star Wars Shatterpoint \ud83d\ude42<\/p>\n<p>Este producto se vende montado y encajar\u00e1 perfectamente y ser\u00e1 compatible con cualquier juego tem\u00e1tico de Star Wars como <strong>Shatterpoint, Legion, Star Wars LCG, Star Wars: El Juego de Cartas <\/strong>o <strong>Imperial Assault,<\/strong> por mencionar algunos<\/p>\n<div class=\"moreinfo\"><strong>Material:<\/strong> Metacrilato opaco.<\/div>\n<div class=\"moreinfo\"><strong>Espesor:<\/strong>\u00a0 9 mm<\/div>\n<div class=\"moreinfo\"><strong>Tama\u00f1o:<\/strong> 4 x 4 cm<\/div>\n<div class=\"moreinfo\"><strong>Cantidad:\u00a0<\/strong>1 unidad<\/div>\n<div class=\"moreinfo\"><strong>Uso:<\/strong> Perfecto para cualquier juego deStar Wars<\/div>\n<div><\/div>\n<p><span class=\"game-year ng-binding ng-scope\"><a href=\"https:\/\/boardgamegeek.com\/boardgame\/374562\/star-wars-shatterpoint\">Star Wars Shatterpoint<\/a>\u00a0(2023)\u00a0<\/span>is a game from<a class=\"ng-binding\" title=\"Atomic Mass Games\" href=\"https:\/\/boardgamegeek.com\/boardgamepublisher\/43031\/atomic-mass-games\">\u00a0Atomic Mass Games<\/a>.\u00a0<strong>Customeeple\u00a0<\/strong>is not affiliated with this company and they do not endorse this product.<\/p>\n","protected":false},"excerpt":{"rendered":"<p>Dial para juegos the star wars<\/p>\n","protected":false},"featured_media":70222,"template":"","meta":{"_acf_changed":false},"product_brand":[],"product_cat":[191,1370,1372,2128,816,2139,1407,1408,1409,1410,2134,1411,1623],"product_tag":[948,2083,2127,1326],"class_list":{"0":"post-70214","1":"product","2":"type-product","3":"status-publish","4":"has-post-thumbnail","6":"product_cat-accesorios","7":"product_cat-customeeple-es","8":"product_cat-sci-fi-es","9":"product_cat-shatterpoint-es","10":"product_cat-space-fight-es","11":"product_cat-star-wars","12":"product_cat-star-wars-armada-es","13":"product_cat-star-wars-destiny-es","14":"product_cat-star-wars-imperial-assault-es","15":"product_cat-star-wars-legion-es","16":"product_cat-sws","17":"product_cat-star-wars-x-wing-es","18":"product_cat-wargames-es-2","19":"product_tag-imperial-assault-es","20":"product_tag-legion-es","21":"product_tag-shatterpoint-es","22":"product_tag-starwars-es","24":"first","25":"instock","26":"taxable","27":"shipping-taxable","28":"purchasable","29":"product-type-variable"},"exclude_global_add_ons":[],"addons":[],"acf":[],"_links":{"self":[{"href":"https:\/\/www.customeeple.com\/es\/wp-json\/wp\/v2\/product\/70214","targetHints":{"allow":["GET"]}}],"collection":[{"href":"https:\/\/www.customeeple.com\/es\/wp-json\/wp\/v2\/product"}],"about":[{"href":"https:\/\/www.customeeple.com\/es\/wp-json\/wp\/v2\/types\/product"}],"wp:featuredmedia":[{"embeddable":true,"href":"https:\/\/www.customeeple.com\/es\/wp-json\/wp\/v2\/media\/70222"}],"wp:attachment":[{"href":"https:\/\/www.customeeple.com\/es\/wp-json\/wp\/v2\/media?parent=70214"}],"wp:term":[{"taxonomy":"product_brand","embeddable":true,"href":"https:\/\/www.customeeple.com\/es\/wp-json\/wp\/v2\/product_brand?post=70214"},{"taxonomy":"product_cat","embeddable":true,"href":"https:\/\/www.customeeple.com\/es\/wp-json\/wp\/v2\/product_cat?post=70214"},{"taxonomy":"product_tag","embeddable":true,"href":"https:\/\/www.customeeple.com\/es\/wp-json\/wp\/v2\/product_tag?post=70214"}],"curies":[{"name":"wp","href":"https:\/\/api.w.org\/{rel}","templated":true}]}}