{"id":70199,"date":"2023-10-24T09:30:52","date_gmt":"2023-10-24T08:30:52","guid":{"rendered":"https:\/\/www.customeeple.com\/?post_type=product&#038;p=70199"},"modified":"2023-10-24T11:43:46","modified_gmt":"2023-10-24T10:43:46","slug":"dial-arkhan-compatible","status":"publish","type":"product","link":"https:\/\/www.customeeple.com\/es\/producto\/dial-arkhan-compatible\/","title":{"rendered":"Dial compatible con Arkham"},"content":{"rendered":"<p>Nuestra nueva l\u00ednea de productos vinculada con Arkham <strong>\u00a0<\/strong>te permitir\u00e1 mejorar tus partidas y experimentar todo el horror cosmico de una forma nueva.<\/p>\n<p>Con este dial puedes llevar la cuenta del da\u00f1o en tu h\u00e9roe. El dial puede marcar hasta 99.<\/p>\n<p>Este producto se vende pintado y montado, como aparece en la foto. Este producto encaja a la perfecci\u00f3n conjuegos como:\u00a0<strong>Arkham Horror LCG<\/strong>,\u00a0<strong>Mansions of Madness<\/strong>,\u00a0<strong>Eldritch Horror<\/strong>\u00a0or\u00a0<strong>Cthulhu: Death May Die<\/strong>.<\/p>\n<div class=\"moreinfo\"><strong>Material:<\/strong> Metacrilato opaco.<\/div>\n<div class=\"moreinfo\"><strong>Espesor:<\/strong>\u00a0 9 mm<\/div>\n<div class=\"moreinfo\"><strong>Tama\u00f1o:<\/strong> 3,7 x 6,5 cm<\/div>\n<div class=\"moreinfo\"><strong>Cantidad:\u00a0<\/strong>1 unidad<\/div>\n<div class=\"moreinfo\"><strong>Uso:<\/strong> Perfecto para cualquier juego de horro cosmico<\/div>\n<div><\/div>\n<p><strong><a class=\"ng-binding\" href=\"https:\/\/boardgamegeek.com\/boardgame\/205637\/arkham-horror-card-game\">Arkham Horror: The Card Game<\/a><span class=\"game-year ng-binding ng-scope\">\u00a0<\/span> <\/strong>es un juego de \u00a0<span class=\"ng-scope\"><a class=\"ng-binding\" title=\"Nate French\" href=\"https:\/\/boardgamegeek.com\/boardgamedesigner\/11655\/nate-french\">Nate French<\/a>,\u00a0<\/span><span class=\"ng-scope\"><a class=\"ng-binding\" title=\"Maxine Juniper Newman\" href=\"https:\/\/boardgamegeek.com\/boardgamedesigner\/40573\/maxine-juniper-newman\">Maxine Juniper Newman<\/a>,\u00a0<\/span><span class=\"ng-scope\"><a class=\"ng-binding\" title=\"Matthew J. Newman\" href=\"https:\/\/boardgamegeek.com\/boardgamedesigner\/152925\/matthew-j-newman\">Matthew J. Newman<\/a><\/span> publicado por\u00a0<strong><a href=\"https:\/\/www.fantasyflightgames.com\/en\/index\/\">Fantasy Flight Games<\/a>.<\/strong>\u00a0<strong>Customeeple<\/strong>\u00a0 no mantiene ninguna relaci\u00f3n con esa compa\u00f1\u00eda y este producto no est\u00e1 de ninguna manera patrocinado por ellos.<\/p>\n","protected":false},"excerpt":{"rendered":"<p>Dial para juegos the Cthulhu<\/p>\n","protected":false},"featured_media":70188,"template":"","meta":{"_acf_changed":false},"product_brand":[],"product_cat":[1303,1370],"product_tag":[656,1772,771],"class_list":{"0":"post-70199","1":"product","2":"type-product","3":"status-publish","4":"has-post-thumbnail","6":"product_cat-ada","7":"product_cat-customeeple-es","8":"product_tag-arkham-horror-es-2","9":"product_tag-fantasy-flight-es","10":"product_tag-mansions-of-madness-es","12":"first","13":"instock","14":"taxable","15":"shipping-taxable","16":"purchasable","17":"product-type-variable"},"exclude_global_add_ons":[],"addons":[],"acf":[],"_links":{"self":[{"href":"https:\/\/www.customeeple.com\/es\/wp-json\/wp\/v2\/product\/70199","targetHints":{"allow":["GET"]}}],"collection":[{"href":"https:\/\/www.customeeple.com\/es\/wp-json\/wp\/v2\/product"}],"about":[{"href":"https:\/\/www.customeeple.com\/es\/wp-json\/wp\/v2\/types\/product"}],"wp:featuredmedia":[{"embeddable":true,"href":"https:\/\/www.customeeple.com\/es\/wp-json\/wp\/v2\/media\/70188"}],"wp:attachment":[{"href":"https:\/\/www.customeeple.com\/es\/wp-json\/wp\/v2\/media?parent=70199"}],"wp:term":[{"taxonomy":"product_brand","embeddable":true,"href":"https:\/\/www.customeeple.com\/es\/wp-json\/wp\/v2\/product_brand?post=70199"},{"taxonomy":"product_cat","embeddable":true,"href":"https:\/\/www.customeeple.com\/es\/wp-json\/wp\/v2\/product_cat?post=70199"},{"taxonomy":"product_tag","embeddable":true,"href":"https:\/\/www.customeeple.com\/es\/wp-json\/wp\/v2\/product_tag?post=70199"}],"curies":[{"name":"wp","href":"https:\/\/api.w.org\/{rel}","templated":true}]}}