{"id":69825,"date":"2023-09-29T14:31:25","date_gmt":"2023-09-29T13:31:25","guid":{"rendered":"https:\/\/www.customeeple.com\/?post_type=product&#038;p=69825"},"modified":"2023-09-29T14:39:18","modified_gmt":"2023-09-29T13:39:18","slug":"tapete-de-lona-nieve","status":"publish","type":"product","link":"https:\/\/www.customeeple.com\/es\/producto\/tapete-de-lona-nieve\/","title":{"rendered":"Tapete de lona Nieve"},"content":{"rendered":"<p>Tapete de juego con dise\u00f1o Nevado<\/p>\n<p>La el tapete est\u00e1 fabricado en PVC, un material de gran durabilidad y muy resistente a los ara\u00f1azos.<\/p>\n<p>Esta es una adici\u00f3n fant\u00e1stica a cualquier juego, ya que podr\u00eda ser el complemento perfecto para su juego favorito.<\/p>\n<p>Elija el tama\u00f1o que desea y en caso de no haber ninguno escoja la opci\u00f3n m\u00e1s cercana al tama\u00f1o que desee y agregue en notas el tama\u00f1o exacto del tapete de juego que desea. Debido al proceso de creaci\u00f3n del tapete, podr\u00eda haber una variaci\u00f3n de 5 mm en el tama\u00f1o.<\/p>\n<p>Algunos tama\u00f1os comunes de alfombras de juegos de guerra:<\/p>\n<p><strong>Malifaux<\/strong> se juega en un tablero de 36&#215;36\u201d<br \/>\n<strong>Infinity<\/strong> normalmente se juega en un tablero de 120&#215;120 cm.<br \/>\n<strong>Punkapocalyptic<\/strong> normalmente se juega en un tablero de 120&#215;120 cm.<br \/>\n<strong>Marvel<\/strong>: Crisis Protocol se juega en un tablero de 36&#215;36&#8243;<br \/>\n<strong>Kill Team<\/strong> se juega en un tablero de 22&#215;30&#8243;<br \/>\n<strong>Warcry<\/strong>, el juego de escaramuzas de Age of Sigmar, se juega en un tablero de 22&#215;30&#8243;<br \/>\n<strong>Warhammer<\/strong>: AOS o 40k generalmente se juegan en un tablero de 44&#215;60&#8243;<\/p>\n<p>Puede incorporar l\u00edneas de marcado para diferentes tama\u00f1os en el tapete, lo que facilita la posibilidad de jugar distintos juegos con facilidad.<\/p>\n<p>En nuestro compromiso de reducir la huella de carbono, nos esforzamos por producir nuestros tapetes de juego lo m\u00e1s cerca posible del pa\u00eds de destino y eliminando intermediarios. Es por eso que los tapetes se env\u00edan por separado del resto de los productos. Al optar por la producci\u00f3n local, buscamos minimizar el impacto ambiental y promover la sostenibilidad. \u00a1Gracias por apoyar nuestras iniciativas ecol\u00f3gicas!<\/p>\n<div class=\"moreinfo\">\n<p><strong>Material<\/strong>: pvc<br \/>\n<strong>Cantidad<\/strong>: 1<\/p>\n<\/div>\n","protected":false},"excerpt":{"rendered":"<p>Un tapete de tematica Hoth<\/p>\n","protected":false},"featured_media":75214,"template":"","meta":{"_acf_changed":false},"product_brand":[],"product_cat":[79],"product_tag":[1535,278,1351,786],"class_list":{"0":"post-69825","1":"product","2":"type-product","3":"status-publish","4":"has-post-thumbnail","6":"product_cat-tapete","7":"product_tag-age-of-sigmar-es","8":"product_tag-personalizado-2","9":"product_tag-star-wars-es","10":"product_tag-warhammer-es-2","11":"product_shipping_class-bigtube","13":"first","14":"instock","15":"taxable","16":"shipping-taxable","17":"purchasable","18":"product-type-variable"},"exclude_global_add_ons":[],"addons":[],"acf":[],"_links":{"self":[{"href":"https:\/\/www.customeeple.com\/es\/wp-json\/wp\/v2\/product\/69825","targetHints":{"allow":["GET"]}}],"collection":[{"href":"https:\/\/www.customeeple.com\/es\/wp-json\/wp\/v2\/product"}],"about":[{"href":"https:\/\/www.customeeple.com\/es\/wp-json\/wp\/v2\/types\/product"}],"wp:featuredmedia":[{"embeddable":true,"href":"https:\/\/www.customeeple.com\/es\/wp-json\/wp\/v2\/media\/75214"}],"wp:attachment":[{"href":"https:\/\/www.customeeple.com\/es\/wp-json\/wp\/v2\/media?parent=69825"}],"wp:term":[{"taxonomy":"product_brand","embeddable":true,"href":"https:\/\/www.customeeple.com\/es\/wp-json\/wp\/v2\/product_brand?post=69825"},{"taxonomy":"product_cat","embeddable":true,"href":"https:\/\/www.customeeple.com\/es\/wp-json\/wp\/v2\/product_cat?post=69825"},{"taxonomy":"product_tag","embeddable":true,"href":"https:\/\/www.customeeple.com\/es\/wp-json\/wp\/v2\/product_tag?post=69825"}],"curies":[{"name":"wp","href":"https:\/\/api.w.org\/{rel}","templated":true}]}}