{"id":69349,"date":"2023-08-11T19:41:25","date_gmt":"2023-08-11T18:41:25","guid":{"rendered":"https:\/\/www.customeeple.com\/product\/catan-ciudades-y-caballeros-5-6-jugadores\/"},"modified":"2023-08-11T19:41:25","modified_gmt":"2023-08-11T18:41:25","slug":"catan-ciudades-y-caballeros-5-6-jugadores","status":"publish","type":"product","link":"https:\/\/www.customeeple.com\/es\/producto\/catan-ciudades-y-caballeros-5-6-jugadores\/","title":{"rendered":"Cat\u00e1n: Ciudades y caballeros 5-6 jugadores (SPA)"},"content":{"rendered":"<p><a href=\"https:\/\/devir.es\/catan-ciudades-y-caballeros\">Catan: Ciudades y caballeros<\/a>, Ampliaci\u00f3n 5-6 jugadores aumenta el n\u00famero de jugadores que pueden participar en una partida de la m\u00e1s expansi\u00f3n compleja del juego, en la que los participantes deben reforzar sus ciudades y construir ej\u00e9rcitos para protegerse de los b\u00e1rbaros.<\/p>\n<p>Esta expansi\u00f3n permite incrementar en dos el n\u00famero m\u00e1ximo de jugadores que pueden jugar la partida. Es, con mucho, la expansi\u00f3n m\u00e1s compleja del juego, as\u00ed que solo es adecuada para un grupo de jugadores experimentados, introduciendo muchos cambios en las reglas. La m\u00e1s destacada es que desaparece el mazo de cartas de desarrollo, que es sustituido por tres mazos diferenciados, pero a los que los jugadores \u00fanicamente tienen acceso si efect\u00faan las mejoras adecuadas en sus ciudades.<\/p>\n<p>Para hacer estas mejoras, los jugadores contar\u00e1n con tres nuevos recursos: Tela, Monedas y Papel. Estos recursos \u00fanicamente se podr\u00e1n obtener en las ciudades adecuadas, aunque para facilitar esto, todos los jugadores empezar\u00e1n la partida con un poblado y una ciudad. En su turno, los jugadores ya no lanzar\u00e1n solamente los dos dados habituales, sino que deber\u00e1n acompa\u00f1ar a estos de un tercer dado que dar\u00e1 la opci\u00f3n de conseguir cartas de progreso en funci\u00f3n del estado de las ciudades, o har\u00e1 avanzar a los b\u00e1rbaros en su expedici\u00f3n de asalto a Catan. Cuando estos b\u00e1rbaros lleguen a la isla, los jugadores deber\u00e1n hacerles frente con sus ej\u00e9rcitos de caballeros, y si no lo logran, el jugador que menos haya colaborado al esfuerzo com\u00fan ver\u00e1 destruida una de sus ciudades. En cambio, si ganan a los b\u00e1rbaros, el jugador que m\u00e1s haya contribuido a la victoria, aportando el mayor n\u00famero de caballeros, recibir\u00e1 el t\u00edtulo de Defensor de Catan, y ganar\u00e1 dos puntos de victoria.<\/p>\n<p><a href=\"https:\/\/devir.es\/catan-ciudades-y-caballeros\">En Catan: Ciudades y caballeros<\/a>, Ampliaci\u00f3n 5-6 jugadores, los jugadores pueden comprar sus caballeros directamente pagando recursos para ello, no es necesario esperar a que aparezcan por carta, y estos caballeros, adem\u00e1s, podr\u00e1n progresar y aumentar su calidad. Adem\u00e1s de proteger a los jugadores frente a las invasiones b\u00e1rbaras, sirven para cortar las rutas comerciales de los dem\u00e1s jugadores, para proteger las encrucijadas o para alejar a los ladrones. Los jugadores pueden a\u00f1adir murallas a sus ciudades y as\u00ed protegerse de los ladrones, de modo que aumentan el l\u00edmite de cartas que pueden mantener en la mano cuando aparece el temido 7 en la<a href=\"https:\/\/devir.es\/devirpedia\/tirar-dados\">\u00a0tirada de dados<\/a>.\u00a0<a href=\"https:\/\/devir.es\/catan\">Las partidas de Catan<\/a>: Ciudades y Caballeros, Ampliaci\u00f3n 5-6 jugadores se juegan a 13 puntos de victoria en lugar de los 10 habituales, pero para ello los jugadores dispondr\u00e1n de muchas otras formas de conseguir puntos de victoria. La m\u00e1s espectacular es la que implica convertir una de sus ciudades en una exitosa metr\u00f3poli, lo cual les dar\u00e1 dos puntos de victoria adicionales. Para conseguir esto, deben conseguir que su ciudad avance al cuarto nivel de desarrollo en una de las tres categor\u00edas posibles. Sin embargo, deben tener cuidado, ya que como ocurre con las rutas comerciales, el status puede ser arrebatado por un jugador que supere este nivel m\u00e1s adelante en el juego.<\/p>\n<p><a href=\"https:\/\/devir.es\/catan-ciudades-y-caballeros\">Catan: Ciudades y caballeros<\/a>, Ampliaci\u00f3n 5-6 jugadores es la expansi\u00f3n que convierte una partida de Catan en la experiencia definitiva para un m\u00e1ximo de seis jugadores. Adem\u00e1s, es perfectamente combinable con el resto de expansiones del juego para que cada partida sea completamente diferente.<\/p>\n","protected":false},"excerpt":{"rendered":"<p>Catan: Ciudades y caballeros, Ampliaci\u00f3n 5-6 jugadores aumenta el n\u00famero de jugadores que pueden participar en una partida de la m\u00e1s expansi\u00f3n compleja del juego, en la que los participantes deben reforzar sus ciudades y construir ej\u00e9rcitos para protegerse de los b\u00e1rbaros. Esta expansi\u00f3n permite incrementar en dos el n\u00famero m\u00e1ximo de jugadores que pueden [&hellip;]<\/p>\n","protected":false},"featured_media":69341,"template":"","meta":{"_acf_changed":false},"product_brand":[],"product_cat":[2344,1561,1653,1180],"product_tag":[],"class_list":{"0":"post-69349","1":"product","2":"type-product","3":"status-publish","4":"has-post-thumbnail","6":"product_cat-devir-es","7":"product_cat-familiar-es","8":"product_cat-boardgames","9":"product_cat-retail-products-es","11":"first","12":"onbackorder","13":"sale","14":"taxable","15":"shipping-taxable","16":"purchasable","17":"product-type-simple"},"exclude_global_add_ons":[],"addons":[],"acf":[],"_links":{"self":[{"href":"https:\/\/www.customeeple.com\/es\/wp-json\/wp\/v2\/product\/69349","targetHints":{"allow":["GET"]}}],"collection":[{"href":"https:\/\/www.customeeple.com\/es\/wp-json\/wp\/v2\/product"}],"about":[{"href":"https:\/\/www.customeeple.com\/es\/wp-json\/wp\/v2\/types\/product"}],"wp:featuredmedia":[{"embeddable":true,"href":"https:\/\/www.customeeple.com\/es\/wp-json\/wp\/v2\/media\/69341"}],"wp:attachment":[{"href":"https:\/\/www.customeeple.com\/es\/wp-json\/wp\/v2\/media?parent=69349"}],"wp:term":[{"taxonomy":"product_brand","embeddable":true,"href":"https:\/\/www.customeeple.com\/es\/wp-json\/wp\/v2\/product_brand?post=69349"},{"taxonomy":"product_cat","embeddable":true,"href":"https:\/\/www.customeeple.com\/es\/wp-json\/wp\/v2\/product_cat?post=69349"},{"taxonomy":"product_tag","embeddable":true,"href":"https:\/\/www.customeeple.com\/es\/wp-json\/wp\/v2\/product_tag?post=69349"}],"curies":[{"name":"wp","href":"https:\/\/api.w.org\/{rel}","templated":true}]}}