{"id":69348,"date":"2023-08-11T19:38:53","date_gmt":"2023-08-11T18:38:53","guid":{"rendered":"https:\/\/www.customeeple.com\/product\/catan-ciudades-y-caballeros\/"},"modified":"2023-08-11T19:38:53","modified_gmt":"2023-08-11T18:38:53","slug":"catan-ciudades-y-caballeros","status":"publish","type":"product","link":"https:\/\/www.customeeple.com\/es\/producto\/catan-ciudades-y-caballeros\/","title":{"rendered":"Cat\u00e1n: Ciudades y Caballeros (SPA)"},"content":{"rendered":"<p><a href=\"https:\/\/devir.es\/catan\">Catan:\u00a0<\/a>Ciudades y caballeros eleva el juego al siguiente nivel y lo convierte mucho m\u00e1s estrat\u00e9gico. Los jugadores tendr\u00e1n que fortificar sus ciudades para protegerse de los ladrones y hacer frente a las invasiones b\u00e1rbaras o sufrir las consecuencias de una mala defensa.<\/p>\n<p><a href=\"https:\/\/devir.es\/catan-ciudades-y-caballeros-amp-5-6-jugadores\">Catan: Ciudades y caballeros<\/a>\u00a0es la m\u00e1s compleja de las<a href=\"https:\/\/devir.es\/catalogsearch\/result\/index\/?index=1&amp;q=catan\">\u00a0expansiones de Catan<\/a>\u00a0y la que m\u00e1s transforma el juego original, haci\u00e9ndolo m\u00e1s estrat\u00e9gico y aumentando tambi\u00e9n la duraci\u00f3n de las partidas, por ello solo es aconsejable para jugadores experimentados, con ganas de ir m\u00e1s all\u00e1 del juego casual y familiar. Las partidas de Catan: Ciudades y caballeros se juegan a 13 puntos de victoria en lugar de los 10 habituales. Uno de los cambios m\u00e1s importantes de esta expansi\u00f3n es el llamado dado de eventos. En cada tirada de dados, los jugadores, adem\u00e1s de los dos dados usados habitualmente, lanzar\u00e1n un tercer dado que podr\u00e1 tener como resultado que los b\u00e1rbaros avancen en su expedici\u00f3n hacia Catan, o que los jugadores puedan conseguir cartas de progreso si su ciudad est\u00e1 lo suficientemente bien desarrollada. En Catan: Ciudades y caballeros, los jugadores pueden protegerse del ladr\u00f3n y sus efectos reforzando las murallas de su ciudad. Pueden construir estas murallas pagando dos ladrillos y de este modo aumentar\u00e1n el n\u00famero m\u00e1ximo de cartas que pueden tener en la mano cuando aparezca el ladr\u00f3n. Otra forma de protegerse del ladr\u00f3n es mediante el uso de los caballeros. En esta expansi\u00f3n ya no existen cartas de desarrollo, as\u00ed que para conseguir caballeros los jugadores deben comprarlos directamente. Estos caballeros se colocan sobre el tablero y pueden utilizarse para alejar al ladr\u00f3n, para cortar las rutas comerciales de los dem\u00e1s jugadores, para proteger las propias encrucijadas o para combatir a los b\u00e1rbaros.<\/p>\n<p>Cada vez que los b\u00e1rbaros lleguen a Catan, todos los jugadores tendr\u00e1n que sumar la fuerza de sus caballeros para hacerles frente. Si no lo logran, aquellos jugadores que hayan colaborado menos en el esfuerzo global ver\u00e1n arrasada una de sus ciudades. La \u00faltima gran novedad de esta expansi\u00f3n son los tres nuevos materiales; Papel, Tela y Moneda, que solo pueden conseguirse en las ciudades que colinden con Bosques, Prados y Monta\u00f1as, respectivamente. Estos nuevos materiales son los que permiten progresar a las ciudades y posibilitan la obtenci\u00f3n de las nuevas cartas de desarrollo, as\u00ed como la obtenci\u00f3n del status de Metr\u00f3poli de las ciudades m\u00e1s avanzadas en cada uno de los tipos de progreso. Alcanzar este status otorga a los jugadores 2 puntos de victoria adicionales.<\/p>\n<p><a href=\"https:\/\/devir.es\/catan-ciudades-y-caballeros-amp-5-6-jugadores\">Catan: Ciudades y caballeros<\/a>\u00a0es<a href=\"https:\/\/devir.es\/catan\">\u00a0la expansi\u00f3n definitiva de Catan<\/a>, la que lo convierte en un verdadero juego de estrategia repleto de opciones y variantes. \u00a1Combinado con alguna de las dem\u00e1s expansiones (o con todas ellas) puede dar lugar a partidas absolutamente memorables!<\/p>\n","protected":false},"excerpt":{"rendered":"<p>Catan:\u00a0Ciudades y caballeros eleva el juego al siguiente nivel y lo convierte mucho m\u00e1s estrat\u00e9gico. Los jugadores tendr\u00e1n que fortificar sus ciudades para protegerse de los ladrones y hacer frente a las invasiones b\u00e1rbaras o sufrir las consecuencias de una mala defensa. Catan: Ciudades y caballeros\u00a0es la m\u00e1s compleja de las\u00a0expansiones de Catan\u00a0y la que [&hellip;]<\/p>\n","protected":false},"featured_media":69339,"template":"","meta":{"_acf_changed":false},"product_brand":[],"product_cat":[2344,1561,1653,1556,1180,1532],"product_tag":[],"class_list":{"0":"post-69348","1":"product","2":"type-product","3":"status-publish","4":"has-post-thumbnail","6":"product_cat-devir-es","7":"product_cat-familiar-es","8":"product_cat-boardgames","9":"product_cat-board-games-es","10":"product_cat-retail-products-es","11":"product_cat-table-games","13":"first","14":"onbackorder","15":"sale","16":"taxable","17":"shipping-taxable","18":"purchasable","19":"product-type-simple"},"exclude_global_add_ons":[],"addons":[],"acf":[],"_links":{"self":[{"href":"https:\/\/www.customeeple.com\/es\/wp-json\/wp\/v2\/product\/69348","targetHints":{"allow":["GET"]}}],"collection":[{"href":"https:\/\/www.customeeple.com\/es\/wp-json\/wp\/v2\/product"}],"about":[{"href":"https:\/\/www.customeeple.com\/es\/wp-json\/wp\/v2\/types\/product"}],"wp:featuredmedia":[{"embeddable":true,"href":"https:\/\/www.customeeple.com\/es\/wp-json\/wp\/v2\/media\/69339"}],"wp:attachment":[{"href":"https:\/\/www.customeeple.com\/es\/wp-json\/wp\/v2\/media?parent=69348"}],"wp:term":[{"taxonomy":"product_brand","embeddable":true,"href":"https:\/\/www.customeeple.com\/es\/wp-json\/wp\/v2\/product_brand?post=69348"},{"taxonomy":"product_cat","embeddable":true,"href":"https:\/\/www.customeeple.com\/es\/wp-json\/wp\/v2\/product_cat?post=69348"},{"taxonomy":"product_tag","embeddable":true,"href":"https:\/\/www.customeeple.com\/es\/wp-json\/wp\/v2\/product_tag?post=69348"}],"curies":[{"name":"wp","href":"https:\/\/api.w.org\/{rel}","templated":true}]}}