{"id":69337,"date":"2023-08-18T19:44:13","date_gmt":"2023-08-18T18:44:13","guid":{"rendered":"https:\/\/www.customeeple.com\/product\/warhammer-underworlds-wyrdhollow-portaplagas-de-skabbik\/"},"modified":"2023-11-09T00:00:04","modified_gmt":"2023-11-08T23:00:04","slug":"warhammer-underworlds-wyrdhollow-portaplagas-de-skabbik","status":"publish","type":"product","link":"https:\/\/www.customeeple.com\/es\/producto\/warhammer-underworlds-wyrdhollow-portaplagas-de-skabbik\/","title":{"rendered":"Warhammer Underworlds Wyrdhollow: Portaplagas de Skabbik (SPA)"},"content":{"rendered":"<p>Los p\u00fatridos skaven de los Portaplagas de Skabbit planean provocar el nacimiento de una de las Grandes Plagas, una enfermedad apocal\u00edptica profetizada entre los fan\u00e1ticos alima\u00f1escos de los Clanes Pestilens. Su repugnante b\u00fasqueda ha llevado a los Portaplagas al coraz\u00f3n de Hondoarcana, en busca de uno de los ingredientes arcanos de este brebaje repugnante. Si el ruidoso reba\u00f1o de Skabbik tiene \u00e9xito en su tarea, grandes franjas de los Reinos Mortales pueden quedar reducidas a rancio mantillo podrido. Que sus enemigos tengan cuidado: una muerte repugnante aguarda a cualquiera que se enfrente a los hijos del Gran Corruptor.<\/p>\n<p>Los Portaplagas de Skabbit emplean reglas especiales para corromper zonas del mapa, y es que este asqueroso proceso es vital para el \u00e9xito de esta banda, y los luchadores de los Portaplagas se pueden inspirar, obtener nuevas habilidades y ganar gloria al hacerlo, arrastr\u00e1ndose inexorablemente hacia la victoria. Este set incluye un mazo completo de Rivales para usar nada m\u00e1s sacarlo de la caja, y todas las miniaturas son de montaje a presi\u00f3n, para que puedas empezar a jugar en un abrir y cerrar de ojos.<\/p>\n<p><strong>Esta caja incluye:<\/strong><br \/>\n&#8211; 6 miniaturas de los Portaplagas de Skabbik de montaje a presi\u00f3n, por lo que no necesitas pegamento para montarlas, hechas de un pl\u00e1stico verde p\u00fatrido.<br \/>\n&#8211; 6 cartas de luchador impresas a doble cara, una por cada miembro de la banda: Skabbik Plagueseeker, Rabidius Skench, Itchitt, Poxlix, Rikkit y Skritter.<br \/>\n&#8211; 1 carta de trasfondo y trama de los Portaplagas de Skabbik, con reglas adicionales para usar los Portaplagas de Skabbik.<\/p>\n<p><strong>Adem\u00e1s, un mazo de Rivales de 32 cartas compuesto por:<\/strong><br \/>\n&#8211; 12 cartas de objetivo de los Portaplagas de Skabbik<br \/>\n&#8211; 10 cartas de mejora de los Portaplagas de Skabbik<br \/>\n&#8211; 10 cartas de gambito de los Portaplagas de Skabbik.<\/p>\n<p>Estas miniaturas encajables se pueden montar sin pegamento y se suministran sin pintar. Recomendamos usar pinturas Citadel para personalizarlas.<\/p>\n","protected":false},"excerpt":{"rendered":"<p>Los p\u00fatridos skaven de los Portaplagas de Skabbit planean provocar el nacimiento de una de las Grandes Plagas, una enfermedad apocal\u00edptica profetizada entre los fan\u00e1ticos alima\u00f1escos de los Clanes Pestilens. Su repugnante b\u00fasqueda ha llevado a los Portaplagas al coraz\u00f3n de Hondoarcana, en busca de uno de los ingredientes arcanos de este brebaje repugnante. Si [&hellip;]<\/p>\n","protected":false},"featured_media":69334,"template":"","meta":{"_acf_changed":false},"product_brand":[],"product_cat":[1400,1177,1180,1623,1426],"product_tag":[],"class_list":{"0":"post-69337","1":"product","2":"type-product","3":"status-publish","4":"has-post-thumbnail","6":"product_cat-fantasia","7":"product_cat-games-workshop-es","8":"product_cat-retail-products-es","9":"product_cat-wargames-es-2","10":"product_cat-whu-spire-es","12":"first","13":"outofstock","14":"sale","15":"taxable","16":"shipping-taxable","17":"purchasable","18":"product-type-simple"},"exclude_global_add_ons":[],"addons":[],"acf":[],"_links":{"self":[{"href":"https:\/\/www.customeeple.com\/es\/wp-json\/wp\/v2\/product\/69337","targetHints":{"allow":["GET"]}}],"collection":[{"href":"https:\/\/www.customeeple.com\/es\/wp-json\/wp\/v2\/product"}],"about":[{"href":"https:\/\/www.customeeple.com\/es\/wp-json\/wp\/v2\/types\/product"}],"wp:featuredmedia":[{"embeddable":true,"href":"https:\/\/www.customeeple.com\/es\/wp-json\/wp\/v2\/media\/69334"}],"wp:attachment":[{"href":"https:\/\/www.customeeple.com\/es\/wp-json\/wp\/v2\/media?parent=69337"}],"wp:term":[{"taxonomy":"product_brand","embeddable":true,"href":"https:\/\/www.customeeple.com\/es\/wp-json\/wp\/v2\/product_brand?post=69337"},{"taxonomy":"product_cat","embeddable":true,"href":"https:\/\/www.customeeple.com\/es\/wp-json\/wp\/v2\/product_cat?post=69337"},{"taxonomy":"product_tag","embeddable":true,"href":"https:\/\/www.customeeple.com\/es\/wp-json\/wp\/v2\/product_tag?post=69337"}],"curies":[{"name":"wp","href":"https:\/\/api.w.org\/{rel}","templated":true}]}}