{"id":69335,"date":"2023-08-09T19:46:08","date_gmt":"2023-08-09T18:46:08","guid":{"rendered":"https:\/\/www.customeeple.com\/product\/necromunda-escher-gang\/"},"modified":"2024-07-12T00:00:04","modified_gmt":"2024-07-11T23:00:04","slug":"necromunda-escher-gang","status":"publish","type":"product","link":"https:\/\/www.customeeple.com\/es\/producto\/necromunda-escher-gang\/","title":{"rendered":"Necromunda: Escher Gang"},"content":{"rendered":"<p>La Casa Escher es \u00fanica entre las grandes casas de Necromunda, ya que sus bandas est\u00e1n formadas completamente por mujeres. Maestras de la manipulaci\u00f3n farmac\u00e9utica y qu\u00edmica, lo que a una Escher puede faltar en fuerza f\u00edsica lo compensa de sobra en velocidad, habilidad y e instinto psic\u00f3tico.<\/p>\n<p>Monta tu propia banda Escher con esta caja de 10 miniaturas de pl\u00e1stico o a\u00f1\u00e1delas a las miniaturas que encontrar\u00e1s en tu caja de Necromunda: Underhive. Est\u00e1n dise\u00f1adas para ofrecerte una amplia variedad de opciones de montaje, lo que implicar\u00e1 que no habr\u00e1 dos bandas iguales. Se incluye:<\/p>\n<p>&#8211; 10 cuerpos (5 dise\u00f1os \u00fanicos por duplicado), todos con armadura antifrag. Han sido dise\u00f1ados pensando en opciones de armas espec\u00edficas, pero por supuesto puedes montarlos como prefieras;<br \/>\n&#8211; 18 cabezas (9 dise\u00f1os \u00fanicos por duplicado), 4 con m\u00e1scaras antig\u00e1s. Hay 14 peinados (7 dise\u00f1os \u00fanicos por duplicado), que encajan en cualquier cabeza;<br \/>\n&#8211; Una enorme selecci\u00f3n de armamento: 6 rifles l\u00e1ser, 8 pistolas l\u00e1ser, 6 estiletes, 2 escopetas, 4 espadas de energ\u00eda, 2 pistolas autom\u00e1ticas, 2 electrol\u00e1tigos, 2 combirrifles de agujas\/b\u00f3lters, 2 pistolas de plasma, 2 fumigadores y 2 rifles autom\u00e1ticos, junto con granadas de fragmentaci\u00f3n, perforantes y de gas asfixiante adicionales, 4 estiletes envainados y 2 reservas de quimiodestiladores.<\/p>\n<p>Se suministra con 10 peanas redondas de 25mm, que muestras las mismas texturas esculpidas que el tablero de juego.<\/p>\n","protected":false},"excerpt":{"rendered":"<p>La Casa Escher es \u00fanica entre las grandes casas de Necromunda, ya que sus bandas est\u00e1n formadas completamente por mujeres. Maestras de la manipulaci\u00f3n farmac\u00e9utica y qu\u00edmica, lo que a una Escher puede faltar en fuerza f\u00edsica lo compensa de sobra en velocidad, habilidad y e instinto psic\u00f3tico. Monta tu propia banda Escher con esta [&hellip;]<\/p>\n","protected":false},"featured_media":69330,"template":"","meta":{"_acf_changed":false},"product_brand":[],"product_cat":[1177,1583,1180,1372,1623],"product_tag":[],"class_list":{"0":"post-69335","1":"product","2":"type-product","3":"status-publish","4":"has-post-thumbnail","6":"product_cat-games-workshop-es","7":"product_cat-necromunda-es","8":"product_cat-retail-products-es","9":"product_cat-sci-fi-es","10":"product_cat-wargames-es-2","12":"first","13":"onbackorder","14":"sale","15":"taxable","16":"shipping-taxable","17":"purchasable","18":"product-type-simple"},"exclude_global_add_ons":[],"addons":[],"acf":[],"_links":{"self":[{"href":"https:\/\/www.customeeple.com\/es\/wp-json\/wp\/v2\/product\/69335","targetHints":{"allow":["GET"]}}],"collection":[{"href":"https:\/\/www.customeeple.com\/es\/wp-json\/wp\/v2\/product"}],"about":[{"href":"https:\/\/www.customeeple.com\/es\/wp-json\/wp\/v2\/types\/product"}],"wp:featuredmedia":[{"embeddable":true,"href":"https:\/\/www.customeeple.com\/es\/wp-json\/wp\/v2\/media\/69330"}],"wp:attachment":[{"href":"https:\/\/www.customeeple.com\/es\/wp-json\/wp\/v2\/media?parent=69335"}],"wp:term":[{"taxonomy":"product_brand","embeddable":true,"href":"https:\/\/www.customeeple.com\/es\/wp-json\/wp\/v2\/product_brand?post=69335"},{"taxonomy":"product_cat","embeddable":true,"href":"https:\/\/www.customeeple.com\/es\/wp-json\/wp\/v2\/product_cat?post=69335"},{"taxonomy":"product_tag","embeddable":true,"href":"https:\/\/www.customeeple.com\/es\/wp-json\/wp\/v2\/product_tag?post=69335"}],"curies":[{"name":"wp","href":"https:\/\/api.w.org\/{rel}","templated":true}]}}