{"id":69321,"date":"2023-07-26T19:51:07","date_gmt":"2023-07-26T18:51:07","guid":{"rendered":"https:\/\/www.customeeple.com\/product\/slaves-to-darkness-chaos-spawn\/"},"modified":"2023-07-26T19:51:07","modified_gmt":"2023-07-26T18:51:07","slug":"slaves-to-darkness-chaos-spawn","status":"publish","type":"product","link":"https:\/\/www.customeeple.com\/es\/producto\/slaves-to-darkness-chaos-spawn\/","title":{"rendered":"Slaves to Darkness: Engendro del Caos"},"content":{"rendered":"<p>Los Engendros del Caos son espantosas v\u00edctimas de su propia ambici\u00f3n. Dotadas de mentes destrozadas y cuerpos distorsionados, son incapaces de resistirse a los dones, o maldiciones, de los Dioses Oscuros. Reducidas a bultos de m\u00fasculos y miembros mutados, estas bestias malformadas son conducidas a la batalla por sus antiguos hermanos, o simplemente anadean al frente para compartir su sufrimiento, arremetiendo contra sus horrorizados enemigos con una fuerza sobrenatural.<\/p>\n<p>Este kit de pl\u00e1stico multicomponente te permite montar dos Engendros del Caos, almas desdichadas abrumadas por la mutaci\u00f3n. Este retorcido kit incluye una alucinante variedad de piezas intercambiables y opcionales para personalizar a tus criaturas: m\u00e1s de una docena de horribles cabezas y aberrantes brazos, adem\u00e1s de montones de pinchos, tent\u00e1culos, globos oculares adicionales y otras mutaciones para crear el Engendro del Caos de tus pesadillas.<\/p>\n<p>Puedes incluir a los Engendros del Caos en ej\u00e9rcitos del Caos tanto de Warhammer Age of Sigmar como de Warhammer 40,000.<\/p>\n<p>Este kit consta de 89 piezas de pl\u00e1stico, e incluye una peana redonda Citadel de 50 mm. Esta miniatura se suministra sin pintar y requiere montaje. Recomendamos utilizar pegamento pl\u00e1stico Citadel y pinturas Citadel Colour.<\/p>\n","protected":false},"excerpt":{"rendered":"<p>Los Engendros del Caos son espantosas v\u00edctimas de su propia ambici\u00f3n. Dotadas de mentes destrozadas y cuerpos distorsionados, son incapaces de resistirse a los dones, o maldiciones, de los Dioses Oscuros. Reducidas a bultos de m\u00fasculos y miembros mutados, estas bestias malformadas son conducidas a la batalla por sus antiguos hermanos, o simplemente anadean al [&hellip;]<\/p>\n","protected":false},"featured_media":69314,"template":"","meta":{"_acf_changed":false},"product_brand":[],"product_cat":[1400,1177,1180,1623,1654],"product_tag":[],"class_list":{"0":"post-69321","1":"product","2":"type-product","3":"status-publish","4":"has-post-thumbnail","6":"product_cat-fantasia","7":"product_cat-games-workshop-es","8":"product_cat-retail-products-es","9":"product_cat-wargames-es-2","10":"product_cat-warhammer-age-of-sigmar-es-2","12":"first","13":"onbackorder","14":"sale","15":"taxable","16":"shipping-taxable","17":"purchasable","18":"product-type-simple"},"exclude_global_add_ons":[],"addons":[],"acf":[],"_links":{"self":[{"href":"https:\/\/www.customeeple.com\/es\/wp-json\/wp\/v2\/product\/69321","targetHints":{"allow":["GET"]}}],"collection":[{"href":"https:\/\/www.customeeple.com\/es\/wp-json\/wp\/v2\/product"}],"about":[{"href":"https:\/\/www.customeeple.com\/es\/wp-json\/wp\/v2\/types\/product"}],"wp:featuredmedia":[{"embeddable":true,"href":"https:\/\/www.customeeple.com\/es\/wp-json\/wp\/v2\/media\/69314"}],"wp:attachment":[{"href":"https:\/\/www.customeeple.com\/es\/wp-json\/wp\/v2\/media?parent=69321"}],"wp:term":[{"taxonomy":"product_brand","embeddable":true,"href":"https:\/\/www.customeeple.com\/es\/wp-json\/wp\/v2\/product_brand?post=69321"},{"taxonomy":"product_cat","embeddable":true,"href":"https:\/\/www.customeeple.com\/es\/wp-json\/wp\/v2\/product_cat?post=69321"},{"taxonomy":"product_tag","embeddable":true,"href":"https:\/\/www.customeeple.com\/es\/wp-json\/wp\/v2\/product_tag?post=69321"}],"curies":[{"name":"wp","href":"https:\/\/api.w.org\/{rel}","templated":true}]}}