{"id":69320,"date":"2023-07-26T19:50:57","date_gmt":"2023-07-26T18:50:57","guid":{"rendered":"https:\/\/www.customeeple.com\/product\/sylvaneth-warsong-revenant\/"},"modified":"2024-07-12T00:00:04","modified_gmt":"2024-07-11T23:00:04","slug":"sylvaneth-warsong-revenant","status":"publish","type":"product","link":"https:\/\/www.customeeple.com\/es\/producto\/sylvaneth-warsong-revenant\/","title":{"rendered":"Sylvaneth: Warsong Revenant"},"content":{"rendered":"<p>Dados vida por los esp\u00edritus contenidos dentro del Roble de Eras Pasadas, los Warsong Revenants brotaron cuando el Rito de la Vida de Alarielle cruz\u00f3 Ghyran y sumaron su C\u00e1ntico espiritual a su coro. Para sus aliados Sylvaneth, la m\u00fasica que emana de sus flautas es una canci\u00f3n alegre, llena de esperanza y vigor inspirador, pero para sus enemigos provoca un asalto s\u00f3nico de potencia devastadora.<\/p>\n<p>Aunque sus n\u00fameros sean escasos, los Warsong Revenants son una poderosa adici\u00f3na. las filas de los Sylvaneth. Las canciones que tocan dan \u00e1nimo a los corazones de sus aliados y desmoralizan a los enemigos, mientras los propios Revenants tejen fuerzas arcanas con una facilidad que contradicen su juventud. Aunque parezcan fr\u00e1giles y esp\u00edritus et\u00e9reos, el poder m\u00e1gico de sus capas arb\u00f3reas los ayuda a defender su alma semilla del da\u00f1o.<\/p>\n<p>Este kit se compone de 22 piezas de pl\u00e1stico con las que puedes montar un Warsong Revenant, y viene con una peana ovalada Citadel de 105 mm.<\/p>\n","protected":false},"excerpt":{"rendered":"<p>Dados vida por los esp\u00edritus contenidos dentro del Roble de Eras Pasadas, los Warsong Revenants brotaron cuando el Rito de la Vida de Alarielle cruz\u00f3 Ghyran y sumaron su C\u00e1ntico espiritual a su coro. Para sus aliados Sylvaneth, la m\u00fasica que emana de sus flautas es una canci\u00f3n alegre, llena de esperanza y vigor inspirador, [&hellip;]<\/p>\n","protected":false},"featured_media":69318,"template":"","meta":{"_acf_changed":false},"product_brand":[],"product_cat":[1400,1177,1180,1623,1654],"product_tag":[],"class_list":{"0":"post-69320","1":"product","2":"type-product","3":"status-publish","4":"has-post-thumbnail","6":"product_cat-fantasia","7":"product_cat-games-workshop-es","8":"product_cat-retail-products-es","9":"product_cat-wargames-es-2","10":"product_cat-warhammer-age-of-sigmar-es-2","12":"first","13":"onbackorder","14":"sale","15":"taxable","16":"shipping-taxable","17":"purchasable","18":"product-type-simple"},"exclude_global_add_ons":[],"addons":[],"acf":[],"_links":{"self":[{"href":"https:\/\/www.customeeple.com\/es\/wp-json\/wp\/v2\/product\/69320","targetHints":{"allow":["GET"]}}],"collection":[{"href":"https:\/\/www.customeeple.com\/es\/wp-json\/wp\/v2\/product"}],"about":[{"href":"https:\/\/www.customeeple.com\/es\/wp-json\/wp\/v2\/types\/product"}],"wp:featuredmedia":[{"embeddable":true,"href":"https:\/\/www.customeeple.com\/es\/wp-json\/wp\/v2\/media\/69318"}],"wp:attachment":[{"href":"https:\/\/www.customeeple.com\/es\/wp-json\/wp\/v2\/media?parent=69320"}],"wp:term":[{"taxonomy":"product_brand","embeddable":true,"href":"https:\/\/www.customeeple.com\/es\/wp-json\/wp\/v2\/product_brand?post=69320"},{"taxonomy":"product_cat","embeddable":true,"href":"https:\/\/www.customeeple.com\/es\/wp-json\/wp\/v2\/product_cat?post=69320"},{"taxonomy":"product_tag","embeddable":true,"href":"https:\/\/www.customeeple.com\/es\/wp-json\/wp\/v2\/product_tag?post=69320"}],"curies":[{"name":"wp","href":"https:\/\/api.w.org\/{rel}","templated":true}]}}