{"id":69319,"date":"2023-07-26T19:50:47","date_gmt":"2023-07-26T18:50:47","guid":{"rendered":"https:\/\/www.customeeple.com\/product\/astra-militarum-cadian-upgrades\/"},"modified":"2023-07-26T19:50:47","modified_gmt":"2023-07-26T18:50:47","slug":"astra-militarum-cadian-upgrades","status":"publish","type":"product","link":"https:\/\/www.customeeple.com\/es\/producto\/astra-militarum-cadian-upgrades\/","title":{"rendered":"Astra Militarum: Mejoras de Cadia"},"content":{"rendered":"<p>Las filas del Astra Militarum cuentan con innumerables regimientos procedentes del planeta Cadia, o reunidos a imagen y semejanza del mundo ca\u00eddo. Estos soldados natos son considerados por muchos como las tropas imperiales ideales: desde cadetes reci\u00e9n reclutados hasta experimentadas Tropas de Choque y Veteranos consagrados, los regimientos de Cadia luchan a pesar de las heridas y las penurias, cargados con todas las variadas herramientas de la guerra.<\/p>\n<p>Este set de mejoras de pl\u00e1stico te permite personalizar una gran variedad de kits de Cadianos de pl\u00e1stico (incluyendo las Tropas de Choque de Cadia y la Escuadra de Mando de Cadia) con accesorios extra, componentes intercambiables y nuevas opciones cosm\u00e9ticas. A\u00f1ade un toque a\u00fan m\u00e1s personal a tu ej\u00e9rcito, representa mejoras o narrativas espec\u00edficas, aseg\u00farate de que no hay dos escuadrones iguales y demuestra que, mientras un solo Cadiano respire, \u00a1Cadia resiste!<\/p>\n<p><strong>Este kit contiene:<\/strong><\/p>\n<p>-18 Cabezas de Cadia:<br \/>\n&#8211; 6 Cabezas de cadete de Cadia, con gorras con una calavera sin alas<br \/>\n&#8211; 6 Cabezas de cadianos enmascarados, con cascos con m\u00e1scaras antig\u00e1s<br \/>\n&#8211; 6 Cabezas de Cadia sin m\u00e1scara, con diversos rasgos de car\u00e1cter<\/p>\n<p>&#8211; Conjunto de mejora de sargento de las Tropas de choque de Cadia:<br \/>\n&#8211; 1 Cabeza alternativa<br \/>\n&#8211; 1 Brazo derecho con rifle autom\u00e1tica<br \/>\n&#8211; 2 brazos izquierdos: uno bi\u00f3nico y el otro con una ristra de munici\u00f3n<\/p>\n<p>&#8211; Conjunto de mejora de Soldado de choque de Cadia con ristra de munici\u00f3n:<br \/>\n&#8211; 1 Cabeza alternativa<br \/>\n&#8211; 1 Caja de herramientas<br \/>\n&#8211; 1 Brazo izquierdo con lata de munici\u00f3n<br \/>\n&#8211; 2 Brazos derechos: uno con una lata de combustible y el otro con un rifle l\u00e1ser al hombro<\/p>\n<p>&#8211; Conjunto de mejora de Soldado de choque de Cadia herido:<br \/>\n&#8211; 1 Cabeza vendada<br \/>\n&#8211; 1 Mochila con casco guardado<br \/>\n&#8211; 1 Brazo izquierdo enyesado y con cabestrillo<br \/>\n&#8211; 1 Brazo derecho con rifle l\u00e1ser y cabestrillo<\/p>\n<p>&#8211; Conjunto de mejora de Soldado de choque de Cadia navegante:<br \/>\n&#8211; 1 Cabeza con lente ocular<br \/>\n&#8211; 1 Manojo de cuerda<br \/>\n&#8211; 1 Brazo izquierdo con rifle l\u00e1ser<br \/>\n&#8211; 1 Brazo derecho con mapa<\/p>\n<p>&#8211; Conjunto de mejora de Soldado de choque de Cadia zurdo:<br \/>\n&#8211; 1 Cabeza alternativa<br \/>\n&#8211; 1 Saco de dormir<br \/>\n&#8211; 1 Brazo izquierdo sosteniendo un rifle l\u00e1ser<br \/>\n&#8211; 1 Brazo derecho sosteniendo un rifle l\u00e1ser<\/p>\n<p>&#8211; M\u00e9dico de campo de batalla de Cadia:<br \/>\n&#8211; Una miniatura de pl\u00e1stico completa que representa a un m\u00e9dico con un casco \u00fanico marcado con una helix, agachado para aplicar el triaje con una bolsa de sangre y una jeringuilla, y su rifle l\u00e1ser colgada del hombro. Esta miniatura no incluye peana.<\/p>\n<p>&#8211; Mec\u00e1nico de campo de batalla de Cadia:<br \/>\n&#8211; Una miniatura de pl\u00e1stico completa dise\u00f1ada para agacharse sobre el casco de un carro de combate Rogal Dorn, que representa a un ingeniero de campo con el pelo peinado hacia atr\u00e1s y las mangas remangadas, listo para realizar tareas de mantenimiento con una llave inglesa. Esta miniatura no incluye base.<\/p>\n<p>&#8211; Oficial de Compa\u00f1\u00eda Blindada de Cadia:<br \/>\n&#8211; Un oficial condecorado y con cicatrices dise\u00f1ado para encajar en la escotilla abierta de un carro de combate Rogal Dorn. Se puede montar con una de las dos opciones de brazo derecho: apoyado firmemente en la cadera o blandiendo una espada de energ\u00eda.<\/p>\n<p>&#8211; 14 Accesorios Cadianos, incluyendo:<br \/>\n&#8211; 5 Bayonetas o cuchillos de combate<br \/>\n&#8211; 2 Sacos de arena<br \/>\n&#8211; 1 Casco de repuesto<br \/>\n&#8211; 1 Bid\u00f3n<br \/>\n&#8211; 1 Pistola enfundada<br \/>\n&#8211; 1 Bid\u00f3n de combustible<br \/>\n&#8211; 1 Mochila<br \/>\n&#8211; 1 Brazo derecho que empu\u00f1a un hacha<br \/>\n&#8211; 1 marcador de tumba, hecho con un rifle l\u00e1ser plantado en el suelo y rematado con un casco y chapas identificativas<\/p>\n<p>Este set de mejora consta de 87 piezas de pl\u00e1stico y est\u00e1 dise\u00f1ado para usarse junto con otros kits de pl\u00e1stico del Astra Militarum, que se venden por separado. Estas piezas se suministran sin pintar y requieren montaje. Recomendamos usar pegamento para pl\u00e1stico Citadel y pinturas Citadel.<\/p>\n","protected":false},"excerpt":{"rendered":"<p>Las filas del Astra Militarum cuentan con innumerables regimientos procedentes del planeta Cadia, o reunidos a imagen y semejanza del mundo ca\u00eddo. Estos soldados natos son considerados por muchos como las tropas imperiales ideales: desde cadetes reci\u00e9n reclutados hasta experimentadas Tropas de Choque y Veteranos consagrados, los regimientos de Cadia luchan a pesar de las [&hellip;]<\/p>\n","protected":false},"featured_media":69316,"template":"","meta":{"_acf_changed":false},"product_brand":[],"product_cat":[1177,1180,1623,1229],"product_tag":[],"class_list":{"0":"post-69319","1":"product","2":"type-product","3":"status-publish","4":"has-post-thumbnail","6":"product_cat-games-workshop-es","7":"product_cat-retail-products-es","8":"product_cat-wargames-es-2","9":"product_cat-warhammer-40k-es","11":"first","12":"onbackorder","13":"sale","14":"taxable","15":"shipping-taxable","16":"purchasable","17":"product-type-simple"},"exclude_global_add_ons":[],"addons":[],"acf":[],"_links":{"self":[{"href":"https:\/\/www.customeeple.com\/es\/wp-json\/wp\/v2\/product\/69319","targetHints":{"allow":["GET"]}}],"collection":[{"href":"https:\/\/www.customeeple.com\/es\/wp-json\/wp\/v2\/product"}],"about":[{"href":"https:\/\/www.customeeple.com\/es\/wp-json\/wp\/v2\/types\/product"}],"wp:featuredmedia":[{"embeddable":true,"href":"https:\/\/www.customeeple.com\/es\/wp-json\/wp\/v2\/media\/69316"}],"wp:attachment":[{"href":"https:\/\/www.customeeple.com\/es\/wp-json\/wp\/v2\/media?parent=69319"}],"wp:term":[{"taxonomy":"product_brand","embeddable":true,"href":"https:\/\/www.customeeple.com\/es\/wp-json\/wp\/v2\/product_brand?post=69319"},{"taxonomy":"product_cat","embeddable":true,"href":"https:\/\/www.customeeple.com\/es\/wp-json\/wp\/v2\/product_cat?post=69319"},{"taxonomy":"product_tag","embeddable":true,"href":"https:\/\/www.customeeple.com\/es\/wp-json\/wp\/v2\/product_tag?post=69319"}],"curies":[{"name":"wp","href":"https:\/\/api.w.org\/{rel}","templated":true}]}}