{"id":69312,"date":"2023-07-28T19:46:00","date_gmt":"2023-07-28T18:46:00","guid":{"rendered":"https:\/\/www.customeeple.com\/product\/sws-apetite-for-destrucction-squad-pack\/"},"modified":"2023-07-28T19:46:00","modified_gmt":"2023-07-28T18:46:00","slug":"sws-apetite-for-destrucction-squad-pack","status":"publish","type":"product","link":"https:\/\/www.customeeple.com\/es\/producto\/sws-apetite-for-destrucction-squad-pack\/","title":{"rendered":"SWS: Apetite For Destrucction Squad Pack"},"content":{"rendered":"<p>\u00a1El infame general Grievous aterroriza a la Rep\u00fablica! Desplegando el ej\u00e9rcito droide de los separatistas por toda la galaxia, Grievous ha demostrado ser un formidable rival para sus adversarios jedi. Astuto estratega militar, emplea t\u00e1cticas brutales para obtener numerosas victorias e infundir miedo a sus oponentes. Su reputaci\u00f3n queda a\u00fan m\u00e1s reforzada por destreza marcial. Entrenado por el mism\u00edsimo conde Dooku, Grievous esgrime con letal eficiencia sables de luz arrebatados a sus enemigos ca\u00eddos. Sus mejoras cibern\u00e9ticas potencian a\u00fan m\u00e1s sus habilidades, convirtiendo a Grievous en una pieza clave para las esperanzas separatistas de derrocar a la Rep\u00fablica&#8230;<\/p>\n<p><strong>CONTENIDO<\/strong><br \/>\n3 cartas de postura de unidad, 3 cartas de \u00f3rdenes de unidad, 3 cartas de perfil de unidad, 4 miniaturas.<\/p>\n","protected":false},"excerpt":{"rendered":"<p>\u00a1El infame general Grievous aterroriza a la Rep\u00fablica! Desplegando el ej\u00e9rcito droide de los separatistas por toda la galaxia, Grievous ha demostrado ser un formidable rival para sus adversarios jedi. Astuto estratega militar, emplea t\u00e1cticas brutales para obtener numerosas victorias e infundir miedo a sus oponentes. Su reputaci\u00f3n queda a\u00fan m\u00e1s reforzada por destreza marcial. [&hellip;]<\/p>\n","protected":false},"featured_media":69304,"template":"","meta":{"_acf_changed":false},"product_brand":[],"product_cat":[1180,1372,2139,2134,1623],"product_tag":[],"class_list":{"0":"post-69312","1":"product","2":"type-product","3":"status-publish","4":"has-post-thumbnail","6":"product_cat-retail-products-es","7":"product_cat-sci-fi-es","8":"product_cat-star-wars","9":"product_cat-sws","10":"product_cat-wargames-es-2","12":"first","13":"onbackorder","14":"sale","15":"taxable","16":"shipping-taxable","17":"purchasable","18":"product-type-simple"},"exclude_global_add_ons":[],"addons":[],"acf":[],"_links":{"self":[{"href":"https:\/\/www.customeeple.com\/es\/wp-json\/wp\/v2\/product\/69312","targetHints":{"allow":["GET"]}}],"collection":[{"href":"https:\/\/www.customeeple.com\/es\/wp-json\/wp\/v2\/product"}],"about":[{"href":"https:\/\/www.customeeple.com\/es\/wp-json\/wp\/v2\/types\/product"}],"wp:featuredmedia":[{"embeddable":true,"href":"https:\/\/www.customeeple.com\/es\/wp-json\/wp\/v2\/media\/69304"}],"wp:attachment":[{"href":"https:\/\/www.customeeple.com\/es\/wp-json\/wp\/v2\/media?parent=69312"}],"wp:term":[{"taxonomy":"product_brand","embeddable":true,"href":"https:\/\/www.customeeple.com\/es\/wp-json\/wp\/v2\/product_brand?post=69312"},{"taxonomy":"product_cat","embeddable":true,"href":"https:\/\/www.customeeple.com\/es\/wp-json\/wp\/v2\/product_cat?post=69312"},{"taxonomy":"product_tag","embeddable":true,"href":"https:\/\/www.customeeple.com\/es\/wp-json\/wp\/v2\/product_tag?post=69312"}],"curies":[{"name":"wp","href":"https:\/\/api.w.org\/{rel}","templated":true}]}}