{"id":69310,"date":"2023-07-26T19:50:28","date_gmt":"2023-07-26T18:50:28","guid":{"rendered":"https:\/\/www.customeeple.com\/product\/el-senor-de-los-anillos-la-batalla-por-la-tierra-media\/"},"modified":"2023-07-26T19:50:28","modified_gmt":"2023-07-26T18:50:28","slug":"el-senor-de-los-anillos-la-batalla-por-la-tierra-media","status":"publish","type":"product","link":"https:\/\/www.customeeple.com\/es\/producto\/el-senor-de-los-anillos-la-batalla-por-la-tierra-media\/","title":{"rendered":"El Se\u00f1or de los Anillos: La Batalla por la Tierra Media (SPA)"},"content":{"rendered":"<p>Empu\u00f1a la espada, afila el hacha y tensa el arco, porque las batallas que decidir\u00e1n el destino de la Tierra Media est\u00e1n a punto de librarse. T\u00fa y tus compa\u00f1eros liderar\u00e9is a los h\u00e9roes de\u00a0<i>El Se\u00f1or de los Anillos<\/i>\u00a0contra las criaturas de Mordor. Competir\u00e9is por ver qui\u00e9n derrota al mayor n\u00famero de enemigos m\u00e1s poderosos, del mismo modo que Legolas y Gimli rivalizaban por ver qui\u00e9n lograr\u00eda la mayor gloria en combate.<\/p>\n<p>Esta aventura de 64 cartas, inspirada en el universo de fantas\u00eda \u00e9pica creado por J. R. R. Tolkien, es obra de Andreas Zimmermann y cuenta con ilustraciones de Suzanne Helmigh. Est\u00e1 pensada para grupos de 2 a 4 jugadores, a partir de 8 a\u00f1os. Turno tras turno, los jugadores crear\u00e1n una compa\u00f1\u00eda de h\u00e9roes para librar batallas contra los secuaces de la sombra.<\/p>\n<p>El juego est\u00e1 formado por dos mazos: en primer lugar, 43 cartas del Anillo, que incluyen compa\u00f1eros y cartas de Mordor. En segundo lugar, 21 cartas de enemigo, que nos proporcionar\u00e1n puntos de victoria cuando los derrotemos.<\/p>\n<p>En su turno, los jugadores pueden elegir si formar una compa\u00f1\u00eda con las cartas de compa\u00f1ero de su mano o robar una carta del mazo del Anillo y a\u00f1adirla a su mano, si tiene menos de cinco. A lo largo de la partida, los jugadores podr\u00e1n formar tantas compa\u00f1\u00edas como quieran o ampliar las existentes. Tras ampliar o crear una compa\u00f1\u00eda, los jugadores pueden enviar una de ellas a la batalla. Cuando los s\u00edmbolos de una compa\u00f1\u00eda coinciden con los s\u00edmbolos de una o m\u00e1s cartas de enemigos, el jugador puede enviar esta compa\u00f1\u00eda a la batalla, coger las cartas de los enemigos que haya derrotado y colocarlas boca abajo delante de \u00e9l. El jugador deber\u00e1 descartar todas las cartas de compa\u00f1\u00eda que haya usado en la batalla y aparecen nuevos enemigos.<\/p>\n<p>A pesar de que cada vez m\u00e1s compa\u00f1eros llegan en vuestra ayuda, el ojo de Sauron est\u00e1 siempre al acecho y deb\u00e9is vigilar sus contraataques. Deber\u00e9is tener mucho cuidado con las cartas de Mordor, que se ocultan entre el mazo del Anillo. Estas cartas penalizar\u00e1n a los jugadores haciendo que se descarten de cartas de su mano, de las compa\u00f1\u00edas o incluso de enemigos derrotados.<\/p>\n<p>La partida termina cuando ya no hay m\u00e1s cartas de enemigo a la vista. En ese punto, los jugadores suman los puntos de los enemigos que han derrotado m\u00e1s los puntos que otorgan las cartas de compa\u00f1ero que tengan en su poder. Gana la partida el jugador que ha obtenido m\u00e1s puntos de victoria. En caso de empate, el jugador que haya derrotado a m\u00e1s enemigos es el ganador.<\/p>\n<p>El Se\u00f1or de los Anillos: batalla por la Tierra Media es un juego de la colecci\u00f3n pocket que se caracteriza por su formato port\u00e1til, ideal para llevar a cualquier parte, y su precio econ\u00f3mico. Por su tem\u00e1tica, se trata de un imprescindible para todos los amantes del universo de Tolkien, pero tambi\u00e9n para todos aquellos que disfruten de un buen juego de cartas. \u00bfPreparado para decidir el destino de la Tierra Media?<\/p>\n","protected":false},"excerpt":{"rendered":"<p>Empu\u00f1a la espada, afila el hacha y tensa el arco, porque las batallas que decidir\u00e1n el destino de la Tierra Media est\u00e1n a punto de librarse. T\u00fa y tus compa\u00f1eros liderar\u00e9is a los h\u00e9roes de\u00a0El Se\u00f1or de los Anillos\u00a0contra las criaturas de Mordor. Competir\u00e9is por ver qui\u00e9n derrota al mayor n\u00famero de enemigos m\u00e1s poderosos, [&hellip;]<\/p>\n","protected":false},"featured_media":69300,"template":"","meta":{"_acf_changed":false},"product_brand":[],"product_cat":[1561,1557,1653,1180],"product_tag":[],"class_list":{"0":"post-69310","1":"product","2":"type-product","3":"status-publish","4":"has-post-thumbnail","6":"product_cat-familiar-es","7":"product_cat-card-game-es","8":"product_cat-boardgames","9":"product_cat-retail-products-es","11":"first","12":"onbackorder","13":"sale","14":"taxable","15":"shipping-taxable","16":"purchasable","17":"product-type-simple"},"exclude_global_add_ons":[],"addons":[],"acf":[],"_links":{"self":[{"href":"https:\/\/www.customeeple.com\/es\/wp-json\/wp\/v2\/product\/69310","targetHints":{"allow":["GET"]}}],"collection":[{"href":"https:\/\/www.customeeple.com\/es\/wp-json\/wp\/v2\/product"}],"about":[{"href":"https:\/\/www.customeeple.com\/es\/wp-json\/wp\/v2\/types\/product"}],"wp:featuredmedia":[{"embeddable":true,"href":"https:\/\/www.customeeple.com\/es\/wp-json\/wp\/v2\/media\/69300"}],"wp:attachment":[{"href":"https:\/\/www.customeeple.com\/es\/wp-json\/wp\/v2\/media?parent=69310"}],"wp:term":[{"taxonomy":"product_brand","embeddable":true,"href":"https:\/\/www.customeeple.com\/es\/wp-json\/wp\/v2\/product_brand?post=69310"},{"taxonomy":"product_cat","embeddable":true,"href":"https:\/\/www.customeeple.com\/es\/wp-json\/wp\/v2\/product_cat?post=69310"},{"taxonomy":"product_tag","embeddable":true,"href":"https:\/\/www.customeeple.com\/es\/wp-json\/wp\/v2\/product_tag?post=69310"}],"curies":[{"name":"wp","href":"https:\/\/api.w.org\/{rel}","templated":true}]}}