{"id":69309,"date":"2023-07-28T19:46:57","date_gmt":"2023-07-28T18:46:57","guid":{"rendered":"https:\/\/www.customeeple.com\/product\/mysterium-kids-el-tesoro-del-capitan-bu\/"},"modified":"2023-07-28T19:46:57","modified_gmt":"2023-07-28T18:46:57","slug":"mysterium-kids-el-tesoro-del-capitan-bu","status":"publish","type":"product","link":"https:\/\/www.customeeple.com\/es\/producto\/mysterium-kids-el-tesoro-del-capitan-bu\/","title":{"rendered":"Mysterium Kids: el tesoro del capit\u00e1n Bu (SPA)"},"content":{"rendered":"<p>En una vieja mansi\u00f3n abandonada se oculta un fabuloso tesoro&#8230; Si quer\u00e9is encontrarlo, tendr\u00e9is que colaborar con el esp\u00edritu que habita en este lugar: el capit\u00e1n Bu. No habla mucho&#8230; \u00a1pero toca la pandereta que se las pela!<\/p>\n<p><strong>CONTENIDO<\/strong><br \/>1 pandereta (sint\u00e9tica), 1 tablero de Mansi\u00f3n, 1 tablero de Rondas, 1 ficha de Luna, 5 fichas de Esp\u00edritu, 80 cartas de Ruido, 10 fichas de Tesoro<\/p>\n","protected":false},"excerpt":{"rendered":"<p>En una vieja mansi\u00f3n abandonada se oculta un fabuloso tesoro&#8230; Si quer\u00e9is encontrarlo, tendr\u00e9is que colaborar con el esp\u00edritu que habita en este lugar: el capit\u00e1n Bu. No habla mucho&#8230; \u00a1pero toca la pandereta que se las pela! CONTENIDO1 pandereta (sint\u00e9tica), 1 tablero de Mansi\u00f3n, 1 tablero de Rondas, 1 ficha de Luna, 5 fichas [&hellip;]<\/p>\n","protected":false},"featured_media":69306,"template":"","meta":{"_acf_changed":false},"product_brand":[],"product_cat":[2003,1561,1564,1653,1180],"product_tag":[],"class_list":{"0":"post-69309","1":"product","2":"type-product","3":"status-publish","4":"has-post-thumbnail","6":"product_cat-cooperative-es","7":"product_cat-familiar-es","8":"product_cat-childrens-es","9":"product_cat-boardgames","10":"product_cat-retail-products-es","12":"first","13":"instock","14":"sale","15":"taxable","16":"shipping-taxable","17":"purchasable","18":"product-type-simple"},"exclude_global_add_ons":[],"addons":[],"acf":[],"_links":{"self":[{"href":"https:\/\/www.customeeple.com\/es\/wp-json\/wp\/v2\/product\/69309","targetHints":{"allow":["GET"]}}],"collection":[{"href":"https:\/\/www.customeeple.com\/es\/wp-json\/wp\/v2\/product"}],"about":[{"href":"https:\/\/www.customeeple.com\/es\/wp-json\/wp\/v2\/types\/product"}],"wp:featuredmedia":[{"embeddable":true,"href":"https:\/\/www.customeeple.com\/es\/wp-json\/wp\/v2\/media\/69306"}],"wp:attachment":[{"href":"https:\/\/www.customeeple.com\/es\/wp-json\/wp\/v2\/media?parent=69309"}],"wp:term":[{"taxonomy":"product_brand","embeddable":true,"href":"https:\/\/www.customeeple.com\/es\/wp-json\/wp\/v2\/product_brand?post=69309"},{"taxonomy":"product_cat","embeddable":true,"href":"https:\/\/www.customeeple.com\/es\/wp-json\/wp\/v2\/product_cat?post=69309"},{"taxonomy":"product_tag","embeddable":true,"href":"https:\/\/www.customeeple.com\/es\/wp-json\/wp\/v2\/product_tag?post=69309"}],"curies":[{"name":"wp","href":"https:\/\/api.w.org\/{rel}","templated":true}]}}