{"id":69308,"date":"2023-07-26T19:50:38","date_gmt":"2023-07-26T18:50:38","guid":{"rendered":"https:\/\/www.customeeple.com\/product\/yokai-sketch-spa\/"},"modified":"2026-01-15T10:34:05","modified_gmt":"2026-01-15T09:34:05","slug":"yokai-sketch-spa","status":"publish","type":"product","link":"https:\/\/www.customeeple.com\/es\/producto\/yokai-sketch-spa\/","title":{"rendered":"Yokai Sketch (SPA)"},"content":{"rendered":"<p>Cuando los m\u00e1s peque\u00f1os entran en un bosque, siempre abren bien los ojos\u2026 \u00a1Porque puede que se crucen con alg\u00fan Yokai! Movidos por una curiosidad sin l\u00edmites, los humanos dibujan en sus cuadernos a estos esp\u00edritus misteriosos y escurridizos para comprender su naturaleza y aprender de ellos.<\/p>\n<p>Dise\u00f1ado por Ignasi Ferr\u00e9 e ilustrado por Vincent Dutrait (responsable del arte de t\u00edtulos como Amazonia, Holi, Museum, Exploradores), Yokai Sketch es un juego para dos jugadores, a partir de 12 a\u00f1os, que ofrece partidas de unos 20 minutos de duraci\u00f3n. Con una mec\u00e1nica principal de set collection, el objetivo consiste en obtener m\u00e1s puntos de Yokai que el rival completando bocetos de los escurridizos esp\u00edritus del bosque.<\/p>\n<p>El juego est\u00e1 formado por dos barajas de cartas: en una encontramos 4 tipos de Yokai, cada uno asociado a un elemento (agua, fuego, tierra y viento) y a un valor num\u00e9rico que corresponde a puntos de victoria. En la otra, los bocetos que realizan los humanos y en los que adem\u00e1s de dos de los cuatro elementos tambi\u00e9n puede haber alguna habilidad especial.<\/p>\n<p>Con una preparaci\u00f3n muy sencilla y con muy pocas reglas, enseguida os pondr\u00e9is a jugar. Al empezar la partida, se apilan las cartas de Yokai en el centro de la mesa formando 4 mazos (uno por cada tipo de carta) y se reparten tres cartas de boceto, boca abajo, a los jugadores. En su turno, los jugadores toman una nueva carta de boceto y deslizan una de sus cuatro cartas bajo uno de los cuatro mazos del centro de la mesa, de tal modo que muestre el elemento asociado a ese Yokai. Si al hacer esto el Yokai alcanza o supera el n\u00famero de bocetos necesarios para dibujarlo (sumando los bocetos en ambos lados de la carta), el jugador que m\u00e1s bocetos haya acumulado en su lado de la mesa se lo llevar\u00e1.<\/p>\n<p>Las cartas de boceto del ganador se colocar\u00e1n en la pila de descartes, y las del otro jugador se quedar\u00e1n en su sitio, ya que le servir\u00e1n para la pr\u00f3xima carta de Yokai de ese tipo a partir del siguiente turno. Si se produce un empate en el n\u00famero de bocetos a ambos lados de la carta, el Yokai se asusta y se pierde. En este caso, ninguno de los dos logra terminar el dibujo y se descartan todas las cartas de boceto a ambos lados de esa pila de Yokai. Las cartas de boceto tambi\u00e9n pueden incluir poderes: llamar al Yokai o distraer al Yokai que permitir\u00e1n mover de sitio algunas cartas. La partida termina cuando uno o varios mazos de Yokai quedan vac\u00edos.<\/p>\n<p>Yokai Sketch forma parte de la colecci\u00f3n pocket de Devir, que se caracteriza por traer grandes juegos en formato reducido y con un coste econ\u00f3mico. Adem\u00e1s de su portabilidad, que los hace unos grandes compa\u00f1eros de viaje, son t\u00edtulos vers\u00e1tiles al alcance de todos los p\u00fablicos. Los duelos de Yokai Sketch se resolver\u00e1n en muy poco tiempo y es muy posible que encaden\u00e9is una partida tras otra. \u00a1Preparad los cuadernos, afilad los l\u00e1pices y cazad a los esp\u00edritus del bosque!<\/p>\n","protected":false},"excerpt":{"rendered":"<p>Cuando los m\u00e1s peque\u00f1os entran en un bosque, siempre abren bien los ojos\u2026 \u00a1Porque puede que se crucen con alg\u00fan Yokai! Movidos por una curiosidad sin l\u00edmites, los humanos dibujan en sus cuadernos a estos esp\u00edritus misteriosos y escurridizos para comprender su naturaleza y aprender de ellos. Dise\u00f1ado por Ignasi Ferr\u00e9 e ilustrado por Vincent [&hellip;]<\/p>\n","protected":false},"featured_media":69298,"template":"","meta":{"_acf_changed":false},"product_brand":[],"product_cat":[2344,1561,1557,1653,1180],"product_tag":[],"class_list":{"0":"post-69308","1":"product","2":"type-product","3":"status-publish","4":"has-post-thumbnail","6":"product_cat-devir-es","7":"product_cat-familiar-es","8":"product_cat-card-game-es","9":"product_cat-boardgames","10":"product_cat-retail-products-es","12":"first","13":"onbackorder","14":"taxable","15":"shipping-taxable","16":"purchasable","17":"product-type-simple"},"exclude_global_add_ons":[],"addons":[],"acf":[],"_links":{"self":[{"href":"https:\/\/www.customeeple.com\/es\/wp-json\/wp\/v2\/product\/69308","targetHints":{"allow":["GET"]}}],"collection":[{"href":"https:\/\/www.customeeple.com\/es\/wp-json\/wp\/v2\/product"}],"about":[{"href":"https:\/\/www.customeeple.com\/es\/wp-json\/wp\/v2\/types\/product"}],"wp:featuredmedia":[{"embeddable":true,"href":"https:\/\/www.customeeple.com\/es\/wp-json\/wp\/v2\/media\/69298"}],"wp:attachment":[{"href":"https:\/\/www.customeeple.com\/es\/wp-json\/wp\/v2\/media?parent=69308"}],"wp:term":[{"taxonomy":"product_brand","embeddable":true,"href":"https:\/\/www.customeeple.com\/es\/wp-json\/wp\/v2\/product_brand?post=69308"},{"taxonomy":"product_cat","embeddable":true,"href":"https:\/\/www.customeeple.com\/es\/wp-json\/wp\/v2\/product_cat?post=69308"},{"taxonomy":"product_tag","embeddable":true,"href":"https:\/\/www.customeeple.com\/es\/wp-json\/wp\/v2\/product_tag?post=69308"}],"curies":[{"name":"wp","href":"https:\/\/api.w.org\/{rel}","templated":true}]}}