{"id":69194,"date":"2023-07-24T13:39:52","date_gmt":"2023-07-24T12:39:52","guid":{"rendered":"https:\/\/www.customeeple.com\/product\/exit-regreso-a-la-cabana-abandonada\/"},"modified":"2025-08-29T01:55:04","modified_gmt":"2025-08-29T00:55:04","slug":"exit-regreso-a-la-cabana-abandonada","status":"publish","type":"product","link":"https:\/\/www.customeeple.com\/es\/producto\/exit-regreso-a-la-cabana-abandonada\/","title":{"rendered":"Exit: Regreso a la caba\u00f1a abandonada (SPA)"},"content":{"rendered":"<p>Hace mucho tiempo os encerraron en una caba\u00f1a abandonada en medio del bosque, y aunque lograsteis salir de ella, vuestro \u201canfitri\u00f3n\u201d, el Dr. Arthur Funbeq, logr\u00f3 huir de la c\u00e1rcel tras ser detenido. La polic\u00eda intent\u00f3 sin \u00e9xito dar con \u00e9l, y el caso se hab\u00eda ido enfriando\u2026 hasta ahora. Un agente os viene a ver y os pide que le acompa\u00f1\u00e9is a visitar una caba\u00f1a que han descubierto y que podr\u00eda ponerles de nuevo tras la pista de este maestro de los acertijos. \u00a1La aventura empieza de nuevo!<\/p>\n<p>Exit: Regreso a la caba\u00f1a abandonada es un juego de escape cooperativo dise\u00f1ado por Inka y Markus Brand, que se puede disfrutar en solitario o en un grupo de hasta 4 personas, a partir 12 a\u00f1os, en partidas que pueden durar entre 45 y 90 minutos. A trav\u00e9s de 85 cartas, un cuaderno, un disco descodificador y algunos artefactos especiales, los jugadores podr\u00e1n explorar e interactuar con todos los elementos que vayan observando para tratar de resolver el misterio planteado.<\/p>\n<p>La saga de juegos Exit nos trae en cada caja todo lo necesario para vivir la emoci\u00f3n de las mejores Escape room o salas de escape desde el sal\u00f3n de casa. Cada t\u00edtulo tiene una tem\u00e1tica y una historia completamente diferente en la que los jugadores son los protagonistas. Una aventura perfecta para pasar una divertida tarde en solitario, en familia o entre amigos que pondr\u00e1 a prueba la capacidad de observaci\u00f3n, el ingenio y la creatividad de todos los participantes. El formato compacto y port\u00e1til de la caja convierten este juego en un compa\u00f1ero ideal para cualquier viaje.<\/p>\n<p>Otra caracter\u00edstica que hace pr\u00e1cticamente \u00fanicos a los juegos de la saga Exit es que solo se pueden jugar una vez, ya que posiblemente tengas que tachar, doblar o rasgar componentes. De esta manera se pueden crear unos acertijos m\u00e1s variados.<\/p>\n<p>Con una dificultad de nivel avanzado, Exit: Regreso a la Caba\u00f1a Abandonada es un t\u00edtulo ideal para aquellos que ya tengan experiencia en juegos cooperativos del tipo escape room. Prestar atenci\u00f3n a los detalles, la buena comunicaci\u00f3n entre los miembros del equipo y afilar la capacidad de deducci\u00f3n ser\u00e1n las claves que os permitir\u00e1n tener \u00e9xito en esta aventura. \u00bfResolver\u00e9is los enigmas para descubrir todos los secretos que oculta la caba\u00f1a?<\/p>\n","protected":false},"excerpt":{"rendered":"<p>Hace mucho tiempo os encerraron en una caba\u00f1a abandonada en medio del bosque, y aunque lograsteis salir de ella, vuestro \u201canfitri\u00f3n\u201d, el Dr. Arthur Funbeq, logr\u00f3 huir de la c\u00e1rcel tras ser detenido. La polic\u00eda intent\u00f3 sin \u00e9xito dar con \u00e9l, y el caso se hab\u00eda ido enfriando\u2026 hasta ahora. Un agente os viene a [&hellip;]<\/p>\n","protected":false},"featured_media":69193,"template":"","meta":{"_acf_changed":false},"product_brand":[],"product_cat":[2003,2344,1653,1180],"product_tag":[],"class_list":{"0":"post-69194","1":"product","2":"type-product","3":"status-publish","4":"has-post-thumbnail","6":"product_cat-cooperative-es","7":"product_cat-devir-es","8":"product_cat-boardgames","9":"product_cat-retail-products-es","11":"first","12":"onbackorder","13":"taxable","14":"shipping-taxable","15":"purchasable","16":"product-type-simple"},"exclude_global_add_ons":[],"addons":[],"acf":[],"_links":{"self":[{"href":"https:\/\/www.customeeple.com\/es\/wp-json\/wp\/v2\/product\/69194","targetHints":{"allow":["GET"]}}],"collection":[{"href":"https:\/\/www.customeeple.com\/es\/wp-json\/wp\/v2\/product"}],"about":[{"href":"https:\/\/www.customeeple.com\/es\/wp-json\/wp\/v2\/types\/product"}],"wp:featuredmedia":[{"embeddable":true,"href":"https:\/\/www.customeeple.com\/es\/wp-json\/wp\/v2\/media\/69193"}],"wp:attachment":[{"href":"https:\/\/www.customeeple.com\/es\/wp-json\/wp\/v2\/media?parent=69194"}],"wp:term":[{"taxonomy":"product_brand","embeddable":true,"href":"https:\/\/www.customeeple.com\/es\/wp-json\/wp\/v2\/product_brand?post=69194"},{"taxonomy":"product_cat","embeddable":true,"href":"https:\/\/www.customeeple.com\/es\/wp-json\/wp\/v2\/product_cat?post=69194"},{"taxonomy":"product_tag","embeddable":true,"href":"https:\/\/www.customeeple.com\/es\/wp-json\/wp\/v2\/product_tag?post=69194"}],"curies":[{"name":"wp","href":"https:\/\/api.w.org\/{rel}","templated":true}]}}