{"id":69191,"date":"2023-07-19T19:48:59","date_gmt":"2023-07-19T18:48:59","guid":{"rendered":"https:\/\/www.customeeple.com\/product\/bananagrams-2\/"},"modified":"2023-07-19T19:48:59","modified_gmt":"2023-07-19T18:48:59","slug":"bananagrams-2","status":"publish","type":"product","link":"https:\/\/www.customeeple.com\/es\/producto\/bananagrams-2\/","title":{"rendered":"Bananagrams (SPA)"},"content":{"rendered":"<p><span dir=\"ltr\"><em>Bananagrams\u00a0<\/em>es un juego de palabras r\u00e1pido y divertido que no requiere l\u00e1piz, papel ni tablero: utilizando las fichas de letras de pl\u00e1stico, cada jugador trabaja de forma independiente para crear su propio \u201ccrucigrama\u201d m\u00e1s r\u00e1pido que sus oponentes. \u00a1Intenta formar la mayor cantidad de palabras para ganar y convertirte en La Gran Banana!\u00a0<\/span><\/p>\n<p>P<br \/>\nI<br \/>\nE<br \/>\nN<br \/>\nS<br \/>\nP \u00a0 \u00a0 \u00a0 \u00a0 \u00a0A \u00a0 \u00a0 \u00a0 \u00a0 \u00a0L \u00a0 \u00a0 \u00a0 \u00a0 \u00a0A \u00a0 \u00a0 \u00a0 \u00a0 \u00a0B \u00a0 \u00a0 \u00a0 \u00a0 \u00a0R \u00a0 \u00a0 \u00a0 \u00a0 \u00a0A<br \/>\nO<br \/>\nB<br \/>\nJ \u00a0 U \u00a0 E \u00a0 \u00a0G \u00a0 \u00a0A<\/p>\n<p><strong>CONTENIDO<\/strong><br \/>\n144 fichas, un reglamento.<\/p>\n<p><strong>NOTAS<\/strong><br \/>\nJuego completamente adaptado al castellano con las siguientes letras y n\u00famero de fichas: A=15, B=4, C=5, D=6, E=15, F=3, G=3, H=3, I=10, J=3, L=5, M=3, N=8, O=12, P=4, Q=1, R=8, S=8, T=8, U=10, V=3, X=1, Y=1, Z=1, CH=1, LL=1, \u00d1=1, RR=1.<br \/>\nConsigue el expositor en pedidos de m\u00e1s de un case.<\/p>\n","protected":false},"excerpt":{"rendered":"<p>Bananagrams\u00a0es un juego de palabras r\u00e1pido y divertido que no requiere l\u00e1piz, papel ni tablero: utilizando las fichas de letras de pl\u00e1stico, cada jugador trabaja de forma independiente para crear su propio \u201ccrucigrama\u201d m\u00e1s r\u00e1pido que sus oponentes. \u00a1Intenta formar la mayor cantidad de palabras para ganar y convertirte en La Gran Banana!\u00a0 P I [&hellip;]<\/p>\n","protected":false},"featured_media":69177,"template":"","meta":{"_acf_changed":false},"product_brand":[],"product_cat":[1561,1653,1180],"product_tag":[],"class_list":{"0":"post-69191","1":"product","2":"type-product","3":"status-publish","4":"has-post-thumbnail","6":"product_cat-familiar-es","7":"product_cat-boardgames","8":"product_cat-retail-products-es","10":"first","11":"onbackorder","12":"sale","13":"taxable","14":"shipping-taxable","15":"purchasable","16":"product-type-simple"},"exclude_global_add_ons":[],"addons":[],"acf":[],"_links":{"self":[{"href":"https:\/\/www.customeeple.com\/es\/wp-json\/wp\/v2\/product\/69191","targetHints":{"allow":["GET"]}}],"collection":[{"href":"https:\/\/www.customeeple.com\/es\/wp-json\/wp\/v2\/product"}],"about":[{"href":"https:\/\/www.customeeple.com\/es\/wp-json\/wp\/v2\/types\/product"}],"wp:featuredmedia":[{"embeddable":true,"href":"https:\/\/www.customeeple.com\/es\/wp-json\/wp\/v2\/media\/69177"}],"wp:attachment":[{"href":"https:\/\/www.customeeple.com\/es\/wp-json\/wp\/v2\/media?parent=69191"}],"wp:term":[{"taxonomy":"product_brand","embeddable":true,"href":"https:\/\/www.customeeple.com\/es\/wp-json\/wp\/v2\/product_brand?post=69191"},{"taxonomy":"product_cat","embeddable":true,"href":"https:\/\/www.customeeple.com\/es\/wp-json\/wp\/v2\/product_cat?post=69191"},{"taxonomy":"product_tag","embeddable":true,"href":"https:\/\/www.customeeple.com\/es\/wp-json\/wp\/v2\/product_tag?post=69191"}],"curies":[{"name":"wp","href":"https:\/\/api.w.org\/{rel}","templated":true}]}}