{"id":69190,"date":"2023-07-19T19:50:37","date_gmt":"2023-07-19T18:50:37","guid":{"rendered":"https:\/\/www.customeeple.com\/product\/set-in-troductorio-warhammer-4ok\/"},"modified":"2023-07-19T19:50:37","modified_gmt":"2023-07-19T18:50:37","slug":"set-in-troductorio-warhammer-4ok","status":"publish","type":"product","link":"https:\/\/www.customeeple.com\/es\/producto\/set-in-troductorio-warhammer-4ok\/","title":{"rendered":"Set Introductorio Warhammer 40k (SPA)"},"content":{"rendered":"<p><em>En el despiadado universo del lejano futuro solo hay guerra<\/em><\/p>\n<p>En los dispersos mundos del Imperium de la Humanidad, en la galaxia asediada por tormentas disformes y conflicto sin fin, los ej\u00e9rcitos de la humanidad luchan por sobrevivir. El Imperium est\u00e1 al borde de la aniquilaci\u00f3n tras la aparici\u00f3n de las flotas colmena Tir\u00e1nidas procedentes del fr\u00edo vac\u00edo interestelar. Los Marines Espaciales son la \u00faltima l\u00ednea de defensa entre esta voraz amenaza alien\u00edgena y los atribulados mundos del reino imperial.<\/p>\n<p>Sum\u00e9rgete en el 41.\u00ba Milenio con la Caja de inicio definitiva de Warhammer 40,000, la cual te trae una experiencia introductoria completa con un mont\u00f3n de miniaturas, un campo de batalla sobre el que luchar, manuales de instrucciones y todos los dados que necesitas para jugar tus primeras partidas. Elige entre los superhumanos Marines Espaciales o los enjambres Tir\u00e1nidos, p\u00e1sale la vara de mando del otro ej\u00e9rcito a un colega o familiar y combate durante horas de apasionante entretenimiento. No hay mejor manera de dar tus primeros pasos en el fascinante mundo de Warhammer 40,000. Esta caja es adem\u00e1s tambi\u00e9n ideal para expandir tus colecciones ya existentes.<\/p>\n<p><strong>Esta caja contiene:<\/strong><\/p>\n<p>1\u00a0<em>Manual del Set introductorio de Warhammer 40,000<\/em>: libro de tapa blanda de 48 p\u00e1ginas que incluye manuales de instrucciones, tutoriales de reglas y misiones de entrenamiento para que aprendas a jugar sin obst\u00e1culos ni dificultades<\/p>\n<p>16 miniaturas Citadel de pl\u00e1stico de montaje a presi\u00f3n. Esta caja viene hasta los topes de miniaturas que montar y pintar y con las que jugar. Las miniaturas est\u00e1n dise\u00f1adas para montarse sin pegamento, por lo que podr\u00e1s ponerte manos a la obra sin complicaciones. Las miniaturas vienen todas con la peana correspondiente. La caja incluye:<\/p>\n<p>5 Marines Espaciales<br \/>\nSoldados gen\u00e9ticamente mejorados y creados para combatir. Sus mort\u00edferas habilidades se ven mejoradas con la armadura de energ\u00eda que amplifica su fuerza y resistencia, as\u00ed como armas brutales para aniquilar a todos los enemigos.<\/p>\n<p>&#8211; 5 Marines Infernus. Tropas acorazadas que blanden poderosas armas \u00edgneas capaces de repeler enjambres enemigos<\/p>\n<p>11 Tir\u00e1nidos<br \/>\nCriaturas alien\u00edgenas procedentes de una galaxia distante y dominadas por una conciencia compartida. Su \u00fanico deseo es consumir todas las formas de vida y transformar su biomasa en criaturas repugnantes.<\/p>\n<p>&#8211; 10 Termagantes: Hordas raudas de simples criaturas Tir\u00e1nidas equipadas con armas que disparan proyectiles vivientes<br \/>\n&#8211; 1 Enjambre Devorador: Peque\u00f1as bestias encargadas de rematar al enemigo debilitado y arrancarle toda la carne<\/p>\n<p>1 tapete de juego a doble cara de 30&#8243; x 22,4&#8243;. Un tapete de juego de papel con un campo de batalla distinto representado en cada cara.<\/p>\n<p>1 medidor de distancia y 6 dados de seis caras. Los accesorios esenciales para realizar acciones de movimiento, disparo y combate cerrado entre otros en tus partidas de Warhammer 40,000.<\/p>\n<p>1 tenazas Citadel. La herramienta perfecta para sacar las miniaturas de la matriz.<\/p>\n<p>1 pincel Starter Citadel Colour. Un vers\u00e1til pincel para principiantes que te ayudar\u00e1 a preparar a tus miniaturas para la batalla.<\/p>\n<p>5 botes de pintura Citadel Colour de 12 ml. Colores ideales para dejar a tus miniaturas listas para jugar en los colores de los Ultramarines y la Flota Colmena Leviat\u00e1n. Incluye:<br \/>\n&#8211; 1 Abaddon Black<br \/>\n&#8211; 1 Wraithbone<br \/>\n&#8211; 1 Balthasar Gold<br \/>\n&#8211; 1 Naggaroth Night<br \/>\n&#8211; 1 Macragge Blue<\/p>\n<p>Las miniaturas se proporcionan sin montar ni pintar. Recomendamos usar pinturas Citadel.<\/p>\n","protected":false},"excerpt":{"rendered":"<p>En el despiadado universo del lejano futuro solo hay guerra En los dispersos mundos del Imperium de la Humanidad, en la galaxia asediada por tormentas disformes y conflicto sin fin, los ej\u00e9rcitos de la humanidad luchan por sobrevivir. El Imperium est\u00e1 al borde de la aniquilaci\u00f3n tras la aparici\u00f3n de las flotas colmena Tir\u00e1nidas procedentes [&hellip;]<\/p>\n","protected":false},"featured_media":69181,"template":"","meta":{"_acf_changed":false},"product_brand":[],"product_cat":[1177,1180,1623,1229],"product_tag":[],"class_list":{"0":"post-69190","1":"product","2":"type-product","3":"status-publish","4":"has-post-thumbnail","6":"product_cat-games-workshop-es","7":"product_cat-retail-products-es","8":"product_cat-wargames-es-2","9":"product_cat-warhammer-40k-es","11":"first","12":"onbackorder","13":"sale","14":"taxable","15":"shipping-taxable","16":"purchasable","17":"product-type-simple"},"exclude_global_add_ons":[],"addons":[],"acf":[],"_links":{"self":[{"href":"https:\/\/www.customeeple.com\/es\/wp-json\/wp\/v2\/product\/69190","targetHints":{"allow":["GET"]}}],"collection":[{"href":"https:\/\/www.customeeple.com\/es\/wp-json\/wp\/v2\/product"}],"about":[{"href":"https:\/\/www.customeeple.com\/es\/wp-json\/wp\/v2\/types\/product"}],"wp:featuredmedia":[{"embeddable":true,"href":"https:\/\/www.customeeple.com\/es\/wp-json\/wp\/v2\/media\/69181"}],"wp:attachment":[{"href":"https:\/\/www.customeeple.com\/es\/wp-json\/wp\/v2\/media?parent=69190"}],"wp:term":[{"taxonomy":"product_brand","embeddable":true,"href":"https:\/\/www.customeeple.com\/es\/wp-json\/wp\/v2\/product_brand?post=69190"},{"taxonomy":"product_cat","embeddable":true,"href":"https:\/\/www.customeeple.com\/es\/wp-json\/wp\/v2\/product_cat?post=69190"},{"taxonomy":"product_tag","embeddable":true,"href":"https:\/\/www.customeeple.com\/es\/wp-json\/wp\/v2\/product_tag?post=69190"}],"curies":[{"name":"wp","href":"https:\/\/api.w.org\/{rel}","templated":true}]}}