{"id":69189,"date":"2023-07-19T19:50:48","date_gmt":"2023-07-19T18:50:48","guid":{"rendered":"https:\/\/www.customeeple.com\/product\/w40k-10th-paints-tools-set\/"},"modified":"2023-07-19T19:50:48","modified_gmt":"2023-07-19T18:50:48","slug":"w40k-10th-paints-tools-set","status":"publish","type":"product","link":"https:\/\/www.customeeple.com\/es\/producto\/w40k-10th-paints-tools-set\/","title":{"rendered":"Warhammer 40,000: set de pintura y herramientas"},"content":{"rendered":"<p>Montar y pintar miniaturas Citadel es una manera divertida y entretenida de disfrutar del hobby de Warhammer que adem\u00e1s es m\u00e1s gratificante cuanto m\u00e1s se practica. Para empezar, necesitar\u00e1s algunas de las herramientas y un juego de pinturas, y esta caja incluye los elementos imprescindibles con los que crear los fundamentos de tu caja de herramientas Warhammer.<\/p>\n<p>Empieza con las c\u00f3modas tenazas para extraer las miniaturas de la matriz, un quitarrebabas para prepararlas para el pintado y un pincel Starter que es del tama\u00f1o adecuado para empezar a pintar los b\u00e1sicos.<\/p>\n<p>Adem\u00e1s, encontrar\u00e1s 13 pinturas Citadel Colour distintas en botes de 12 ml, incluidos los colores esenciales para pintar tus primeras miniaturas, especialmente para pintar los Marines Espacial del cap\u00edtulo de Ultramarines y los Tir\u00e1nidos de la Flota Colmena Leviat\u00e1n. La caja incluye tambi\u00e9n pinturas Contrast y Shade para darle una profundidad adicional a tus esquemas crom\u00e1ticos y pinturas Technical para crear peanas con textura.<\/p>\n<p>&#8211; Abaddon Black (Base)<br \/>\n&#8211; Corax White (Base)<br \/>\n&#8211; Wraithbone (Base)<br \/>\n&#8211; Naggaroth Night (Base)<br \/>\n&#8211; Macragge Blue (Base)<br \/>\n&#8211; Leadbelcher (Base)<br \/>\n&#8211; Balthasar Gold (Base)<br \/>\n&#8211; Bugman&#8217;s Glow (Base)<br \/>\n&#8211; Mephiston Red (Base)<br \/>\n&#8211; Thunderhawk Blue (Layer)<br \/>\n&#8211; Magos Purple (Contrast)<br \/>\n&#8211; Agrax Earthshade (Shade)<br \/>\n&#8211; Armageddon Dust (Technical)<\/p>\n<p>La caja tambi\u00e9n incluye las siguientes herramientas:<\/p>\n<p>&#8211; Pincel Citadel Starter<br \/>\n&#8211; Tenazas Citadel Starter<br \/>\n&#8211; Quitarrebabas Citadel<\/p>\n","protected":false},"excerpt":{"rendered":"<p>Montar y pintar miniaturas Citadel es una manera divertida y entretenida de disfrutar del hobby de Warhammer que adem\u00e1s es m\u00e1s gratificante cuanto m\u00e1s se practica. Para empezar, necesitar\u00e1s algunas de las herramientas y un juego de pinturas, y esta caja incluye los elementos imprescindibles con los que crear los fundamentos de tu caja de [&hellip;]<\/p>\n","protected":false},"featured_media":69185,"template":"","meta":{"_acf_changed":false},"product_brand":[],"product_cat":[1177,1401,1180,1623,1229],"product_tag":[],"class_list":{"0":"post-69189","1":"product","2":"type-product","3":"status-publish","4":"has-post-thumbnail","6":"product_cat-games-workshop-es","7":"product_cat-pintura-y-modelismo","8":"product_cat-retail-products-es","9":"product_cat-wargames-es-2","10":"product_cat-warhammer-40k-es","12":"first","13":"instock","14":"sale","15":"taxable","16":"shipping-taxable","17":"purchasable","18":"product-type-simple"},"exclude_global_add_ons":[],"addons":[],"acf":[],"_links":{"self":[{"href":"https:\/\/www.customeeple.com\/es\/wp-json\/wp\/v2\/product\/69189","targetHints":{"allow":["GET"]}}],"collection":[{"href":"https:\/\/www.customeeple.com\/es\/wp-json\/wp\/v2\/product"}],"about":[{"href":"https:\/\/www.customeeple.com\/es\/wp-json\/wp\/v2\/types\/product"}],"wp:featuredmedia":[{"embeddable":true,"href":"https:\/\/www.customeeple.com\/es\/wp-json\/wp\/v2\/media\/69185"}],"wp:attachment":[{"href":"https:\/\/www.customeeple.com\/es\/wp-json\/wp\/v2\/media?parent=69189"}],"wp:term":[{"taxonomy":"product_brand","embeddable":true,"href":"https:\/\/www.customeeple.com\/es\/wp-json\/wp\/v2\/product_brand?post=69189"},{"taxonomy":"product_cat","embeddable":true,"href":"https:\/\/www.customeeple.com\/es\/wp-json\/wp\/v2\/product_cat?post=69189"},{"taxonomy":"product_tag","embeddable":true,"href":"https:\/\/www.customeeple.com\/es\/wp-json\/wp\/v2\/product_tag?post=69189"}],"curies":[{"name":"wp","href":"https:\/\/api.w.org\/{rel}","templated":true}]}}