{"id":69188,"date":"2023-07-19T19:50:58","date_gmt":"2023-07-19T18:50:58","guid":{"rendered":"https:\/\/www.customeeple.com\/product\/marines-infernus-paints\/"},"modified":"2023-07-19T19:50:58","modified_gmt":"2023-07-19T18:50:58","slug":"marines-infernus-paints","status":"publish","type":"product","link":"https:\/\/www.customeeple.com\/es\/producto\/marines-infernus-paints\/","title":{"rendered":"Infernus Space Marines+ Paints"},"content":{"rendered":"<p>Los Marines Infernus son especialistas en combate cerrado. Lanzan chorros de prometio ardiente contra las trincheras y b\u00fankeres enemigos con sus pirobl\u00e1sters, por lo que ning\u00fan enemigo puede huir de su abrasadora furia.<\/p>\n<p>Esta caja es la base ideal para empezar tu colecci\u00f3n de Marines Espaciales Primaris. Incluye tres Marines Infernus de pl\u00e1stico, cada uno con una pose distinta, as\u00ed como todas las pinturas que necesitas para prepararlos para la batalla y un pincel para empezar. Las miniaturas son de montaje a presi\u00f3n, por lo que no necesitar\u00e1s pegamento para montarlas, simplemente unas tenazas.<\/p>\n<p>Cada Marine Infernus viene armado con un pirobl\u00e1ster y una pistola b\u00f3lter enfundada, con una pose mirando de frente al enemigo. Su armadura incluye iconograf\u00eda del cap\u00edtulo de los Ultramarines y s\u00edmbolos de la escuadra en relieve, por lo que son f\u00e1ciles de pintar. Las miniaturas vienen tambi\u00e9n con la peana correspondiente.<\/p>\n<p>Las seis pinturas de Citadel Colour vienen en botes de 12 ml y traen los colores esenciales para pintar las miniaturas de Ultramarines as\u00ed como pinturas Technical para crear textura en las peanas:<\/p>\n<p>&#8211; Corax White (Base)<br \/>\n&#8211; Macragge Blue (Base)<br \/>\n&#8211; Balthasar Gold (Base)<br \/>\n&#8211; Abaddon Black (Base)<br \/>\n&#8211; Agrax Earthshade (Shade)<br \/>\n&#8211; Armageddon Dust (Technical)<\/p>\n<p>La caja tambi\u00e9n incluye un pincel Starter Citadel para que te pongas a pintar al momento.<\/p>\n","protected":false},"excerpt":{"rendered":"<p>Los Marines Infernus son especialistas en combate cerrado. Lanzan chorros de prometio ardiente contra las trincheras y b\u00fankeres enemigos con sus pirobl\u00e1sters, por lo que ning\u00fan enemigo puede huir de su abrasadora furia. Esta caja es la base ideal para empezar tu colecci\u00f3n de Marines Espaciales Primaris. Incluye tres Marines Infernus de pl\u00e1stico, cada uno [&hellip;]<\/p>\n","protected":false},"featured_media":69179,"template":"","meta":{"_acf_changed":false},"product_brand":[],"product_cat":[1177,1401,1180,1623,1229],"product_tag":[],"class_list":{"0":"post-69188","1":"product","2":"type-product","3":"status-publish","4":"has-post-thumbnail","6":"product_cat-games-workshop-es","7":"product_cat-pintura-y-modelismo","8":"product_cat-retail-products-es","9":"product_cat-wargames-es-2","10":"product_cat-warhammer-40k-es","12":"first","13":"instock","14":"sale","15":"taxable","16":"shipping-taxable","17":"purchasable","18":"product-type-simple"},"exclude_global_add_ons":[],"addons":[],"acf":[],"_links":{"self":[{"href":"https:\/\/www.customeeple.com\/es\/wp-json\/wp\/v2\/product\/69188","targetHints":{"allow":["GET"]}}],"collection":[{"href":"https:\/\/www.customeeple.com\/es\/wp-json\/wp\/v2\/product"}],"about":[{"href":"https:\/\/www.customeeple.com\/es\/wp-json\/wp\/v2\/types\/product"}],"wp:featuredmedia":[{"embeddable":true,"href":"https:\/\/www.customeeple.com\/es\/wp-json\/wp\/v2\/media\/69179"}],"wp:attachment":[{"href":"https:\/\/www.customeeple.com\/es\/wp-json\/wp\/v2\/media?parent=69188"}],"wp:term":[{"taxonomy":"product_brand","embeddable":true,"href":"https:\/\/www.customeeple.com\/es\/wp-json\/wp\/v2\/product_brand?post=69188"},{"taxonomy":"product_cat","embeddable":true,"href":"https:\/\/www.customeeple.com\/es\/wp-json\/wp\/v2\/product_cat?post=69188"},{"taxonomy":"product_tag","embeddable":true,"href":"https:\/\/www.customeeple.com\/es\/wp-json\/wp\/v2\/product_tag?post=69188"}],"curies":[{"name":"wp","href":"https:\/\/api.w.org\/{rel}","templated":true}]}}