{"id":69187,"date":"2023-07-19T19:51:07","date_gmt":"2023-07-19T18:51:07","guid":{"rendered":"https:\/\/www.customeeple.com\/product\/termagants-con-rippers-paints\/"},"modified":"2023-07-19T19:51:07","modified_gmt":"2023-07-19T18:51:07","slug":"termagants-con-rippers-paints","status":"publish","type":"product","link":"https:\/\/www.customeeple.com\/es\/producto\/termagants-con-rippers-paints\/","title":{"rendered":"Tir\u00e1nidos: Termagantes y Enjambre Devorador + pinturas"},"content":{"rendered":"<p>Los Termagantes son depredadores reptantes que atacan en enormes enjambres y disparan proyectiles vivientes con sus armas simbi\u00f3ticos. Los Enjambres Devoradores los acompa\u00f1an como una alfombra de dientes y carne que devora todo cuanto se encuentra a su paso.<\/p>\n<p>Esta caja es la base ideal para empezar tu colecci\u00f3n de Tir\u00e1nidos. Incluye tres Termagantes de pl\u00e1stico, cada uno con una pose distinta, as\u00ed como un Enjambre Devorador, todas las pinturas que necesitas para prepararlos para la batalla y un pincel para empezar. Las miniaturas son de montaje a presi\u00f3n, por lo que no necesitar\u00e1s pegamento para montarlas, simplemente unas tenazas.<\/p>\n<p>Cada Termagante viene armado con un perforacarne y, al igual que el Enjambre Devorador, est\u00e1 dotado de mort\u00edferos colmillos y garras. Las miniaturas se han dise\u00f1ado con una pose de acecho a la presa. Las miniaturas vienen tambi\u00e9n con la peana correspondiente.<\/p>\n<p>Las seis pinturas de Citadel Colour vienen en botes de 12 ml y traen los colores esenciales para pintar las miniaturas de la Flota Colmena Leviat\u00e1n, as\u00ed como pinturas Technical para crear textura en las peanas:<\/p>\n<p>&#8211; Corax White (Base)<br \/>\n&#8211; Wraithbone (Base)<br \/>\n&#8211; Naggaroth Night (Base)<br \/>\n&#8211; Thunderhawk Blue (Layer)<br \/>\n&#8211; Magos Purple (Contrast)<br \/>\n&#8211; Armageddon Dust (Technical)<\/p>\n<p>La caja tambi\u00e9n incluye un pincel Starter Citadel para que te pongas a pintar al momento.<\/p>\n","protected":false},"excerpt":{"rendered":"<p>Los Termagantes son depredadores reptantes que atacan en enormes enjambres y disparan proyectiles vivientes con sus armas simbi\u00f3ticos. Los Enjambres Devoradores los acompa\u00f1an como una alfombra de dientes y carne que devora todo cuanto se encuentra a su paso. Esta caja es la base ideal para empezar tu colecci\u00f3n de Tir\u00e1nidos. Incluye tres Termagantes de [&hellip;]<\/p>\n","protected":false},"featured_media":69183,"template":"","meta":{"_acf_changed":false},"product_brand":[],"product_cat":[1177,1401,1180,1623,1229],"product_tag":[],"class_list":{"0":"post-69187","1":"product","2":"type-product","3":"status-publish","4":"has-post-thumbnail","6":"product_cat-games-workshop-es","7":"product_cat-pintura-y-modelismo","8":"product_cat-retail-products-es","9":"product_cat-wargames-es-2","10":"product_cat-warhammer-40k-es","12":"first","13":"onbackorder","14":"sale","15":"taxable","16":"shipping-taxable","17":"purchasable","18":"product-type-simple"},"exclude_global_add_ons":[],"addons":[],"acf":[],"_links":{"self":[{"href":"https:\/\/www.customeeple.com\/es\/wp-json\/wp\/v2\/product\/69187","targetHints":{"allow":["GET"]}}],"collection":[{"href":"https:\/\/www.customeeple.com\/es\/wp-json\/wp\/v2\/product"}],"about":[{"href":"https:\/\/www.customeeple.com\/es\/wp-json\/wp\/v2\/types\/product"}],"wp:featuredmedia":[{"embeddable":true,"href":"https:\/\/www.customeeple.com\/es\/wp-json\/wp\/v2\/media\/69183"}],"wp:attachment":[{"href":"https:\/\/www.customeeple.com\/es\/wp-json\/wp\/v2\/media?parent=69187"}],"wp:term":[{"taxonomy":"product_brand","embeddable":true,"href":"https:\/\/www.customeeple.com\/es\/wp-json\/wp\/v2\/product_brand?post=69187"},{"taxonomy":"product_cat","embeddable":true,"href":"https:\/\/www.customeeple.com\/es\/wp-json\/wp\/v2\/product_cat?post=69187"},{"taxonomy":"product_tag","embeddable":true,"href":"https:\/\/www.customeeple.com\/es\/wp-json\/wp\/v2\/product_tag?post=69187"}],"curies":[{"name":"wp","href":"https:\/\/api.w.org\/{rel}","templated":true}]}}