{"id":69175,"date":"2023-07-10T13:52:05","date_gmt":"2023-07-10T12:52:05","guid":{"rendered":"https:\/\/www.customeeple.com\/product\/el-anillo-unico-2-ed-pantalla-compendio-de-rivendel-spa\/"},"modified":"2023-07-10T13:52:05","modified_gmt":"2023-07-10T12:52:05","slug":"el-anillo-unico-2-ed-pantalla-compendio-de-rivendel-spa","status":"publish","type":"product","link":"https:\/\/www.customeeple.com\/es\/producto\/el-anillo-unico-2-ed-pantalla-compendio-de-rivendel-spa\/","title":{"rendered":"EL ANILLO \u00daNICO 2\u00aa ED.: PANTALLA + COMPENDIO DE RIVENDEL (SPA)"},"content":{"rendered":"<p>Una pantalla de gran calidad para el Maestro del saber en formato apaisado para la segunda edici\u00f3n del juego de rol\u00a0<i>El Anillo \u00danico<\/i>, que incorpora una hermosa ilustraci\u00f3n en el exterior y un gran n\u00famero de tablas \u00fatiles e informaci\u00f3n importante en el interior, a la vez que mantiene los prop\u00f3sitos del Maestro del saber ocultos a los ojos de los jugadores curiosos.<\/p>\n<p>El\u00a0<i>Compendio de Rivendel\u00a0<\/i>contiene informaci\u00f3n sobre la \u00daltima Morada, incluyendo un mapa del valle y un plano de la propia casa. Se incluyen algunos de los habitantes de Rivendel, entre los que se encuentra Elrond, que puede utilizarse como nuevo mecenas. Por \u00faltimo, tambi\u00e9n se ofrecen nuevas reglas para la creaci\u00f3n de h\u00e9roes de los altos elfos.<\/p>\n","protected":false},"excerpt":{"rendered":"<p>Una pantalla de gran calidad para el Maestro del saber en formato apaisado para la segunda edici\u00f3n del juego de rol\u00a0El Anillo \u00danico, que incorpora una hermosa ilustraci\u00f3n en el exterior y un gran n\u00famero de tablas \u00fatiles e informaci\u00f3n importante en el interior, a la vez que mantiene los prop\u00f3sitos del Maestro del saber [&hellip;]<\/p>\n","protected":false},"featured_media":69173,"template":"","meta":{"_acf_changed":false},"product_brand":[],"product_cat":[1180,2103],"product_tag":[],"class_list":{"0":"post-69175","1":"product","2":"type-product","3":"status-publish","4":"has-post-thumbnail","6":"product_cat-retail-products-es","7":"product_cat-rol-es","9":"first","10":"onbackorder","11":"sale","12":"taxable","13":"shipping-taxable","14":"purchasable","15":"product-type-simple"},"exclude_global_add_ons":[],"addons":[],"acf":[],"_links":{"self":[{"href":"https:\/\/www.customeeple.com\/es\/wp-json\/wp\/v2\/product\/69175","targetHints":{"allow":["GET"]}}],"collection":[{"href":"https:\/\/www.customeeple.com\/es\/wp-json\/wp\/v2\/product"}],"about":[{"href":"https:\/\/www.customeeple.com\/es\/wp-json\/wp\/v2\/types\/product"}],"wp:featuredmedia":[{"embeddable":true,"href":"https:\/\/www.customeeple.com\/es\/wp-json\/wp\/v2\/media\/69173"}],"wp:attachment":[{"href":"https:\/\/www.customeeple.com\/es\/wp-json\/wp\/v2\/media?parent=69175"}],"wp:term":[{"taxonomy":"product_brand","embeddable":true,"href":"https:\/\/www.customeeple.com\/es\/wp-json\/wp\/v2\/product_brand?post=69175"},{"taxonomy":"product_cat","embeddable":true,"href":"https:\/\/www.customeeple.com\/es\/wp-json\/wp\/v2\/product_cat?post=69175"},{"taxonomy":"product_tag","embeddable":true,"href":"https:\/\/www.customeeple.com\/es\/wp-json\/wp\/v2\/product_tag?post=69175"}],"curies":[{"name":"wp","href":"https:\/\/api.w.org\/{rel}","templated":true}]}}