{"id":69174,"date":"2023-07-12T19:32:42","date_gmt":"2023-07-12T18:32:42","guid":{"rendered":"https:\/\/www.customeeple.com\/product\/blood-bowl-_old-world-alliance-team\/"},"modified":"2024-07-25T00:00:04","modified_gmt":"2024-07-24T23:00:04","slug":"blood-bowl-_old-world-alliance-team","status":"publish","type":"product","link":"https:\/\/www.customeeple.com\/es\/producto\/blood-bowl-_old-world-alliance-team\/","title":{"rendered":"Blood Bowl: Old world alliance Team"},"content":{"rendered":"<p>En todas las ligas de Blood Bowl hay equipos mixtos, que re\u00fanen en el campo a jugadores de distintas razas y culturas. Los equipos de Old World Alliance, como los Middenheim Maulers, proceden de grandes ciudades del Imperio, Estalia, Kislev y m\u00e1s all\u00e1. Estas bulliciosas calles est\u00e1n repletas de Humans, Dwarfs y Halflings cosmopolitas, listos para forjarse en equipos ganadores que son m\u00e1s que la suma de sus partes.<\/p>\n<p>Los equipos de Old World Alliance cuentan con una lista flexible de Humans, Dwarfs y Halflings. Cada uno de estos grupos aporta sus propios talentos innatos al terreno de juego: la flexibilidad human, la dureza dwarf y la&#8230; \u00bfgrasa resbaladiza de los halfling? \u00bfSabidur\u00eda culinaria? Si buscas cubrir debilidades cl\u00e1sicas, descubrir nuevas oportunidades t\u00e1cticas y enfrentarte a nuevos retos de cooperaci\u00f3n, Old World Alliance es para ti.<\/p>\n<p>Con este kit de pl\u00e1stico multicomponente puedes montar un equipo de Old World Alliance de 15 jugadores para partidas de Blood Bowl. Utilizando piezas de los equipos existentes de Humans, Dwarfs y Halflings, podr\u00e1s montar 3 Halfling Hopefuls, 3 Human Linemen, 1 Human Blitzer, 1 Human Thrower, 1 Human Catcher, 3 Dwarf Blockers, 1 Dwarf Runner, 1 Dwarf Blitzer, y 1 Dwarf Troll Slayer. Algunos de estos jugadores incluyen opciones de imagen como cabezas diferentes para ayudarte a personalizar tu propio equipo. La caja tambi\u00e9n incluye seis balones, dos monedas de Blood Bowl de doble cara y dos marcadores de turno (divididos a partes iguales entre dise\u00f1os de Dwarf y Human) y una hoja de calcoman\u00edas de Old World Alliance con logotipos, n\u00fameros y posiciones de los equipos.<\/p>\n<p>Este kit consta de 73 piezas de pl\u00e1stico y viene con 15 peanas Citadel redondas de 32 mm y una hoja de transferencias de Old World Alliance. Estas miniaturas se suministran sin pintar y requieren montaje. Recomendamos usar pegamento para pl\u00e1stico Citadel y pinturas Citadel.<\/p>\n<p>Las reglas para usar equipos de Old World Alliance en tus partidas de Blood Bowl se pueden encontrar en\u00a0<em>Blood Bowl &#8211; The Official Rules<\/em>.<\/p>\n","protected":false},"excerpt":{"rendered":"<p>En todas las ligas de Blood Bowl hay equipos mixtos, que re\u00fanen en el campo a jugadores de distintas razas y culturas. Los equipos de Old World Alliance, como los Middenheim Maulers, proceden de grandes ciudades del Imperio, Estalia, Kislev y m\u00e1s all\u00e1. Estas bulliciosas calles est\u00e1n repletas de Humans, Dwarfs y Halflings cosmopolitas, listos [&hellip;]<\/p>\n","protected":false},"featured_media":69171,"template":"","meta":{"_acf_changed":false},"product_brand":[],"product_cat":[1258,1177,1180,1623],"product_tag":[],"class_list":{"0":"post-69174","1":"product","2":"type-product","3":"status-publish","4":"has-post-thumbnail","6":"product_cat-blood-bowl-es","7":"product_cat-games-workshop-es","8":"product_cat-retail-products-es","9":"product_cat-wargames-es-2","11":"first","12":"onbackorder","13":"sale","14":"taxable","15":"shipping-taxable","16":"purchasable","17":"product-type-simple"},"exclude_global_add_ons":[],"addons":[],"acf":[],"_links":{"self":[{"href":"https:\/\/www.customeeple.com\/es\/wp-json\/wp\/v2\/product\/69174","targetHints":{"allow":["GET"]}}],"collection":[{"href":"https:\/\/www.customeeple.com\/es\/wp-json\/wp\/v2\/product"}],"about":[{"href":"https:\/\/www.customeeple.com\/es\/wp-json\/wp\/v2\/types\/product"}],"wp:featuredmedia":[{"embeddable":true,"href":"https:\/\/www.customeeple.com\/es\/wp-json\/wp\/v2\/media\/69171"}],"wp:attachment":[{"href":"https:\/\/www.customeeple.com\/es\/wp-json\/wp\/v2\/media?parent=69174"}],"wp:term":[{"taxonomy":"product_brand","embeddable":true,"href":"https:\/\/www.customeeple.com\/es\/wp-json\/wp\/v2\/product_brand?post=69174"},{"taxonomy":"product_cat","embeddable":true,"href":"https:\/\/www.customeeple.com\/es\/wp-json\/wp\/v2\/product_cat?post=69174"},{"taxonomy":"product_tag","embeddable":true,"href":"https:\/\/www.customeeple.com\/es\/wp-json\/wp\/v2\/product_tag?post=69174"}],"curies":[{"name":"wp","href":"https:\/\/api.w.org\/{rel}","templated":true}]}}