{"id":69167,"date":"2023-07-10T13:51:51","date_gmt":"2023-07-10T12:51:51","guid":{"rendered":"https:\/\/www.customeeple.com\/product\/middenheim-la-ciudad-del-lobo-blanco\/"},"modified":"2023-07-10T13:51:51","modified_gmt":"2023-07-10T12:51:51","slug":"middenheim-la-ciudad-del-lobo-blanco","status":"publish","type":"product","link":"https:\/\/www.customeeple.com\/es\/producto\/middenheim-la-ciudad-del-lobo-blanco\/","title":{"rendered":"Middenheim: La ciudad del Lobo Blanco (SPA)"},"content":{"rendered":"<p>Middenheim, famosa por su inexpugnabilidad y su ubicaci\u00f3n en la cima del poderoso Fauschlag, que fue golpeado por el pu\u00f1o de Ulric, impone su autoridad a todos los que se encuentran bajo su imponente presencia. Fue tallada en roca viva por la inigualable habilidad de los enanos, y es una impresionante ciudad fortaleza donde Ulric, el Dios de la Guerra, el Invierno y los Lobos, reina de forma suprema. La sagrada Llama Eterna arde pura y brillante en el coraz\u00f3n de una ciudad famosa en todo el Viejo Mundo, azotada por sectas oscuras, mercaderes competitivos y sediciosos intrigantes. En este lugar hay poco espacio para los h\u00e9roes y menos para los perdedores, pero tal vez unos oportunistas astutos con voluntad y agallas para hacerse con un pedacito de algo mejor podr\u00edan tener una oportunidad.<\/p>\n<p><i>Middenheim: La Ciudad del Lobo Blanco<\/i>\u00a0saca a los jugadores de la conocida Gran Provincia de Reikland y los sit\u00faa en el centro de la influencia y el poder de Ulric en el Viejo Mundo. Middenheim se encuentra en el coraz\u00f3n de la extensi\u00f3n norte del Imperio, y es el escenario perfecto para un sinf\u00edn de aventuras l\u00fagubres y peligrosas. Cada barrio de la extensa ciudad est\u00e1 cuidadosamente detallado, con localizaciones, ganchos argumentales y PNJs demasiado numerosos para enumerarlos. Un mapa bellamente ilustrado, provisto con las versiones del DJ y del jugador, muestra la ciudad con exquisito detalle.<\/p>\n<p><i>Middenheim: La Ciudad del Lobo Blanco<\/i>\u00a0destila lo mejor de las obras anteriores sobre la ciudad elegida de Ulric y lo combina con nuevas criaturas, PNJs, localizaciones y reglas con el fin de crear el libro de consulta definitivo para los grupos que deseen aventurarse en Middenheim y sus alrededores. Contiene reglas completas para crear PJs middenheimers, middenlandeses y nordlandeses, junto con una nueva carrera para los verdaderos devotos de Ulric.<\/p>\n","protected":false},"excerpt":{"rendered":"<p>Middenheim, famosa por su inexpugnabilidad y su ubicaci\u00f3n en la cima del poderoso Fauschlag, que fue golpeado por el pu\u00f1o de Ulric, impone su autoridad a todos los que se encuentran bajo su imponente presencia. Fue tallada en roca viva por la inigualable habilidad de los enanos, y es una impresionante ciudad fortaleza donde Ulric, [&hellip;]<\/p>\n","protected":false},"featured_media":69160,"template":"","meta":{"_acf_changed":false},"product_brand":[],"product_cat":[1180,2103],"product_tag":[],"class_list":{"0":"post-69167","1":"product","2":"type-product","3":"status-publish","4":"has-post-thumbnail","6":"product_cat-retail-products-es","7":"product_cat-rol-es","9":"first","10":"onbackorder","11":"sale","12":"taxable","13":"shipping-taxable","14":"purchasable","15":"product-type-simple"},"exclude_global_add_ons":[],"addons":[],"acf":[],"_links":{"self":[{"href":"https:\/\/www.customeeple.com\/es\/wp-json\/wp\/v2\/product\/69167","targetHints":{"allow":["GET"]}}],"collection":[{"href":"https:\/\/www.customeeple.com\/es\/wp-json\/wp\/v2\/product"}],"about":[{"href":"https:\/\/www.customeeple.com\/es\/wp-json\/wp\/v2\/types\/product"}],"wp:featuredmedia":[{"embeddable":true,"href":"https:\/\/www.customeeple.com\/es\/wp-json\/wp\/v2\/media\/69160"}],"wp:attachment":[{"href":"https:\/\/www.customeeple.com\/es\/wp-json\/wp\/v2\/media?parent=69167"}],"wp:term":[{"taxonomy":"product_brand","embeddable":true,"href":"https:\/\/www.customeeple.com\/es\/wp-json\/wp\/v2\/product_brand?post=69167"},{"taxonomy":"product_cat","embeddable":true,"href":"https:\/\/www.customeeple.com\/es\/wp-json\/wp\/v2\/product_cat?post=69167"},{"taxonomy":"product_tag","embeddable":true,"href":"https:\/\/www.customeeple.com\/es\/wp-json\/wp\/v2\/product_tag?post=69167"}],"curies":[{"name":"wp","href":"https:\/\/api.w.org\/{rel}","templated":true}]}}