{"id":69166,"date":"2023-07-08T19:50:57","date_gmt":"2023-07-08T18:50:57","guid":{"rendered":"https:\/\/www.customeeple.com\/product\/seraphon-agradon-lancers\/"},"modified":"2024-07-12T00:00:03","modified_gmt":"2024-07-11T23:00:03","slug":"seraphon-agradon-lancers","status":"publish","type":"product","link":"https:\/\/www.customeeple.com\/es\/producto\/seraphon-agradon-lancers\/","title":{"rendered":"Seraphon: Lanceros en Agrad\u00f3n"},"content":{"rendered":"<p>Los Lanceros de Agrad\u00f3n es una de las caballer\u00edas m\u00e1s agresivas de los Reinos Mortales, ya que sus temibles corceles escamosos solo se vuelven m\u00e1s r\u00e1pidos y voraces a medida que el frenes\u00ed de la batalla se apodera de sus sentidos. Una carga de Lanceros en Agrad\u00f3n puede colapsar l\u00edneas de batalla enteras en una tormenta de violencia depredadora, donde jinetes y monturas arremeten con una fuerza y ferocidad salvajes.<\/p>\n<p>Con este kit de pl\u00e1stico multicomponente puedes montar tres Lanceros en Agrad\u00f3n: una formidable y sanguinaria caballer\u00eda de los Serafones. Todos los Jinetes Saurios pueden estar armados con un garrote de celestita con p\u00faas o una lanza de celestita perforante, y cada uno viene con dos collares blindados para que elijas las poses. Puedes montar una miniatura como Campe\u00f3n Alfa, con una selecci\u00f3n de cabezas y armas \u00fanicas, poses de brazos alternativas y un escudo \u00fanico, uno como M\u00fasico de Tambor de guerra y otro como un imponente Portaiconos.<\/p>\n<p>El kit ofrece un gran n\u00famero de opciones de personalizaci\u00f3n: seis cabezas y tres escudos que se pueden usar con cualquiera de los jinetes, as\u00ed como colas intercambiables, placas de armadura y adornos de plumas para los Agradones, lo que te permite crear una lista variada de jinetes y corceles reptilianos.<\/p>\n<p>Este kit consta de 95 componentes de pl\u00e1stico y viene con tres peanas ovaladas Citadel de 75&#215;42 mm. Estas miniaturas requieren montaje y pintado. Recomendamos utilizar pegamento para pl\u00e1stico Citadel y pinturas Citadel Colour.<\/p>\n","protected":false},"excerpt":{"rendered":"<p>Los Lanceros de Agrad\u00f3n es una de las caballer\u00edas m\u00e1s agresivas de los Reinos Mortales, ya que sus temibles corceles escamosos solo se vuelven m\u00e1s r\u00e1pidos y voraces a medida que el frenes\u00ed de la batalla se apodera de sus sentidos. Una carga de Lanceros en Agrad\u00f3n puede colapsar l\u00edneas de batalla enteras en una [&hellip;]<\/p>\n","protected":false},"featured_media":69165,"template":"","meta":{"_acf_changed":false},"product_brand":[],"product_cat":[1177,1180,1623,1654],"product_tag":[],"class_list":{"0":"post-69166","1":"product","2":"type-product","3":"status-publish","4":"has-post-thumbnail","6":"product_cat-games-workshop-es","7":"product_cat-retail-products-es","8":"product_cat-wargames-es-2","9":"product_cat-warhammer-age-of-sigmar-es-2","11":"first","12":"instock","13":"sale","14":"taxable","15":"shipping-taxable","16":"purchasable","17":"product-type-simple"},"exclude_global_add_ons":[],"addons":[],"acf":[],"_links":{"self":[{"href":"https:\/\/www.customeeple.com\/es\/wp-json\/wp\/v2\/product\/69166","targetHints":{"allow":["GET"]}}],"collection":[{"href":"https:\/\/www.customeeple.com\/es\/wp-json\/wp\/v2\/product"}],"about":[{"href":"https:\/\/www.customeeple.com\/es\/wp-json\/wp\/v2\/types\/product"}],"wp:featuredmedia":[{"embeddable":true,"href":"https:\/\/www.customeeple.com\/es\/wp-json\/wp\/v2\/media\/69165"}],"wp:attachment":[{"href":"https:\/\/www.customeeple.com\/es\/wp-json\/wp\/v2\/media?parent=69166"}],"wp:term":[{"taxonomy":"product_brand","embeddable":true,"href":"https:\/\/www.customeeple.com\/es\/wp-json\/wp\/v2\/product_brand?post=69166"},{"taxonomy":"product_cat","embeddable":true,"href":"https:\/\/www.customeeple.com\/es\/wp-json\/wp\/v2\/product_cat?post=69166"},{"taxonomy":"product_tag","embeddable":true,"href":"https:\/\/www.customeeple.com\/es\/wp-json\/wp\/v2\/product_tag?post=69166"}],"curies":[{"name":"wp","href":"https:\/\/api.w.org\/{rel}","templated":true}]}}