{"id":69163,"date":"2023-07-05T20:08:56","date_gmt":"2023-07-05T19:08:56","guid":{"rendered":"https:\/\/www.customeeple.com\/product\/sws-you-cannot-run-duel-pack\/"},"modified":"2023-07-05T20:08:56","modified_gmt":"2023-07-05T19:08:56","slug":"sws-you-cannot-run-duel-pack","status":"publish","type":"product","link":"https:\/\/www.customeeple.com\/es\/producto\/sws-you-cannot-run-duel-pack\/","title":{"rendered":"SWS: YOU CANNOT RUN DUEL PACK"},"content":{"rendered":"<p data-pm-slice=\"1 1 []\">No hay rivalidad m\u00e1s amarga que la existente entre el maestro jedi Obi-Wan Kenobi y Darth Vader, el agente y aprendiz m\u00e1s terror\u00edfico del emperador. Sus duelos han decidido el curso de la historia. Enemigos ac\u00e9rrimos, cada uno conoce todas las fortalezas y debilidades del otro. Darth Vader fue una vez Anakin Skywalker, el impetuoso padawan de Obi-Wan de quien se profetizaba que traer\u00eda el equilibrio a la Fuerza. Sus horribles desfiguraciones fueron consecuencia directa de un duelo entre ambos que culmin\u00f3 con Anakin sufriendo horrendas heridas a orillas de un r\u00edo de lava de Mustafar. El odio que Vader siente hacia Obi-Wan s\u00f3lo es superado por la pena y los remordimientos que el jedi siente por la p\u00e9rdida de su amigo. Decidido a enmendar sus propios errores, Obi-Wan ha aceptado que su amigo Anakin est\u00e1 verdaderamente muerto, viendo a Darth Vader tanto como el asesino de Anakin como el verdugo de muchos otros prometedores j\u00f3venes jedis&#8230;<\/p>\n<p><strong>CONTENIDO<\/strong><br \/>\n2 miniaturas, 1 elemento de terreno esc\u00e9nico, 2 peanas, 1 hoja informativa, 2 cartas de Postura de unidad, 2 cartas de Orden de unidad, 2 cartas de Perfil de unidad.<\/p>\n","protected":false},"excerpt":{"rendered":"<p>No hay rivalidad m\u00e1s amarga que la existente entre el maestro jedi Obi-Wan Kenobi y Darth Vader, el agente y aprendiz m\u00e1s terror\u00edfico del emperador. Sus duelos han decidido el curso de la historia. Enemigos ac\u00e9rrimos, cada uno conoce todas las fortalezas y debilidades del otro. Darth Vader fue una vez Anakin Skywalker, el impetuoso [&hellip;]<\/p>\n","protected":false},"featured_media":69154,"template":"","meta":{"_acf_changed":false},"product_brand":[],"product_cat":[1180,2139,2134,1623],"product_tag":[],"class_list":{"0":"post-69163","1":"product","2":"type-product","3":"status-publish","4":"has-post-thumbnail","6":"product_cat-retail-products-es","7":"product_cat-star-wars","8":"product_cat-sws","9":"product_cat-wargames-es-2","11":"first","12":"onbackorder","13":"sale","14":"taxable","15":"shipping-taxable","16":"purchasable","17":"product-type-simple"},"exclude_global_add_ons":[],"addons":[],"acf":[],"_links":{"self":[{"href":"https:\/\/www.customeeple.com\/es\/wp-json\/wp\/v2\/product\/69163","targetHints":{"allow":["GET"]}}],"collection":[{"href":"https:\/\/www.customeeple.com\/es\/wp-json\/wp\/v2\/product"}],"about":[{"href":"https:\/\/www.customeeple.com\/es\/wp-json\/wp\/v2\/types\/product"}],"wp:featuredmedia":[{"embeddable":true,"href":"https:\/\/www.customeeple.com\/es\/wp-json\/wp\/v2\/media\/69154"}],"wp:attachment":[{"href":"https:\/\/www.customeeple.com\/es\/wp-json\/wp\/v2\/media?parent=69163"}],"wp:term":[{"taxonomy":"product_brand","embeddable":true,"href":"https:\/\/www.customeeple.com\/es\/wp-json\/wp\/v2\/product_brand?post=69163"},{"taxonomy":"product_cat","embeddable":true,"href":"https:\/\/www.customeeple.com\/es\/wp-json\/wp\/v2\/product_cat?post=69163"},{"taxonomy":"product_tag","embeddable":true,"href":"https:\/\/www.customeeple.com\/es\/wp-json\/wp\/v2\/product_tag?post=69163"}],"curies":[{"name":"wp","href":"https:\/\/api.w.org\/{rel}","templated":true}]}}