{"id":69145,"date":"2023-07-05T20:08:19","date_gmt":"2023-07-05T19:08:19","guid":{"rendered":"https:\/\/www.customeeple.com\/product\/endeavor-micro-expansion-dominio-y-controla-tu-destino-spa\/"},"modified":"2023-07-05T20:08:19","modified_gmt":"2023-07-05T19:08:19","slug":"endeavor-micro-expansion-dominio-y-controla-tu-destino-spa","status":"publish","type":"product","link":"https:\/\/www.customeeple.com\/es\/producto\/endeavor-micro-expansion-dominio-y-controla-tu-destino-spa\/","title":{"rendered":"ENDEAVOR: MICRO-EXPANSI\u00d3N DOMINIO Y CONTROLA TU DESTINO (SPA)"},"content":{"rendered":"<p><b>Endeavor: Micro-Expansi\u00f3n Dominio<\/b><\/p>\n<p>El control total de una regi\u00f3n puede obtener incre\u00edbles recompensas. Con un esfuerzo centrado, ahora podras profundizar m\u00e1s que nunca en la historia de las 6 regiones. Estas seis cartas de nivel 6 funcionar\u00e1n con La Era de la Expansi\u00f3n o Era de la Navegaci\u00f3n. \u00a1Cada una proporciona un impresionante aumento de estad\u00edsticas y un beneficio \u00fanico que podr\u00eda llevarte a la victoria!<\/p>\n<p><strong>Endeavor: Micro-Expansi\u00f3n Controla tu Destino<\/strong><\/p>\n<p>La miniexpansi\u00f3n Controla tu destino a\u00f1ade naciones hist\u00f3ricas a Endeavor. Las naciones otorgan a cada jugador una posici\u00f3n inicial asim\u00e9trica, una secuencia \u00fanica de habilidades y la oportunidad de construir un monumento. Tambi\u00e9n incluye las cartas de destino. Si juegas inteligentemente, tu estrategia te permitir\u00e1 obtener muchos puntos adicionales. \u00bfCrees que eres lo suficientemente audaz como para controlar tu destino?<\/p>\n<p>Controla tu destino puede usarse tanto con La era de la Navegaci\u00f3n como con La era de la Expansi\u00f3n. Los jugadores necesitar\u00e1n estar familiarizados con algunos de los siguientes conceptos a\u00f1adidos en La era de la Expansi\u00f3n, como Movilidad y Fortificar.<\/p>\n<p><a class=\"btn btn-default\" href=\"https:\/\/boardgamegeek.com\/boardgame\/279387\/endeavor-age-expansion\" target=\"_blank\" rel=\"noreferrer noopener\">Enlace a la BGG<\/a><\/p>\n","protected":false},"excerpt":{"rendered":"<p>Endeavor: Micro-Expansi\u00f3n Dominio El control total de una regi\u00f3n puede obtener incre\u00edbles recompensas. Con un esfuerzo centrado, ahora podras profundizar m\u00e1s que nunca en la historia de las 6 regiones. Estas seis cartas de nivel 6 funcionar\u00e1n con La Era de la Expansi\u00f3n o Era de la Navegaci\u00f3n. \u00a1Cada una proporciona un impresionante aumento de [&hellip;]<\/p>\n","protected":false},"featured_media":69140,"template":"","meta":{"_acf_changed":false},"product_brand":[],"product_cat":[1653,1180],"product_tag":[],"class_list":{"0":"post-69145","1":"product","2":"type-product","3":"status-publish","4":"has-post-thumbnail","6":"product_cat-boardgames","7":"product_cat-retail-products-es","9":"first","10":"instock","11":"sale","12":"taxable","13":"shipping-taxable","14":"purchasable","15":"product-type-simple"},"exclude_global_add_ons":[],"addons":[],"acf":[],"_links":{"self":[{"href":"https:\/\/www.customeeple.com\/es\/wp-json\/wp\/v2\/product\/69145","targetHints":{"allow":["GET"]}}],"collection":[{"href":"https:\/\/www.customeeple.com\/es\/wp-json\/wp\/v2\/product"}],"about":[{"href":"https:\/\/www.customeeple.com\/es\/wp-json\/wp\/v2\/types\/product"}],"wp:featuredmedia":[{"embeddable":true,"href":"https:\/\/www.customeeple.com\/es\/wp-json\/wp\/v2\/media\/69140"}],"wp:attachment":[{"href":"https:\/\/www.customeeple.com\/es\/wp-json\/wp\/v2\/media?parent=69145"}],"wp:term":[{"taxonomy":"product_brand","embeddable":true,"href":"https:\/\/www.customeeple.com\/es\/wp-json\/wp\/v2\/product_brand?post=69145"},{"taxonomy":"product_cat","embeddable":true,"href":"https:\/\/www.customeeple.com\/es\/wp-json\/wp\/v2\/product_cat?post=69145"},{"taxonomy":"product_tag","embeddable":true,"href":"https:\/\/www.customeeple.com\/es\/wp-json\/wp\/v2\/product_tag?post=69145"}],"curies":[{"name":"wp","href":"https:\/\/api.w.org\/{rel}","templated":true}]}}