{"id":69107,"date":"2023-07-05T19:57:06","date_gmt":"2023-07-05T18:57:06","guid":{"rendered":"https:\/\/www.customeeple.com\/product\/thousand-sons-tzaangors\/"},"modified":"2023-07-05T19:57:06","modified_gmt":"2023-07-05T18:57:06","slug":"thousand-sons-tzaangors","status":"publish","type":"product","link":"https:\/\/www.customeeple.com\/es\/producto\/thousand-sons-tzaangors\/","title":{"rendered":"Tzaangors"},"content":{"rendered":"<p>Los Tzaangors son salvajes hombres bestia aviares, transmutados por el poder de Tzeentch de seguidores y enemigos por igual. Estos mutantes son antinaturalmente sensibles a los presagios y al poder arcano, y persiguen los vientos del destino mientras blanden espadas encantadas con una habilidad despiadada y una energ\u00eda lun\u00e1tica.<\/p>\n<p>Con este kit de pl\u00e1stico multicomponente puedes montar 10 Tzaangors, mutantes con cabeza de p\u00e1jaro que han jurado fidelidad a Tzeentch. Cada una de estas miniaturas puede armarse con un escudo arcanita y una espada salvaje, o con un par de espadas salvajes similares a hachas. Tambi\u00e9n encontrar\u00e1s piezas para construir un campe\u00f3n Bramutador, un m\u00fasico con un Cuerno de la manada y un portador del icono, as\u00ed como dos mutantes Tzaangor especialmente deformes y dos Tzaangor armados con grandes espadas salvajes.<\/p>\n<p>Este kit ofrece una gran cantidad de posibilidades de personalizaci\u00f3n, con dos conjuntos de 12 dise\u00f1os de cabeza diferentes que pueden combinarse con ocho dise\u00f1os de cuernos distintos, as\u00ed como dos conjuntos de cinco dise\u00f1os diferentes de espaldas con melena, piernas deformes y torsos acorazados para mezclar y combinar, y dos conjuntos de seis dise\u00f1os distintos de espada, escudo y pares de espadas que puedes combinar como mejor te parezca.<\/p>\n<p>Este kit consta de 142 piezas de pl\u00e1stico y viene con 10 peanas Citadel redondas de 32 mm. Estas miniaturas se suministran sin pintar y requieren montaje. Recomendamos usar pegamento \u00e0ra pl\u00e1stico Citadel y pinturas Citadel.<\/p>\n<p>Estas miniaturas tambi\u00e9n pueden usarse para ej\u00e9rcitos de Mil Hijos en partidas de Warhammer 40,000. Son compatibles con el Pack de Mejoras para Tzaangor, que est\u00e1 disponible por separado y proporciona espadas sierra y pistolas autom\u00e1ticas como opciones de armas.<\/p>\n","protected":false},"excerpt":{"rendered":"<p>Los Tzaangors son salvajes hombres bestia aviares, transmutados por el poder de Tzeentch de seguidores y enemigos por igual. Estos mutantes son antinaturalmente sensibles a los presagios y al poder arcano, y persiguen los vientos del destino mientras blanden espadas encantadas con una habilidad despiadada y una energ\u00eda lun\u00e1tica. Con este kit de pl\u00e1stico multicomponente [&hellip;]<\/p>\n","protected":false},"featured_media":69106,"template":"","meta":{"_acf_changed":false},"product_brand":[],"product_cat":[1177,1180,1623,1229,1654],"product_tag":[],"class_list":{"0":"post-69107","1":"product","2":"type-product","3":"status-publish","4":"has-post-thumbnail","6":"product_cat-games-workshop-es","7":"product_cat-retail-products-es","8":"product_cat-wargames-es-2","9":"product_cat-warhammer-40k-es","10":"product_cat-warhammer-age-of-sigmar-es-2","12":"first","13":"onbackorder","14":"sale","15":"taxable","16":"shipping-taxable","17":"purchasable","18":"product-type-simple"},"exclude_global_add_ons":[],"addons":[],"acf":[],"_links":{"self":[{"href":"https:\/\/www.customeeple.com\/es\/wp-json\/wp\/v2\/product\/69107","targetHints":{"allow":["GET"]}}],"collection":[{"href":"https:\/\/www.customeeple.com\/es\/wp-json\/wp\/v2\/product"}],"about":[{"href":"https:\/\/www.customeeple.com\/es\/wp-json\/wp\/v2\/types\/product"}],"wp:featuredmedia":[{"embeddable":true,"href":"https:\/\/www.customeeple.com\/es\/wp-json\/wp\/v2\/media\/69106"}],"wp:attachment":[{"href":"https:\/\/www.customeeple.com\/es\/wp-json\/wp\/v2\/media?parent=69107"}],"wp:term":[{"taxonomy":"product_brand","embeddable":true,"href":"https:\/\/www.customeeple.com\/es\/wp-json\/wp\/v2\/product_brand?post=69107"},{"taxonomy":"product_cat","embeddable":true,"href":"https:\/\/www.customeeple.com\/es\/wp-json\/wp\/v2\/product_cat?post=69107"},{"taxonomy":"product_tag","embeddable":true,"href":"https:\/\/www.customeeple.com\/es\/wp-json\/wp\/v2\/product_tag?post=69107"}],"curies":[{"name":"wp","href":"https:\/\/api.w.org\/{rel}","templated":true}]}}